{"id":6,"date":"2024-01-08T00:53:55","date_gmt":"2024-01-07T23:53:55","guid":{"rendered":"https:\/\/miel-le-goupil.fr\/index.php\/shop\/"},"modified":"2025-04-08T12:20:35","modified_gmt":"2025-04-08T10:20:35","slug":"shop","status":"publish","type":"page","link":"https:\/\/miel-le-goupil.fr\/index.php\/shop\/","title":{"rendered":"Boutique"},"content":{"rendered":"\n<p><\/p>\n","protected":false},"excerpt":{"rendered":"","protected":false},"author":1,"featured_media":0,"parent":0,"menu_order":0,"comment_status":"closed","ping_status":"closed","template":"","meta":{"ocean_post_layout":"","ocean_both_sidebars_style":"","ocean_both_sidebars_content_width":0,"ocean_both_sidebars_sidebars_width":0,"ocean_sidebar":"","ocean_second_sidebar":"","ocean_disable_margins":"on","ocean_add_body_class":"","ocean_shortcode_before_top_bar":"","ocean_shortcode_after_top_bar":"","ocean_shortcode_before_header":"","ocean_shortcode_after_header":"","ocean_has_shortcode":"","ocean_shortcode_after_title":"","ocean_shortcode_before_footer_widgets":"","ocean_shortcode_after_footer_widgets":"","ocean_shortcode_before_footer_bottom":"","ocean_shortcode_after_footer_bottom":"","ocean_display_top_bar":"off","ocean_display_header":"on","ocean_header_style":"top","ocean_center_header_left_menu":"","ocean_custom_header_template":"","ocean_custom_logo":45,"ocean_custom_retina_logo":0,"ocean_custom_logo_max_width":0,"ocean_custom_logo_tablet_max_width":0,"ocean_custom_logo_mobile_max_width":0,"ocean_custom_logo_max_height":0,"ocean_custom_logo_tablet_max_height":0,"ocean_custom_logo_mobile_max_height":0,"ocean_header_custom_menu":"","ocean_menu_typo_font_family":"","ocean_menu_typo_font_subset":"","ocean_menu_typo_font_size":0,"ocean_menu_typo_font_size_tablet":0,"ocean_menu_typo_font_size_mobile":0,"ocean_menu_typo_font_size_unit":"px","ocean_menu_typo_font_weight":"","ocean_menu_typo_font_weight_tablet":"","ocean_menu_typo_font_weight_mobile":"","ocean_menu_typo_transform":"","ocean_menu_typo_transform_tablet":"","ocean_menu_typo_transform_mobile":"","ocean_menu_typo_line_height":0,"ocean_menu_typo_line_height_tablet":0,"ocean_menu_typo_line_height_mobile":0,"ocean_menu_typo_line_height_unit":"","ocean_menu_typo_spacing":0,"ocean_menu_typo_spacing_tablet":0,"ocean_menu_typo_spacing_mobile":0,"ocean_menu_typo_spacing_unit":"","ocean_menu_link_color":"#ff9a01","ocean_menu_link_color_hover":"","ocean_menu_link_color_active":"","ocean_menu_link_background":"","ocean_menu_link_hover_background":"","ocean_menu_link_active_background":"","ocean_menu_social_links_bg":"","ocean_menu_social_hover_links_bg":"","ocean_menu_social_links_color":"","ocean_menu_social_hover_links_color":"","ocean_disable_title":"enable","ocean_disable_heading":"enable","ocean_post_title":"","ocean_post_subheading":"C'est ici que vous pouvez parcourir l'ensemble des produits.","ocean_post_title_style":"","ocean_post_title_background_color":"","ocean_post_title_background":0,"ocean_post_title_bg_image_position":"","ocean_post_title_bg_image_attachment":"","ocean_post_title_bg_image_repeat":"","ocean_post_title_bg_image_size":"","ocean_post_title_height":0,"ocean_post_title_bg_overlay":0.5,"ocean_post_title_bg_overlay_color":"","ocean_disable_breadcrumbs":"default","ocean_breadcrumbs_color":"","ocean_breadcrumbs_separator_color":"","ocean_breadcrumbs_links_color":"","ocean_breadcrumbs_links_hover_color":"","ocean_display_footer_widgets":"off","ocean_display_footer_bottom":"on","ocean_custom_footer_template":"","jetpack_post_was_ever_published":false,"footnotes":""},"class_list":["post-6","page","type-page","status-publish","hentry","entry","owp-thumbs-layout-horizontal","owp-btn-normal","owp-tabs-layout-section","has-no-thumbnails","has-product-nav"],"yoast_head":"<!-- This site is optimized with the Yoast SEO Premium plugin v26.5 (Yoast SEO v27.5) - https:\/\/yoast.com\/product\/yoast-seo-premium-wordpress\/ -->\n<title>Boutique - Miel Le Goupil<\/title>\n<meta name=\"robots\" content=\"index, follow, max-snippet:-1, max-image-preview:large, max-video-preview:-1\" \/>\n<link rel=\"canonical\" href=\"https:\/\/miel-le-goupil.fr\/index.php\/shop\/\" \/>\n<meta property=\"og:locale\" content=\"fr_FR\" \/>\n<meta property=\"og:type\" content=\"article\" \/>\n<meta property=\"og:title\" content=\"Boutique\" \/>\n<meta property=\"og:url\" content=\"https:\/\/miel-le-goupil.fr\/index.php\/shop\/\" \/>\n<meta property=\"og:site_name\" content=\"Miel Le Goupil\" \/>\n<meta property=\"article:publisher\" content=\"https:\/\/www.facebook.com\/profile.php?id=100085690041392\" \/>\n<meta property=\"article:modified_time\" content=\"2025-04-08T10:20:35+00:00\" \/>\n<meta property=\"og:image\" content=\"https:\/\/i0.wp.com\/miel-le-goupil.fr\/wp-content\/uploads\/2024\/01\/logo.png?fit=781%2C845&ssl=1\" \/>\n\t<meta property=\"og:image:width\" content=\"781\" \/>\n\t<meta property=\"og:image:height\" content=\"845\" \/>\n\t<meta property=\"og:image:type\" content=\"image\/png\" \/>\n<meta name=\"twitter:card\" content=\"summary_large_image\" \/>\n<script type=\"application\/ld+json\" class=\"yoast-schema-graph\">{\"@context\":\"https:\\\/\\\/schema.org\",\"@graph\":[{\"@type\":\"WebPage\",\"@id\":\"https:\\\/\\\/miel-le-goupil.fr\\\/index.php\\\/shop\\\/\",\"url\":\"https:\\\/\\\/miel-le-goupil.fr\\\/index.php\\\/shop\\\/\",\"name\":\"Boutique - Miel Le Goupil\",\"isPartOf\":{\"@id\":\"https:\\\/\\\/miel-le-goupil.fr\\\/#website\"},\"datePublished\":\"2024-01-07T23:53:55+00:00\",\"dateModified\":\"2025-04-08T10:20:35+00:00\",\"breadcrumb\":{\"@id\":\"https:\\\/\\\/miel-le-goupil.fr\\\/index.php\\\/shop\\\/#breadcrumb\"},\"inLanguage\":\"fr-FR\",\"potentialAction\":[{\"@type\":\"ReadAction\",\"target\":[\"https:\\\/\\\/miel-le-goupil.fr\\\/index.php\\\/shop\\\/\"]}]},{\"@type\":\"BreadcrumbList\",\"@id\":\"https:\\\/\\\/miel-le-goupil.fr\\\/index.php\\\/shop\\\/#breadcrumb\",\"itemListElement\":[{\"@type\":\"ListItem\",\"position\":1,\"name\":\"Accueil\",\"item\":\"https:\\\/\\\/miel-le-goupil.fr\\\/\"},{\"@type\":\"ListItem\",\"position\":2,\"name\":\"Boutique\"}]},{\"@type\":\"WebSite\",\"@id\":\"https:\\\/\\\/miel-le-goupil.fr\\\/#website\",\"url\":\"https:\\\/\\\/miel-le-goupil.fr\\\/\",\"name\":\"Miel-Le-Goupil\",\"description\":\"Vente de miels le Goupil - producteur r\u00e9coltant\",\"publisher\":{\"@id\":\"https:\\\/\\\/miel-le-goupil.fr\\\/#organization\"},\"alternateName\":\"Miel Le Goupil\",\"potentialAction\":[{\"@type\":\"SearchAction\",\"target\":{\"@type\":\"EntryPoint\",\"urlTemplate\":\"https:\\\/\\\/miel-le-goupil.fr\\\/?s={search_term_string}\"},\"query-input\":{\"@type\":\"PropertyValueSpecification\",\"valueRequired\":true,\"valueName\":\"search_term_string\"}}],\"inLanguage\":\"fr-FR\"},{\"@type\":[\"Organization\",\"Place\"],\"@id\":\"https:\\\/\\\/miel-le-goupil.fr\\\/#organization\",\"name\":\"Miel Le Goupil\",\"alternateName\":\"Monsieur\",\"url\":\"https:\\\/\\\/miel-le-goupil.fr\\\/\",\"logo\":{\"@id\":\"https:\\\/\\\/miel-le-goupil.fr\\\/index.php\\\/shop\\\/#local-main-organization-logo\"},\"image\":{\"@id\":\"https:\\\/\\\/miel-le-goupil.fr\\\/index.php\\\/shop\\\/#local-main-organization-logo\"},\"sameAs\":[\"https:\\\/\\\/www.facebook.com\\\/profile.php?id=100085690041392\"],\"description\":\"Apiculteur produisant et r\u00e9coltant du miel, mais \u00e9galement du pollen. Le site Miel-Le-Goupil est une boutique en ligne proposant des produits en lien avec l'apiculture.\",\"legalName\":\"miel le goupil\",\"foundingDate\":\"2024-01-01\",\"publishingPrinciples\":\"https:\\\/\\\/miel-le-goupil.fr\\\/index.php\\\/politique-de-confidentialite\\\/\",\"actionableFeedbackPolicy\":\"https:\\\/\\\/miel-le-goupil.fr\\\/index.php\\\/refund_returns\\\/\",\"hasMerchantReturnPolicy\":{\"@type\":\"MerchantReturnPolicy\",\"merchantReturnLink\":\"https:\\\/\\\/miel-le-goupil.fr\\\/index.php\\\/refund_returns\\\/\"},\"address\":{\"@id\":\"https:\\\/\\\/miel-le-goupil.fr\\\/index.php\\\/shop\\\/#local-main-place-address\"},\"geo\":{\"@type\":\"GeoCoordinates\",\"latitude\":\"50.35013876685057\",\"longitude\":\"2.66141816347962\"},\"telephone\":[],\"contactPoint\":{\"@type\":\"ContactPoint\",\"telephone\":\"0631607332\",\"email\":\"contact@miel-le-goupil.fr\"},\"openingHoursSpecification\":[{\"@type\":\"OpeningHoursSpecification\",\"dayOfWeek\":[\"Monday\",\"Friday\"],\"opens\":\"08:30\",\"closes\":\"19:30\"},{\"@type\":\"OpeningHoursSpecification\",\"dayOfWeek\":[\"Tuesday\",\"Wednesday\",\"Thursday\",\"Sunday\"],\"opens\":\"00:00\",\"closes\":\"00:00\"},{\"@type\":\"OpeningHoursSpecification\",\"dayOfWeek\":[\"Saturday\"],\"opens\":\"10:00\",\"closes\":\"19:30\"}],\"taxID\":\"91966321100028\"},{\"@type\":\"PostalAddress\",\"@id\":\"https:\\\/\\\/miel-le-goupil.fr\\\/index.php\\\/shop\\\/#local-main-place-address\",\"streetAddress\":\"16 chemin salbert\",\"addressLocality\":\"Acq\",\"postalCode\":\"62144\",\"addressCountry\":\"FR\"},{\"@type\":\"ImageObject\",\"inLanguage\":\"fr-FR\",\"@id\":\"https:\\\/\\\/miel-le-goupil.fr\\\/index.php\\\/shop\\\/#local-main-organization-logo\",\"url\":\"https:\\\/\\\/i0.wp.com\\\/miel-le-goupil.fr\\\/wp-content\\\/uploads\\\/2024\\\/01\\\/cropped-logo.png?fit=512%2C512&ssl=1\",\"contentUrl\":\"https:\\\/\\\/i0.wp.com\\\/miel-le-goupil.fr\\\/wp-content\\\/uploads\\\/2024\\\/01\\\/cropped-logo.png?fit=512%2C512&ssl=1\",\"width\":512,\"height\":512,\"caption\":\"Miel Le Goupil\"}]}<\/script>\n<meta name=\"geo.placename\" content=\"Acq\" \/>\n<meta name=\"geo.position\" content=\"50.35013876685057;2.66141816347962\" \/>\n<meta name=\"geo.region\" content=\"France\" \/>\n<!-- \/ Yoast SEO Premium plugin. -->","yoast_head_json":{"title":"Boutique - Miel Le Goupil","robots":{"index":"index","follow":"follow","max-snippet":"max-snippet:-1","max-image-preview":"max-image-preview:large","max-video-preview":"max-video-preview:-1"},"canonical":"https:\/\/miel-le-goupil.fr\/index.php\/shop\/","og_locale":"fr_FR","og_type":"article","og_title":"Boutique","og_url":"https:\/\/miel-le-goupil.fr\/index.php\/shop\/","og_site_name":"Miel Le Goupil","article_publisher":"https:\/\/www.facebook.com\/profile.php?id=100085690041392","article_modified_time":"2025-04-08T10:20:35+00:00","og_image":[{"width":781,"height":845,"url":"https:\/\/i0.wp.com\/miel-le-goupil.fr\/wp-content\/uploads\/2024\/01\/logo.png?fit=781%2C845&ssl=1","type":"image\/png"}],"twitter_card":"summary_large_image","schema":{"@context":"https:\/\/schema.org","@graph":[{"@type":"WebPage","@id":"https:\/\/miel-le-goupil.fr\/index.php\/shop\/","url":"https:\/\/miel-le-goupil.fr\/index.php\/shop\/","name":"Boutique - Miel Le Goupil","isPartOf":{"@id":"https:\/\/miel-le-goupil.fr\/#website"},"datePublished":"2024-01-07T23:53:55+00:00","dateModified":"2025-04-08T10:20:35+00:00","breadcrumb":{"@id":"https:\/\/miel-le-goupil.fr\/index.php\/shop\/#breadcrumb"},"inLanguage":"fr-FR","potentialAction":[{"@type":"ReadAction","target":["https:\/\/miel-le-goupil.fr\/index.php\/shop\/"]}]},{"@type":"BreadcrumbList","@id":"https:\/\/miel-le-goupil.fr\/index.php\/shop\/#breadcrumb","itemListElement":[{"@type":"ListItem","position":1,"name":"Accueil","item":"https:\/\/miel-le-goupil.fr\/"},{"@type":"ListItem","position":2,"name":"Boutique"}]},{"@type":"WebSite","@id":"https:\/\/miel-le-goupil.fr\/#website","url":"https:\/\/miel-le-goupil.fr\/","name":"Miel-Le-Goupil","description":"Vente de miels le Goupil - producteur r\u00e9coltant","publisher":{"@id":"https:\/\/miel-le-goupil.fr\/#organization"},"alternateName":"Miel Le Goupil","potentialAction":[{"@type":"SearchAction","target":{"@type":"EntryPoint","urlTemplate":"https:\/\/miel-le-goupil.fr\/?s={search_term_string}"},"query-input":{"@type":"PropertyValueSpecification","valueRequired":true,"valueName":"search_term_string"}}],"inLanguage":"fr-FR"},{"@type":["Organization","Place"],"@id":"https:\/\/miel-le-goupil.fr\/#organization","name":"Miel Le Goupil","alternateName":"Monsieur","url":"https:\/\/miel-le-goupil.fr\/","logo":{"@id":"https:\/\/miel-le-goupil.fr\/index.php\/shop\/#local-main-organization-logo"},"image":{"@id":"https:\/\/miel-le-goupil.fr\/index.php\/shop\/#local-main-organization-logo"},"sameAs":["https:\/\/www.facebook.com\/profile.php?id=100085690041392"],"description":"Apiculteur produisant et r\u00e9coltant du miel, mais \u00e9galement du pollen. Le site Miel-Le-Goupil est une boutique en ligne proposant des produits en lien avec l'apiculture.","legalName":"miel le goupil","foundingDate":"2024-01-01","publishingPrinciples":"https:\/\/miel-le-goupil.fr\/index.php\/politique-de-confidentialite\/","actionableFeedbackPolicy":"https:\/\/miel-le-goupil.fr\/index.php\/refund_returns\/","hasMerchantReturnPolicy":{"@type":"MerchantReturnPolicy","merchantReturnLink":"https:\/\/miel-le-goupil.fr\/index.php\/refund_returns\/"},"address":{"@id":"https:\/\/miel-le-goupil.fr\/index.php\/shop\/#local-main-place-address"},"geo":{"@type":"GeoCoordinates","latitude":"50.35013876685057","longitude":"2.66141816347962"},"telephone":[],"contactPoint":{"@type":"ContactPoint","telephone":"0631607332","email":"contact@miel-le-goupil.fr"},"openingHoursSpecification":[{"@type":"OpeningHoursSpecification","dayOfWeek":["Monday","Friday"],"opens":"08:30","closes":"19:30"},{"@type":"OpeningHoursSpecification","dayOfWeek":["Tuesday","Wednesday","Thursday","Sunday"],"opens":"00:00","closes":"00:00"},{"@type":"OpeningHoursSpecification","dayOfWeek":["Saturday"],"opens":"10:00","closes":"19:30"}],"taxID":"91966321100028"},{"@type":"PostalAddress","@id":"https:\/\/miel-le-goupil.fr\/index.php\/shop\/#local-main-place-address","streetAddress":"16 chemin salbert","addressLocality":"Acq","postalCode":"62144","addressCountry":"FR"},{"@type":"ImageObject","inLanguage":"fr-FR","@id":"https:\/\/miel-le-goupil.fr\/index.php\/shop\/#local-main-organization-logo","url":"https:\/\/i0.wp.com\/miel-le-goupil.fr\/wp-content\/uploads\/2024\/01\/cropped-logo.png?fit=512%2C512&ssl=1","contentUrl":"https:\/\/i0.wp.com\/miel-le-goupil.fr\/wp-content\/uploads\/2024\/01\/cropped-logo.png?fit=512%2C512&ssl=1","width":512,"height":512,"caption":"Miel Le Goupil"}]},"geo.placename":"Acq","geo.position":{"lat":"50.35013876685057","long":"2.66141816347962"},"geo.region":"France"},"_hostinger_reach_plugin_has_subscription_block":false,"_hostinger_reach_plugin_is_elementor":false,"jetpack_sharing_enabled":true,"jetpack_likes_enabled":true,"jetpack-related-posts":[{"id":7,"url":"https:\/\/miel-le-goupil.fr\/index.php\/paniers\/","url_meta":{"origin":6,"position":0},"title":"Paniers","author":"goupil.thomas","date":"8 janvier 2024","format":false,"excerpt":"You may be interested in\u2026 Votre panier est vide ! Nouveaut\u00e9s dans la boutique","rel":"","context":"Article similaire","block_context":{"text":"Article similaire","link":""},"img":{"alt_text":"","src":"","width":0,"height":0},"classes":[]},{"id":897,"url":"https:\/\/miel-le-goupil.fr\/index.php\/parrainer-une-ruche-pour-soutenir-une-apiculture-plus-durable\/comprendre-le-tarif-pour-parrainer-une-ruche\/","url_meta":{"origin":6,"position":1},"title":"Parrainer une ruche : quel tarif ?","author":"goupil.thomas","date":"18 f\u00e9vrier 2025","format":false,"excerpt":"Source : miel-le-goupil.fr Qu'est-ce que le parrainage d'une ruche ? Le parrainage d'une ruche est une initiative qui permet aux particuliers et aux entreprises de soutenir l'apiculture et la biodiversit\u00e9. En parrainant une ruche, vous contribuez \u00e0 la pr\u00e9servation des abeilles et des ressources naturelles tout en recevant des produits\u2026","rel":"","context":"Article similaire","block_context":{"text":"Article similaire","link":""},"img":{"alt_text":"macro shot photography of bee","src":"https:\/\/i0.wp.com\/miel-le-goupil.fr\/wp-content\/uploads\/2025\/02\/macro-shot-photography-of-bee-scaled.jpg?fit=1200%2C790&ssl=1&resize=350%2C200","width":350,"height":200,"srcset":"https:\/\/i0.wp.com\/miel-le-goupil.fr\/wp-content\/uploads\/2025\/02\/macro-shot-photography-of-bee-scaled.jpg?fit=1200%2C790&ssl=1&resize=350%2C200 1x, https:\/\/i0.wp.com\/miel-le-goupil.fr\/wp-content\/uploads\/2025\/02\/macro-shot-photography-of-bee-scaled.jpg?fit=1200%2C790&ssl=1&resize=525%2C300 1.5x, https:\/\/i0.wp.com\/miel-le-goupil.fr\/wp-content\/uploads\/2025\/02\/macro-shot-photography-of-bee-scaled.jpg?fit=1200%2C790&ssl=1&resize=700%2C400 2x, https:\/\/i0.wp.com\/miel-le-goupil.fr\/wp-content\/uploads\/2025\/02\/macro-shot-photography-of-bee-scaled.jpg?fit=1200%2C790&ssl=1&resize=1050%2C600 3x"},"classes":[]},{"id":784,"url":"https:\/\/miel-le-goupil.fr\/index.php\/parrainer-une-ruche-pour-soutenir-une-apiculture-plus-durable\/comment-adopter-une-ruche-sur-arras\/","url_meta":{"origin":6,"position":2},"title":"Comment adopter une ruche sur Arras\u00a0 ?","author":"goupil.thomas","date":"3 f\u00e9vrier 2025","format":false,"excerpt":"Vous \u00eates un particulier ? Qu'est-ce que le Parrainage d'une Ruche ? Adopter une ruche local ou proche d'Arras est une initiative permettant de soutenir localement les apiculteurs tout en participant \u00e0 la pr\u00e9servation des abeilles. Cette d\u00e9marche consiste \u00e0 financer l'installation et l'entretien d'une ruche, favorisant ainsi la pollinisation\u2026","rel":"","context":"Article similaire","block_context":{"text":"Article similaire","link":""},"img":{"alt_text":"","src":"https:\/\/i0.wp.com\/miel-le-goupil.fr\/wp-content\/uploads\/2025\/02\/parrainage-ruche.png?resize=350%2C200&ssl=1","width":350,"height":200,"srcset":"https:\/\/i0.wp.com\/miel-le-goupil.fr\/wp-content\/uploads\/2025\/02\/parrainage-ruche.png?resize=350%2C200&ssl=1 1x, https:\/\/i0.wp.com\/miel-le-goupil.fr\/wp-content\/uploads\/2025\/02\/parrainage-ruche.png?resize=525%2C300&ssl=1 1.5x, https:\/\/i0.wp.com\/miel-le-goupil.fr\/wp-content\/uploads\/2025\/02\/parrainage-ruche.png?resize=700%2C400&ssl=1 2x"},"classes":[]},{"id":1987,"url":"https:\/\/miel-le-goupil.fr\/index.php\/savoir-faire-apicole\/production-miel-artisanal\/","url_meta":{"origin":6,"position":3},"title":"Production de notre miel artisanal","author":"goupil.thomas","date":"31 d\u00e9cembre 2025","format":false,"excerpt":"Chez\u00a0Miel Le Goupil, nous produisons notre miel dans le respect du rythme naturel des abeilles et du savoir-faire apicole traditionnel.Notre miel est r\u00e9colt\u00e9 \u00e0 partir de\u00a0ruches Warr\u00e9, sans transhumance, avec seulement\u00a0deux r\u00e9coltes par an, afin de pr\u00e9server la qualit\u00e9 du miel et le bien-\u00eatre des colonies. Une apiculture respectueuse avec\u2026","rel":"","context":"Article similaire","block_context":{"text":"Article similaire","link":""},"img":{"alt_text":"","src":"https:\/\/i0.wp.com\/miel-le-goupil.fr\/wp-content\/uploads\/2025\/04\/img_6876.jpg?resize=350%2C200&ssl=1","width":350,"height":200,"srcset":"https:\/\/i0.wp.com\/miel-le-goupil.fr\/wp-content\/uploads\/2025\/04\/img_6876.jpg?resize=350%2C200&ssl=1 1x, https:\/\/i0.wp.com\/miel-le-goupil.fr\/wp-content\/uploads\/2025\/04\/img_6876.jpg?resize=525%2C300&ssl=1 1.5x, https:\/\/i0.wp.com\/miel-le-goupil.fr\/wp-content\/uploads\/2025\/04\/img_6876.jpg?resize=700%2C400&ssl=1 2x, https:\/\/i0.wp.com\/miel-le-goupil.fr\/wp-content\/uploads\/2025\/04\/img_6876.jpg?resize=1050%2C600&ssl=1 3x, https:\/\/i0.wp.com\/miel-le-goupil.fr\/wp-content\/uploads\/2025\/04\/img_6876.jpg?resize=1400%2C800&ssl=1 4x"},"classes":[]},{"id":2,"url":"https:\/\/miel-le-goupil.fr\/index.php\/origines-miel-le-goupil\/","url_meta":{"origin":6,"position":4},"title":"Les origines de la boutique \u00ab\u00a0Miel Le Goupil\u00a0\u00bb","author":"goupil.thomas","date":"8 janvier 2024","format":false,"excerpt":"Pour d\u00e9couvrir les origines de \"Miel Le Goupil\", continuez votre lecture ci-dessous. Bonjour, Je suis Thomas Goupil. J'habite \u00e0 Acq, et je suis informaticien de m\u00e9tier. Depuis tout jeune je suis passionn\u00e9 par la nature et l'environnement. N\u00e9 en Normandie, j'ai r\u00e9alis\u00e9 un BAC Science Technologie de l'Agronomie et de\u2026","rel":"","context":"Article similaire","block_context":{"text":"Article similaire","link":""},"img":{"alt_text":"","src":"https:\/\/i0.wp.com\/miel-le-goupil.fr\/wp-content\/uploads\/2024\/01\/cropped-logo.png?resize=350%2C200&ssl=1","width":350,"height":200},"classes":[]},{"id":1964,"url":"https:\/\/miel-le-goupil.fr\/index.php\/savoir-faire-apicole\/fabrication-bougies-cire-abeille\/","url_meta":{"origin":6,"position":5},"title":"Fabrication de nos bougies en cire d&rsquo;abeille","author":"goupil.thomas","date":"30 d\u00e9cembre 2025","format":false,"excerpt":"Chez\u00a0Miel Le Goupil, nos bougies sont fabriqu\u00e9es artisanalement \u00e0 partir de la\u00a0cire produite par nos propres abeilles.Apiculteur r\u00e9coltant \u00e0\u00a0Acq, dans le Pas-de-Calais, nous transformons nous-m\u00eames cette mati\u00e8re naturelle produite par les abeilles afin de vous proposer des bougies authentiques, locales et respectueuses de l\u2019environnement. Bougie butinage en cire d'abeille Bougie\u2026","rel":"","context":"Article similaire","block_context":{"text":"Article similaire","link":""},"img":{"alt_text":"Bougie butinage en cire d'abeille","src":"https:\/\/i0.wp.com\/miel-le-goupil.fr\/wp-content\/uploads\/2024\/12\/img_5554-scaled-e1735332317212.jpeg?resize=350%2C200","width":350,"height":200,"srcset":"https:\/\/i0.wp.com\/miel-le-goupil.fr\/wp-content\/uploads\/2024\/12\/img_5554-scaled-e1735332317212.jpeg?resize=350%2C200 1x, https:\/\/i0.wp.com\/miel-le-goupil.fr\/wp-content\/uploads\/2024\/12\/img_5554-scaled-e1735332317212.jpeg?resize=525%2C300 1.5x, https:\/\/i0.wp.com\/miel-le-goupil.fr\/wp-content\/uploads\/2024\/12\/img_5554-scaled-e1735332317212.jpeg?resize=700%2C400 2x"},"classes":[]}],"_links":{"self":[{"href":"https:\/\/miel-le-goupil.fr\/index.php\/wp-json\/wp\/v2\/pages\/6","targetHints":{"allow":["GET"]}}],"collection":[{"href":"https:\/\/miel-le-goupil.fr\/index.php\/wp-json\/wp\/v2\/pages"}],"about":[{"href":"https:\/\/miel-le-goupil.fr\/index.php\/wp-json\/wp\/v2\/types\/page"}],"author":[{"embeddable":true,"href":"https:\/\/miel-le-goupil.fr\/index.php\/wp-json\/wp\/v2\/users\/1"}],"replies":[{"embeddable":true,"href":"https:\/\/miel-le-goupil.fr\/index.php\/wp-json\/wp\/v2\/comments?post=6"}],"version-history":[{"count":4,"href":"https:\/\/miel-le-goupil.fr\/index.php\/wp-json\/wp\/v2\/pages\/6\/revisions"}],"predecessor-version":[{"id":269,"href":"https:\/\/miel-le-goupil.fr\/index.php\/wp-json\/wp\/v2\/pages\/6\/revisions\/269"}],"wp:attachment":[{"href":"https:\/\/miel-le-goupil.fr\/index.php\/wp-json\/wp\/v2\/media?parent=6"}],"curies":[{"name":"wp","href":"https:\/\/api.w.org\/{rel}","templated":true}]}}