{"id":1800,"date":"2025-12-13T00:37:15","date_gmt":"2025-12-12T23:37:15","guid":{"rendered":"https:\/\/miel-le-goupil.fr\/?post_type=product&#038;p=1800"},"modified":"2026-01-29T14:37:00","modified_gmt":"2026-01-29T13:37:00","slug":"bougie-livres","status":"publish","type":"product","link":"https:\/\/miel-le-goupil.fr\/index.php\/product\/bougie-livres\/","title":{"rendered":"Bougie Livres"},"content":{"rendered":"<p>Apportez chaleur et charme \u00e0 votre int\u00e9rieur avec cette bougie originale en forme de pile de livres.<\/p>\n<p>Fabriqu\u00e9e \u00e0 la main en cire d\u2019abeille naturelle, elle diffuse une douce lumi\u00e8re et un parfum d\u00e9licat de cire pure lorsque vous l\u2019allumez.<\/p>\n<p data-start=\"502\" data-end=\"663\">Gr\u00e2ce \u00e0 la cire d\u2019abeille pure, cette bougie offre une <strong data-start=\"557\" data-end=\"577\">combustion lente<\/strong>, une lumi\u00e8re apaisante et un <strong data-start=\"607\" data-end=\"632\">parfum subtil de miel<\/strong>, sans aucun ajout synth\u00e9tique.<\/p>\n<h4 data-start=\"665\" data-end=\"692\"><strong data-start=\"670\" data-end=\"692\">Caract\u00e9ristiques :<\/strong><\/h4>\n<ul data-start=\"693\" data-end=\"1001\">\n<li data-start=\"693\" data-end=\"722\">\n<p data-start=\"695\" data-end=\"722\">Bougie en forme de livres<\/p>\n<\/li>\n<li data-start=\"723\" data-end=\"766\">\n<p data-start=\"725\" data-end=\"766\">Cire d\u2019abeille 100% naturelle et locale<\/p>\n<\/li>\n<li data-start=\"767\" data-end=\"809\">\n<p data-start=\"769\" data-end=\"809\">Fabrication artisanale en petite s\u00e9rie<\/p>\n<\/li>\n<li data-start=\"810\" data-end=\"838\">\n<p data-start=\"812\" data-end=\"838\">D\u00e9tails sculpt\u00e9s soign\u00e9s<\/p>\n<\/li>\n<li data-start=\"839\" data-end=\"884\">\n<p data-start=\"841\" data-end=\"884\">M\u00e8che en coton pour une combustion propre<\/p>\n<\/li>\n<li data-start=\"885\" data-end=\"921\">\n<p data-start=\"887\" data-end=\"921\">Parfum naturel de cire d\u2019abeille<\/p>\n<\/li>\n<li data-start=\"922\" data-end=\"1001\">\n<p data-start=\"924\" data-end=\"1001\">Id\u00e9ale pour la d\u00e9coration, les cadeaux artisanaux ou les amoureux des animaux<\/p>\n<\/li>\n<\/ul>\n<h4 data-start=\"1003\" data-end=\"1036\"><strong data-start=\"1008\" data-end=\"1036\">Un objet d\u00e9co chaleureux<\/strong><\/h4>\n<p data-start=\"1037\" data-end=\"1214\">Cette bougie en forme de livre est parfaite pour offrir un <strong data-start=\"1085\" data-end=\"1104\">cadeau original<\/strong>, d\u00e9corer un int\u00e9rieur pour apporter une touche de douceur.<\/p>\n","protected":false},"excerpt":{"rendered":"<p>Apportez chaleur et charme \u00e0 votre int\u00e9rieur avec cette bougie originale en forme de pile de livres. Fabriqu\u00e9e \u00e0 la main en cire d\u2019abeille naturelle.<\/p>\n","protected":false},"featured_media":1801,"comment_status":"open","ping_status":"closed","template":"","meta":{"ocean_post_layout":"","ocean_both_sidebars_style":"","ocean_both_sidebars_content_width":0,"ocean_both_sidebars_sidebars_width":0,"ocean_sidebar":"0","ocean_second_sidebar":"0","ocean_disable_margins":"enable","ocean_add_body_class":"","ocean_shortcode_before_top_bar":"","ocean_shortcode_after_top_bar":"","ocean_shortcode_before_header":"","ocean_shortcode_after_header":"","ocean_has_shortcode":"","ocean_shortcode_after_title":"","ocean_shortcode_before_footer_widgets":"","ocean_shortcode_after_footer_widgets":"","ocean_shortcode_before_footer_bottom":"","ocean_shortcode_after_footer_bottom":"","ocean_display_top_bar":"default","ocean_display_header":"default","ocean_header_style":"","ocean_center_header_left_menu":"0","ocean_custom_header_template":"0","ocean_custom_logo":0,"ocean_custom_retina_logo":0,"ocean_custom_logo_max_width":0,"ocean_custom_logo_tablet_max_width":0,"ocean_custom_logo_mobile_max_width":0,"ocean_custom_logo_max_height":0,"ocean_custom_logo_tablet_max_height":0,"ocean_custom_logo_mobile_max_height":0,"ocean_header_custom_menu":"0","ocean_menu_typo_font_family":"0","ocean_menu_typo_font_subset":"","ocean_menu_typo_font_size":0,"ocean_menu_typo_font_size_tablet":0,"ocean_menu_typo_font_size_mobile":0,"ocean_menu_typo_font_size_unit":"px","ocean_menu_typo_font_weight":"","ocean_menu_typo_font_weight_tablet":"","ocean_menu_typo_font_weight_mobile":"","ocean_menu_typo_transform":"","ocean_menu_typo_transform_tablet":"","ocean_menu_typo_transform_mobile":"","ocean_menu_typo_line_height":0,"ocean_menu_typo_line_height_tablet":0,"ocean_menu_typo_line_height_mobile":0,"ocean_menu_typo_line_height_unit":"","ocean_menu_typo_spacing":0,"ocean_menu_typo_spacing_tablet":0,"ocean_menu_typo_spacing_mobile":0,"ocean_menu_typo_spacing_unit":"","ocean_menu_link_color":"","ocean_menu_link_color_hover":"","ocean_menu_link_color_active":"","ocean_menu_link_background":"","ocean_menu_link_hover_background":"","ocean_menu_link_active_background":"","ocean_menu_social_links_bg":"","ocean_menu_social_hover_links_bg":"","ocean_menu_social_links_color":"","ocean_menu_social_hover_links_color":"","ocean_disable_title":"default","ocean_disable_heading":"default","ocean_post_title":"","ocean_post_subheading":"","ocean_post_title_style":"","ocean_post_title_background_color":"","ocean_post_title_background":0,"ocean_post_title_bg_image_position":"","ocean_post_title_bg_image_attachment":"","ocean_post_title_bg_image_repeat":"","ocean_post_title_bg_image_size":"","ocean_post_title_height":0,"ocean_post_title_bg_overlay":0.5,"ocean_post_title_bg_overlay_color":"","ocean_disable_breadcrumbs":"default","ocean_breadcrumbs_color":"","ocean_breadcrumbs_separator_color":"","ocean_breadcrumbs_links_color":"","ocean_breadcrumbs_links_hover_color":"","ocean_display_footer_widgets":"default","ocean_display_footer_bottom":"default","ocean_custom_footer_template":"0","jetpack_post_was_ever_published":false,"jetpack_publicize_message":"","jetpack_publicize_feature_enabled":true,"jetpack_social_post_already_shared":true,"jetpack_social_options":{"image_generator_settings":{"template":"highway","default_image_id":0,"font":"","enabled":false},"version":2}},"product_brand":[],"product_cat":[28,150],"product_tag":[],"class_list":{"0":"post-1800","1":"product","2":"type-product","3":"status-publish","4":"has-post-thumbnail","6":"product_cat-bougies","7":"product_cat-moderne","8":"product_shipping_class-bougies","10":"entry","11":"has-media","13":"first","14":"instock","15":"shipping-taxable","16":"purchasable","17":"product-type-simple","18":"has-product-nav","19":"col","20":"span_1_of_5","21":"owp-content-center","22":"owp-thumbs-layout-horizontal","23":"owp-btn-normal","24":"owp-tabs-layout-section","25":"has-no-thumbnails"},"yoast_head":"<!-- This site is optimized with the Yoast SEO Premium plugin v26.5 (Yoast SEO v27.3) - https:\/\/yoast.com\/product\/yoast-seo-premium-wordpress\/ -->\n<title>Bougie Livres - Miel Le Goupil<\/title>\n<meta name=\"description\" content=\"Apportez chaleur et charme \u00e0 votre int\u00e9rieur avec cette bougie originale en forme de pile de livres. Fabriqu\u00e9e \u00e0 la main en cire d\u2019abeille naturelle.\" \/>\n<meta name=\"robots\" content=\"index, follow, max-snippet:-1, max-image-preview:large, max-video-preview:-1\" \/>\n<link rel=\"canonical\" href=\"https:\/\/miel-le-goupil.fr\/index.php\/product\/bougie-livres\/\" \/>\n<meta property=\"og:locale\" content=\"fr_FR\" \/>\n<meta property=\"og:type\" content=\"article\" \/>\n<meta property=\"og:title\" content=\"Bougie Livres\" \/>\n<meta property=\"og:description\" content=\"Apportez chaleur et charme \u00e0 votre int\u00e9rieur avec cette bougie originale en forme de pile de livres. Fabriqu\u00e9e \u00e0 la main en cire d\u2019abeille naturelle.\" \/>\n<meta property=\"og:url\" content=\"https:\/\/miel-le-goupil.fr\/index.php\/product\/bougie-livres\/\" \/>\n<meta property=\"og:site_name\" content=\"Miel Le Goupil\" \/>\n<meta property=\"article:publisher\" content=\"https:\/\/www.facebook.com\/profile.php?id=100085690041392\" \/>\n<meta property=\"article:modified_time\" content=\"2026-01-29T13:37:00+00:00\" \/>\n<meta property=\"og:image\" content=\"https:\/\/i0.wp.com\/miel-le-goupil.fr\/wp-content\/uploads\/2024\/01\/logo.png?fit=781%2C845&ssl=1\" \/>\n\t<meta property=\"og:image:width\" content=\"781\" \/>\n\t<meta property=\"og:image:height\" content=\"845\" \/>\n\t<meta property=\"og:image:type\" content=\"image\/png\" \/>\n<meta name=\"twitter:card\" content=\"summary_large_image\" \/>\n<meta name=\"twitter:label1\" content=\"Prix\" \/>\n\t<meta name=\"twitter:data1\" content=\"2,00&nbsp;&euro;\" \/>\n\t<meta name=\"twitter:label2\" content=\"Disponibilit\u00e9\" \/>\n\t<meta name=\"twitter:data2\" content=\"En stock\" \/>\n<script type=\"application\/ld+json\" class=\"yoast-schema-graph\">{\"@context\":\"https:\\\/\\\/schema.org\",\"@graph\":[{\"@type\":\"WebPage\",\"@id\":\"https:\\\/\\\/miel-le-goupil.fr\\\/index.php\\\/product\\\/bougie-livres\\\/\",\"url\":\"https:\\\/\\\/miel-le-goupil.fr\\\/index.php\\\/product\\\/bougie-livres\\\/\",\"name\":\"Bougie Livres - Miel Le Goupil\",\"isPartOf\":{\"@id\":\"https:\\\/\\\/miel-le-goupil.fr\\\/#website\"},\"primaryImageOfPage\":{\"@id\":\"https:\\\/\\\/miel-le-goupil.fr\\\/index.php\\\/product\\\/bougie-livres\\\/#primaryimage\"},\"image\":{\"@id\":\"https:\\\/\\\/miel-le-goupil.fr\\\/index.php\\\/product\\\/bougie-livres\\\/#primaryimage\"},\"thumbnailUrl\":\"https:\\\/\\\/i0.wp.com\\\/miel-le-goupil.fr\\\/wp-content\\\/uploads\\\/2025\\\/12\\\/IMG_0454.heic?fit=%2C&ssl=1\",\"datePublished\":\"2025-12-12T23:37:15+00:00\",\"dateModified\":\"2026-01-29T13:37:00+00:00\",\"description\":\"Apportez chaleur et charme \u00e0 votre int\u00e9rieur avec cette bougie originale en forme de pile de livres. Fabriqu\u00e9e \u00e0 la main en cire d\u2019abeille naturelle.\",\"breadcrumb\":{\"@id\":\"https:\\\/\\\/miel-le-goupil.fr\\\/index.php\\\/product\\\/bougie-livres\\\/#breadcrumb\"},\"inLanguage\":\"fr-FR\",\"potentialAction\":[{\"@type\":\"ReadAction\",\"target\":[\"https:\\\/\\\/miel-le-goupil.fr\\\/index.php\\\/product\\\/bougie-livres\\\/\"]}]},{\"@type\":\"ImageObject\",\"inLanguage\":\"fr-FR\",\"@id\":\"https:\\\/\\\/miel-le-goupil.fr\\\/index.php\\\/product\\\/bougie-livres\\\/#primaryimage\",\"url\":\"https:\\\/\\\/i0.wp.com\\\/miel-le-goupil.fr\\\/wp-content\\\/uploads\\\/2025\\\/12\\\/IMG_0454.heic?fit=%2C&ssl=1\",\"contentUrl\":\"https:\\\/\\\/i0.wp.com\\\/miel-le-goupil.fr\\\/wp-content\\\/uploads\\\/2025\\\/12\\\/IMG_0454.heic?fit=%2C&ssl=1\",\"caption\":\"Bougie Livres\"},{\"@type\":\"BreadcrumbList\",\"@id\":\"https:\\\/\\\/miel-le-goupil.fr\\\/index.php\\\/product\\\/bougie-livres\\\/#breadcrumb\",\"itemListElement\":[{\"@type\":\"ListItem\",\"position\":1,\"name\":\"Accueil\",\"item\":\"https:\\\/\\\/miel-le-goupil.fr\\\/\"},{\"@type\":\"ListItem\",\"position\":2,\"name\":\"Boutique\",\"item\":\"https:\\\/\\\/miel-le-goupil.fr\\\/index.php\\\/shop\\\/\"},{\"@type\":\"ListItem\",\"position\":3,\"name\":\"Bougie Livres\"}]},{\"@type\":\"WebSite\",\"@id\":\"https:\\\/\\\/miel-le-goupil.fr\\\/#website\",\"url\":\"https:\\\/\\\/miel-le-goupil.fr\\\/\",\"name\":\"Miel-Le-Goupil\",\"description\":\"Vente de miels le Goupil - producteur r\u00e9coltant\",\"publisher\":{\"@id\":\"https:\\\/\\\/miel-le-goupil.fr\\\/#organization\"},\"alternateName\":\"Miel Le Goupil\",\"potentialAction\":[{\"@type\":\"SearchAction\",\"target\":{\"@type\":\"EntryPoint\",\"urlTemplate\":\"https:\\\/\\\/miel-le-goupil.fr\\\/?s={search_term_string}\"},\"query-input\":{\"@type\":\"PropertyValueSpecification\",\"valueRequired\":true,\"valueName\":\"search_term_string\"}}],\"inLanguage\":\"fr-FR\"},{\"@type\":[\"Organization\",\"Place\"],\"@id\":\"https:\\\/\\\/miel-le-goupil.fr\\\/#organization\",\"name\":\"Miel Le Goupil\",\"alternateName\":\"Monsieur\",\"url\":\"https:\\\/\\\/miel-le-goupil.fr\\\/\",\"logo\":{\"@id\":\"https:\\\/\\\/miel-le-goupil.fr\\\/index.php\\\/product\\\/bougie-livres\\\/#local-main-organization-logo\"},\"image\":{\"@id\":\"https:\\\/\\\/miel-le-goupil.fr\\\/index.php\\\/product\\\/bougie-livres\\\/#local-main-organization-logo\"},\"sameAs\":[\"https:\\\/\\\/www.facebook.com\\\/profile.php?id=100085690041392\"],\"description\":\"Apiculteur produisant et r\u00e9coltant du miel, mais \u00e9galement du pollen. Le site Miel-Le-Goupil est une boutique en ligne proposant des produits en lien avec l'apiculture.\",\"legalName\":\"miel le goupil\",\"foundingDate\":\"2024-01-01\",\"publishingPrinciples\":\"https:\\\/\\\/miel-le-goupil.fr\\\/index.php\\\/politique-de-confidentialite\\\/\",\"actionableFeedbackPolicy\":\"https:\\\/\\\/miel-le-goupil.fr\\\/index.php\\\/refund_returns\\\/\",\"hasMerchantReturnPolicy\":{\"@type\":\"MerchantReturnPolicy\",\"merchantReturnLink\":\"https:\\\/\\\/miel-le-goupil.fr\\\/index.php\\\/refund_returns\\\/\"},\"address\":{\"@id\":\"https:\\\/\\\/miel-le-goupil.fr\\\/index.php\\\/product\\\/bougie-livres\\\/#local-main-place-address\"},\"geo\":{\"@type\":\"GeoCoordinates\",\"latitude\":\"50.35013876685057\",\"longitude\":\"2.66141816347962\"},\"telephone\":[],\"contactPoint\":{\"@type\":\"ContactPoint\",\"telephone\":\"0631607332\",\"email\":\"contact@miel-le-goupil.fr\"},\"openingHoursSpecification\":[{\"@type\":\"OpeningHoursSpecification\",\"dayOfWeek\":[\"Monday\",\"Friday\"],\"opens\":\"08:30\",\"closes\":\"19:30\"},{\"@type\":\"OpeningHoursSpecification\",\"dayOfWeek\":[\"Tuesday\",\"Wednesday\",\"Thursday\",\"Sunday\"],\"opens\":\"00:00\",\"closes\":\"00:00\"},{\"@type\":\"OpeningHoursSpecification\",\"dayOfWeek\":[\"Saturday\"],\"opens\":\"10:00\",\"closes\":\"19:30\"}],\"taxID\":\"91966321100028\"},{\"@type\":\"PostalAddress\",\"@id\":\"https:\\\/\\\/miel-le-goupil.fr\\\/index.php\\\/product\\\/bougie-livres\\\/#local-main-place-address\",\"streetAddress\":\"16 chemin salbert\",\"addressLocality\":\"Acq\",\"postalCode\":\"62144\",\"addressCountry\":\"FR\"},{\"@type\":\"ImageObject\",\"inLanguage\":\"fr-FR\",\"@id\":\"https:\\\/\\\/miel-le-goupil.fr\\\/index.php\\\/product\\\/bougie-livres\\\/#local-main-organization-logo\",\"url\":\"https:\\\/\\\/i0.wp.com\\\/miel-le-goupil.fr\\\/wp-content\\\/uploads\\\/2024\\\/01\\\/cropped-logo.png?fit=512%2C512&ssl=1\",\"contentUrl\":\"https:\\\/\\\/i0.wp.com\\\/miel-le-goupil.fr\\\/wp-content\\\/uploads\\\/2024\\\/01\\\/cropped-logo.png?fit=512%2C512&ssl=1\",\"width\":512,\"height\":512,\"caption\":\"Miel Le Goupil\"}]}<\/script>\n<meta property=\"product:price:amount\" content=\"2.00\" \/>\n<meta property=\"product:price:currency\" content=\"EUR\" \/>\n<meta property=\"og:availability\" content=\"instock\" \/>\n<meta property=\"product:availability\" content=\"instock\" \/>\n<meta property=\"product:retailer_item_id\" content=\"Bougie_livres\" \/>\n<meta property=\"product:condition\" content=\"new\" \/>\n<meta name=\"geo.placename\" content=\"Acq\" \/>\n<meta name=\"geo.position\" content=\"50.35013876685057;2.66141816347962\" \/>\n<meta name=\"geo.region\" content=\"France\" \/>\n<!-- \/ Yoast SEO Premium plugin. -->","yoast_head_json":{"title":"Bougie Livres - Miel Le Goupil","description":"Apportez chaleur et charme \u00e0 votre int\u00e9rieur avec cette bougie originale en forme de pile de livres. Fabriqu\u00e9e \u00e0 la main en cire d\u2019abeille naturelle.","robots":{"index":"index","follow":"follow","max-snippet":"max-snippet:-1","max-image-preview":"max-image-preview:large","max-video-preview":"max-video-preview:-1"},"canonical":"https:\/\/miel-le-goupil.fr\/index.php\/product\/bougie-livres\/","og_locale":"fr_FR","og_type":"article","og_title":"Bougie Livres","og_description":"Apportez chaleur et charme \u00e0 votre int\u00e9rieur avec cette bougie originale en forme de pile de livres. Fabriqu\u00e9e \u00e0 la main en cire d\u2019abeille naturelle.","og_url":"https:\/\/miel-le-goupil.fr\/index.php\/product\/bougie-livres\/","og_site_name":"Miel Le Goupil","article_publisher":"https:\/\/www.facebook.com\/profile.php?id=100085690041392","article_modified_time":"2026-01-29T13:37:00+00:00","og_image":[{"width":781,"height":845,"url":"https:\/\/i0.wp.com\/miel-le-goupil.fr\/wp-content\/uploads\/2024\/01\/logo.png?fit=781%2C845&ssl=1","type":"image\/png"}],"twitter_card":"summary_large_image","twitter_misc":{"Prix":"2,00&nbsp;&euro;","Disponibilit\u00e9":"En stock"},"schema":{"@context":"https:\/\/schema.org","@graph":[{"@type":"WebPage","@id":"https:\/\/miel-le-goupil.fr\/index.php\/product\/bougie-livres\/","url":"https:\/\/miel-le-goupil.fr\/index.php\/product\/bougie-livres\/","name":"Bougie Livres - Miel Le Goupil","isPartOf":{"@id":"https:\/\/miel-le-goupil.fr\/#website"},"primaryImageOfPage":{"@id":"https:\/\/miel-le-goupil.fr\/index.php\/product\/bougie-livres\/#primaryimage"},"image":{"@id":"https:\/\/miel-le-goupil.fr\/index.php\/product\/bougie-livres\/#primaryimage"},"thumbnailUrl":"https:\/\/i0.wp.com\/miel-le-goupil.fr\/wp-content\/uploads\/2025\/12\/IMG_0454.heic?fit=%2C&ssl=1","datePublished":"2025-12-12T23:37:15+00:00","dateModified":"2026-01-29T13:37:00+00:00","description":"Apportez chaleur et charme \u00e0 votre int\u00e9rieur avec cette bougie originale en forme de pile de livres. Fabriqu\u00e9e \u00e0 la main en cire d\u2019abeille naturelle.","breadcrumb":{"@id":"https:\/\/miel-le-goupil.fr\/index.php\/product\/bougie-livres\/#breadcrumb"},"inLanguage":"fr-FR","potentialAction":[{"@type":"ReadAction","target":["https:\/\/miel-le-goupil.fr\/index.php\/product\/bougie-livres\/"]}]},{"@type":"ImageObject","inLanguage":"fr-FR","@id":"https:\/\/miel-le-goupil.fr\/index.php\/product\/bougie-livres\/#primaryimage","url":"https:\/\/i0.wp.com\/miel-le-goupil.fr\/wp-content\/uploads\/2025\/12\/IMG_0454.heic?fit=%2C&ssl=1","contentUrl":"https:\/\/i0.wp.com\/miel-le-goupil.fr\/wp-content\/uploads\/2025\/12\/IMG_0454.heic?fit=%2C&ssl=1","caption":"Bougie Livres"},{"@type":"BreadcrumbList","@id":"https:\/\/miel-le-goupil.fr\/index.php\/product\/bougie-livres\/#breadcrumb","itemListElement":[{"@type":"ListItem","position":1,"name":"Accueil","item":"https:\/\/miel-le-goupil.fr\/"},{"@type":"ListItem","position":2,"name":"Boutique","item":"https:\/\/miel-le-goupil.fr\/index.php\/shop\/"},{"@type":"ListItem","position":3,"name":"Bougie Livres"}]},{"@type":"WebSite","@id":"https:\/\/miel-le-goupil.fr\/#website","url":"https:\/\/miel-le-goupil.fr\/","name":"Miel-Le-Goupil","description":"Vente de miels le Goupil - producteur r\u00e9coltant","publisher":{"@id":"https:\/\/miel-le-goupil.fr\/#organization"},"alternateName":"Miel Le Goupil","potentialAction":[{"@type":"SearchAction","target":{"@type":"EntryPoint","urlTemplate":"https:\/\/miel-le-goupil.fr\/?s={search_term_string}"},"query-input":{"@type":"PropertyValueSpecification","valueRequired":true,"valueName":"search_term_string"}}],"inLanguage":"fr-FR"},{"@type":["Organization","Place"],"@id":"https:\/\/miel-le-goupil.fr\/#organization","name":"Miel Le Goupil","alternateName":"Monsieur","url":"https:\/\/miel-le-goupil.fr\/","logo":{"@id":"https:\/\/miel-le-goupil.fr\/index.php\/product\/bougie-livres\/#local-main-organization-logo"},"image":{"@id":"https:\/\/miel-le-goupil.fr\/index.php\/product\/bougie-livres\/#local-main-organization-logo"},"sameAs":["https:\/\/www.facebook.com\/profile.php?id=100085690041392"],"description":"Apiculteur produisant et r\u00e9coltant du miel, mais \u00e9galement du pollen. Le site Miel-Le-Goupil est une boutique en ligne proposant des produits en lien avec l'apiculture.","legalName":"miel le goupil","foundingDate":"2024-01-01","publishingPrinciples":"https:\/\/miel-le-goupil.fr\/index.php\/politique-de-confidentialite\/","actionableFeedbackPolicy":"https:\/\/miel-le-goupil.fr\/index.php\/refund_returns\/","hasMerchantReturnPolicy":{"@type":"MerchantReturnPolicy","merchantReturnLink":"https:\/\/miel-le-goupil.fr\/index.php\/refund_returns\/"},"address":{"@id":"https:\/\/miel-le-goupil.fr\/index.php\/product\/bougie-livres\/#local-main-place-address"},"geo":{"@type":"GeoCoordinates","latitude":"50.35013876685057","longitude":"2.66141816347962"},"telephone":[],"contactPoint":{"@type":"ContactPoint","telephone":"0631607332","email":"contact@miel-le-goupil.fr"},"openingHoursSpecification":[{"@type":"OpeningHoursSpecification","dayOfWeek":["Monday","Friday"],"opens":"08:30","closes":"19:30"},{"@type":"OpeningHoursSpecification","dayOfWeek":["Tuesday","Wednesday","Thursday","Sunday"],"opens":"00:00","closes":"00:00"},{"@type":"OpeningHoursSpecification","dayOfWeek":["Saturday"],"opens":"10:00","closes":"19:30"}],"taxID":"91966321100028"},{"@type":"PostalAddress","@id":"https:\/\/miel-le-goupil.fr\/index.php\/product\/bougie-livres\/#local-main-place-address","streetAddress":"16 chemin salbert","addressLocality":"Acq","postalCode":"62144","addressCountry":"FR"},{"@type":"ImageObject","inLanguage":"fr-FR","@id":"https:\/\/miel-le-goupil.fr\/index.php\/product\/bougie-livres\/#local-main-organization-logo","url":"https:\/\/i0.wp.com\/miel-le-goupil.fr\/wp-content\/uploads\/2024\/01\/cropped-logo.png?fit=512%2C512&ssl=1","contentUrl":"https:\/\/i0.wp.com\/miel-le-goupil.fr\/wp-content\/uploads\/2024\/01\/cropped-logo.png?fit=512%2C512&ssl=1","width":512,"height":512,"caption":"Miel Le Goupil"}]},"product_price_amount":"2.00","product_price_currency":"EUR","og_availability":"instock","product_availability":"instock","product_retailer_item_id":"Bougie_livres","product_condition":"new","geo.placename":"Acq","geo.position":{"lat":"50.35013876685057","long":"2.66141816347962"},"geo.region":"France"},"jetpack_publicize_connections":[],"jetpack_sharing_enabled":true,"jetpack_likes_enabled":true,"jetpack-related-posts":[{"id":1798,"url":"https:\/\/miel-le-goupil.fr\/index.php\/product\/bougie-arches-abeilles\/","url_meta":{"origin":1800,"position":0},"title":"Bougie Arches Abeilles","author":"goupil.thomas","date":"13 d\u00e9cembre 2025","format":false,"excerpt":"D\u00e9couvrez cette bougie\u00a0au charme irr\u00e9sistible, enti\u00e8rement fabriqu\u00e9e \u00e0 la main \u00e0 partir de cire d\u2019abeille naturelle issue de mes propres ruches.","rel":"","context":"Article similaire","block_context":{"text":"Article similaire","link":""},"img":{"alt_text":"","src":"","width":0,"height":0},"classes":[]},{"id":1796,"url":"https:\/\/miel-le-goupil.fr\/index.php\/product\/bougie-miel-le-goupil\/","url_meta":{"origin":1800,"position":1},"title":"Bougie Miel Le Goupil","author":"goupil.thomas","date":"13 d\u00e9cembre 2025","format":false,"excerpt":"Bougie renard artisanale en cire d\u2019abeille naturelle. Parfum miel, d\u00e9tails soign\u00e9s et combustion lente. Une d\u00e9coration chaleureuse et originale.","rel":"","context":"Article similaire","block_context":{"text":"Article similaire","link":""},"img":{"alt_text":"","src":"","width":0,"height":0},"classes":[]},{"id":1802,"url":"https:\/\/miel-le-goupil.fr\/index.php\/product\/bougie-boule-abeilles\/","url_meta":{"origin":1800,"position":2},"title":"Bougie Boule abeilles","author":"goupil.thomas","date":"13 d\u00e9cembre 2025","format":false,"excerpt":"Apportez une touche chaleureuse et festive \u00e0 votre int\u00e9rieur avec cette bougie boule enti\u00e8rement fabriqu\u00e9e \u00e0 la main en cire d\u2019abeille naturelle provenant de mes ruches.","rel":"","context":"Article similaire","block_context":{"text":"Article similaire","link":""},"img":{"alt_text":"","src":"","width":0,"height":0},"classes":[]},{"id":1788,"url":"https:\/\/miel-le-goupil.fr\/index.php\/product\/boule-noel-renne\/","url_meta":{"origin":1800,"position":3},"title":"Boule No\u00ebl Renne","author":"goupil.thomas","date":"12 d\u00e9cembre 2025","format":false,"excerpt":"Bougie boule de No\u00ebl en cire d\u2019abeille avec motifs montagne, neige et renne. Artisanale, naturelle, parfum miel. Parfaite pour une d\u00e9co chaleureuse de f\u00eates.","rel":"","context":"Article similaire","block_context":{"text":"Article similaire","link":""},"img":{"alt_text":"","src":"","width":0,"height":0},"classes":[]},{"id":1781,"url":"https:\/\/miel-le-goupil.fr\/index.php\/product\/minou\/","url_meta":{"origin":1800,"position":4},"title":"Minou","author":"goupil.thomas","date":"12 d\u00e9cembre 2025","format":false,"excerpt":"Bougie Chat en Cire d\u2019Abeille \u2013 Bougie Artisanale 100% Naturelle D\u00e9couvrez notre bougie chat en cire d\u2019abeille, enti\u00e8rement fabriqu\u00e9e \u00e0 la main \u00e0 partir de la cire r\u00e9colt\u00e9e dans nos propres ruches. Cette bougie artisanale allie esth\u00e9tisme, parfum naturel et fabrication responsable. Id\u00e9ale pour d\u00e9corer un int\u00e9rieur ou offrir un\u2026","rel":"","context":"Article similaire","block_context":{"text":"Article similaire","link":""},"img":{"alt_text":"","src":"","width":0,"height":0},"classes":[]},{"id":1790,"url":"https:\/\/miel-le-goupil.fr\/index.php\/product\/bougie-herisson-xl\/","url_meta":{"origin":1800,"position":5},"title":"Bougie H\u00e9risson XL","author":"goupil.thomas","date":"13 d\u00e9cembre 2025","format":false,"excerpt":"Bougie h\u00e9risson artisanale en cire d\u2019abeille naturelle. Parfum doux de miel, combustion lente et design d\u00e9taill\u00e9. Un cadeau original et chaleureux.","rel":"","context":"Article similaire","block_context":{"text":"Article similaire","link":""},"img":{"alt_text":"","src":"","width":0,"height":0},"classes":[]}],"_links":{"self":[{"href":"https:\/\/miel-le-goupil.fr\/index.php\/wp-json\/wp\/v2\/product\/1800","targetHints":{"allow":["GET"]}}],"collection":[{"href":"https:\/\/miel-le-goupil.fr\/index.php\/wp-json\/wp\/v2\/product"}],"about":[{"href":"https:\/\/miel-le-goupil.fr\/index.php\/wp-json\/wp\/v2\/types\/product"}],"replies":[{"embeddable":true,"href":"https:\/\/miel-le-goupil.fr\/index.php\/wp-json\/wp\/v2\/comments?post=1800"}],"wp:featuredmedia":[{"embeddable":true,"href":"https:\/\/miel-le-goupil.fr\/index.php\/wp-json\/wp\/v2\/media\/1801"}],"wp:attachment":[{"href":"https:\/\/miel-le-goupil.fr\/index.php\/wp-json\/wp\/v2\/media?parent=1800"}],"wp:term":[{"taxonomy":"product_brand","embeddable":true,"href":"https:\/\/miel-le-goupil.fr\/index.php\/wp-json\/wp\/v2\/product_brand?post=1800"},{"taxonomy":"product_cat","embeddable":true,"href":"https:\/\/miel-le-goupil.fr\/index.php\/wp-json\/wp\/v2\/product_cat?post=1800"},{"taxonomy":"product_tag","embeddable":true,"href":"https:\/\/miel-le-goupil.fr\/index.php\/wp-json\/wp\/v2\/product_tag?post=1800"}],"curies":[{"name":"wp","href":"https:\/\/api.w.org\/{rel}","templated":true}]}}