{"id":389,"date":"2024-01-17T12:57:18","date_gmt":"2024-01-17T11:57:18","guid":{"rendered":"https:\/\/miel-le-goupil.fr\/index.php\/product\/grande-bougie-ovale\/"},"modified":"2026-01-29T14:41:30","modified_gmt":"2026-01-29T13:41:30","slug":"grande-bougie-ovale","status":"publish","type":"product","link":"https:\/\/miel-le-goupil.fr\/index.php\/product\/grande-bougie-ovale\/","title":{"rendered":"Bougie ovale"},"content":{"rendered":"<h3>Bougie naturelle ovale en cire d&rsquo;abeille.<\/h3>\n<p>Un \u00c9clat \u00c9l\u00e9gant : cette bougie naturelle ovale est une pi\u00e8ce centrale id\u00e9ale pour toute d\u00e9coration int\u00e9rieure. Avec son design moderne et \u00e9pur\u00e9, elle apportera une touche de sophistication \u00e0 votre espace. Que ce soit sur une table, un bureau ou une \u00e9tag\u00e8re, elle saura capter l\u2019attention de vos invit\u00e9s.<\/p>\n<p>Fabrication de Qualit\u00e9 : Fabriqu\u00e9e \u00e0 partir de la cire de nos ruches, cette grande bougie ovale est con\u00e7ue pour \u00eatre durable et esth\u00e9tique. Sa cire garantit une combustion propre, ce qui vous permet de profiter de ses bienfaits en toute tranquillit\u00e9.<\/p>\n<p>Composition : Bougie 100% en cire d&rsquo;abeille provenant de nos ruches.<\/p>\n<p>Le poids de cette bougie est de 270g.<\/p>\n<p>La page Facebook : <a href=\"https:\/\/www.facebook.com\/profile.php?id=61569678369221\">https:\/\/www.facebook.com\/profile.php?id=61569678369221<\/a><\/p>\n","protected":false},"excerpt":{"rendered":"<p>Grande bougie ronde en cire d&rsquo;abeille.<\/p>\n","protected":false},"featured_media":682,"comment_status":"open","ping_status":"closed","template":"","meta":{"ocean_post_layout":"","ocean_both_sidebars_style":"","ocean_both_sidebars_content_width":0,"ocean_both_sidebars_sidebars_width":0,"ocean_sidebar":"0","ocean_second_sidebar":"0","ocean_disable_margins":"enable","ocean_add_body_class":"","ocean_shortcode_before_top_bar":"","ocean_shortcode_after_top_bar":"","ocean_shortcode_before_header":"","ocean_shortcode_after_header":"","ocean_has_shortcode":"","ocean_shortcode_after_title":"","ocean_shortcode_before_footer_widgets":"","ocean_shortcode_after_footer_widgets":"","ocean_shortcode_before_footer_bottom":"","ocean_shortcode_after_footer_bottom":"","ocean_display_top_bar":"default","ocean_display_header":"default","ocean_header_style":"","ocean_center_header_left_menu":"0","ocean_custom_header_template":"0","ocean_custom_logo":0,"ocean_custom_retina_logo":0,"ocean_custom_logo_max_width":0,"ocean_custom_logo_tablet_max_width":0,"ocean_custom_logo_mobile_max_width":0,"ocean_custom_logo_max_height":0,"ocean_custom_logo_tablet_max_height":0,"ocean_custom_logo_mobile_max_height":0,"ocean_header_custom_menu":"0","ocean_menu_typo_font_family":"0","ocean_menu_typo_font_subset":"","ocean_menu_typo_font_size":0,"ocean_menu_typo_font_size_tablet":0,"ocean_menu_typo_font_size_mobile":0,"ocean_menu_typo_font_size_unit":"px","ocean_menu_typo_font_weight":"","ocean_menu_typo_font_weight_tablet":"","ocean_menu_typo_font_weight_mobile":"","ocean_menu_typo_transform":"","ocean_menu_typo_transform_tablet":"","ocean_menu_typo_transform_mobile":"","ocean_menu_typo_line_height":0,"ocean_menu_typo_line_height_tablet":0,"ocean_menu_typo_line_height_mobile":0,"ocean_menu_typo_line_height_unit":"","ocean_menu_typo_spacing":0,"ocean_menu_typo_spacing_tablet":0,"ocean_menu_typo_spacing_mobile":0,"ocean_menu_typo_spacing_unit":"","ocean_menu_link_color":"","ocean_menu_link_color_hover":"","ocean_menu_link_color_active":"","ocean_menu_link_background":"","ocean_menu_link_hover_background":"","ocean_menu_link_active_background":"","ocean_menu_social_links_bg":"","ocean_menu_social_hover_links_bg":"","ocean_menu_social_links_color":"","ocean_menu_social_hover_links_color":"","ocean_disable_title":"default","ocean_disable_heading":"default","ocean_post_title":"","ocean_post_subheading":"","ocean_post_title_style":"","ocean_post_title_background_color":"","ocean_post_title_background":0,"ocean_post_title_bg_image_position":"","ocean_post_title_bg_image_attachment":"","ocean_post_title_bg_image_repeat":"","ocean_post_title_bg_image_size":"","ocean_post_title_height":0,"ocean_post_title_bg_overlay":0.5,"ocean_post_title_bg_overlay_color":"","ocean_disable_breadcrumbs":"default","ocean_breadcrumbs_color":"","ocean_breadcrumbs_separator_color":"","ocean_breadcrumbs_links_color":"","ocean_breadcrumbs_links_hover_color":"","ocean_display_footer_widgets":"default","ocean_display_footer_bottom":"default","ocean_custom_footer_template":"0","jetpack_post_was_ever_published":false,"jetpack_publicize_message":"","jetpack_publicize_feature_enabled":true,"jetpack_social_post_already_shared":false,"jetpack_social_options":{"image_generator_settings":{"template":"highway","default_image_id":0,"font":"","enabled":false},"version":2}},"product_brand":[],"product_cat":[28,150],"product_tag":[],"class_list":{"0":"post-389","1":"product","2":"type-product","3":"status-publish","4":"has-post-thumbnail","6":"product_cat-bougies","7":"product_cat-moderne","9":"entry","10":"has-media","12":"first","13":"instock","14":"shipping-taxable","15":"purchasable","16":"product-type-simple","17":"has-product-nav","18":"col","19":"span_1_of_5","20":"owp-content-center","21":"owp-thumbs-layout-horizontal","22":"owp-btn-normal","23":"owp-tabs-layout-section"},"yoast_head":"<!-- This site is optimized with the Yoast SEO Premium plugin v26.5 (Yoast SEO v27.3) - https:\/\/yoast.com\/product\/yoast-seo-premium-wordpress\/ -->\n<title>Bougie Naturelle Ovale: \u00c9clat \u00c9l\u00e9gant pour votre D\u00e9coration<\/title>\n<meta name=\"description\" content=\"Donnez une touche de sophistication \u00e0 votre int\u00e9rieur avec cette bougie naturelle ovale. Fabriqu\u00e9e \u00e0 partir de la cire de nos ruches, elle est naturelle.\" \/>\n<meta name=\"robots\" content=\"index, follow, max-snippet:-1, max-image-preview:large, max-video-preview:-1\" \/>\n<link rel=\"canonical\" href=\"https:\/\/miel-le-goupil.fr\/index.php\/product\/grande-bougie-ovale\/\" \/>\n<meta property=\"og:locale\" content=\"fr_FR\" \/>\n<meta property=\"og:type\" content=\"article\" \/>\n<meta property=\"og:title\" content=\"Bougie Naturelle Ovale: Une Centrale \u00c9l\u00e9gante pour votre D\u00e9coration\" \/>\n<meta property=\"og:description\" content=\"Illuminez votre int\u00e9rieur avec l&#039;\u00e9l\u00e9gance naturelle de notre bougie ovale. Ajoutez une touche sophistiqu\u00e9e \u00e0 votre espace avec ce design moderne et \u00e9pur\u00e9. Profitez d&#039;une combustion propre et durable.\" \/>\n<meta property=\"og:url\" content=\"https:\/\/miel-le-goupil.fr\/index.php\/product\/grande-bougie-ovale\/\" \/>\n<meta property=\"og:site_name\" content=\"Miel Le Goupil\" \/>\n<meta property=\"article:publisher\" content=\"https:\/\/www.facebook.com\/profile.php?id=100085690041392\" \/>\n<meta property=\"article:modified_time\" content=\"2026-01-29T13:41:30+00:00\" \/>\n<meta property=\"og:image\" content=\"https:\/\/miel-le-goupil.fr\/wp-content\/uploads\/2024\/12\/img_5256-scaled-e1733391909237.jpeg\" \/>\n\t<meta property=\"og:image:width\" content=\"1050\" \/>\n\t<meta property=\"og:image:height\" content=\"1400\" \/>\n\t<meta property=\"og:image:type\" content=\"image\/jpeg\" \/>\n<meta name=\"twitter:card\" content=\"summary_large_image\" \/>\n<meta name=\"twitter:title\" content=\"Bougie ovale\" \/>\n<meta name=\"twitter:label1\" content=\"Prix\" \/>\n\t<meta name=\"twitter:data1\" content=\"10,00&nbsp;&euro;\" \/>\n\t<meta name=\"twitter:label2\" content=\"Disponibilit\u00e9\" \/>\n\t<meta name=\"twitter:data2\" content=\"En stock\" \/>\n<script type=\"application\/ld+json\" class=\"yoast-schema-graph\">{\"@context\":\"https:\\\/\\\/schema.org\",\"@graph\":[{\"@type\":\"WebPage\",\"@id\":\"https:\\\/\\\/miel-le-goupil.fr\\\/index.php\\\/product\\\/grande-bougie-ovale\\\/\",\"url\":\"https:\\\/\\\/miel-le-goupil.fr\\\/index.php\\\/product\\\/grande-bougie-ovale\\\/\",\"name\":\"Bougie Naturelle Ovale: \u00c9clat \u00c9l\u00e9gant pour votre D\u00e9coration\",\"isPartOf\":{\"@id\":\"https:\\\/\\\/miel-le-goupil.fr\\\/#website\"},\"primaryImageOfPage\":{\"@id\":\"https:\\\/\\\/miel-le-goupil.fr\\\/index.php\\\/product\\\/grande-bougie-ovale\\\/#primaryimage\"},\"image\":{\"@id\":\"https:\\\/\\\/miel-le-goupil.fr\\\/index.php\\\/product\\\/grande-bougie-ovale\\\/#primaryimage\"},\"thumbnailUrl\":\"https:\\\/\\\/i0.wp.com\\\/miel-le-goupil.fr\\\/wp-content\\\/uploads\\\/2024\\\/12\\\/img_5256-scaled-e1733391909237.jpeg?fit=1050%2C1400&ssl=1\",\"datePublished\":\"2024-01-17T11:57:18+00:00\",\"dateModified\":\"2026-01-29T13:41:30+00:00\",\"description\":\"Donnez une touche de sophistication \u00e0 votre int\u00e9rieur avec cette bougie naturelle ovale. Fabriqu\u00e9e \u00e0 partir de la cire de nos ruches, elle est naturelle.\",\"breadcrumb\":{\"@id\":\"https:\\\/\\\/miel-le-goupil.fr\\\/index.php\\\/product\\\/grande-bougie-ovale\\\/#breadcrumb\"},\"inLanguage\":\"fr-FR\",\"potentialAction\":[{\"@type\":\"ReadAction\",\"target\":[\"https:\\\/\\\/miel-le-goupil.fr\\\/index.php\\\/product\\\/grande-bougie-ovale\\\/\"]}]},{\"@type\":\"ImageObject\",\"inLanguage\":\"fr-FR\",\"@id\":\"https:\\\/\\\/miel-le-goupil.fr\\\/index.php\\\/product\\\/grande-bougie-ovale\\\/#primaryimage\",\"url\":\"https:\\\/\\\/i0.wp.com\\\/miel-le-goupil.fr\\\/wp-content\\\/uploads\\\/2024\\\/12\\\/img_5256-scaled-e1733391909237.jpeg?fit=1050%2C1400&ssl=1\",\"contentUrl\":\"https:\\\/\\\/i0.wp.com\\\/miel-le-goupil.fr\\\/wp-content\\\/uploads\\\/2024\\\/12\\\/img_5256-scaled-e1733391909237.jpeg?fit=1050%2C1400&ssl=1\",\"width\":1050,\"height\":1400,\"caption\":\"Bougie ovale\"},{\"@type\":\"BreadcrumbList\",\"@id\":\"https:\\\/\\\/miel-le-goupil.fr\\\/index.php\\\/product\\\/grande-bougie-ovale\\\/#breadcrumb\",\"itemListElement\":[{\"@type\":\"ListItem\",\"position\":1,\"name\":\"Accueil\",\"item\":\"https:\\\/\\\/miel-le-goupil.fr\\\/\"},{\"@type\":\"ListItem\",\"position\":2,\"name\":\"Boutique\",\"item\":\"https:\\\/\\\/miel-le-goupil.fr\\\/index.php\\\/shop\\\/\"},{\"@type\":\"ListItem\",\"position\":3,\"name\":\"Bougie ovale\"}]},{\"@type\":\"WebSite\",\"@id\":\"https:\\\/\\\/miel-le-goupil.fr\\\/#website\",\"url\":\"https:\\\/\\\/miel-le-goupil.fr\\\/\",\"name\":\"Miel-Le-Goupil\",\"description\":\"Vente de miels le Goupil - producteur r\u00e9coltant\",\"publisher\":{\"@id\":\"https:\\\/\\\/miel-le-goupil.fr\\\/#organization\"},\"alternateName\":\"Miel Le Goupil\",\"potentialAction\":[{\"@type\":\"SearchAction\",\"target\":{\"@type\":\"EntryPoint\",\"urlTemplate\":\"https:\\\/\\\/miel-le-goupil.fr\\\/?s={search_term_string}\"},\"query-input\":{\"@type\":\"PropertyValueSpecification\",\"valueRequired\":true,\"valueName\":\"search_term_string\"}}],\"inLanguage\":\"fr-FR\"},{\"@type\":[\"Organization\",\"Place\"],\"@id\":\"https:\\\/\\\/miel-le-goupil.fr\\\/#organization\",\"name\":\"Miel Le Goupil\",\"alternateName\":\"Monsieur\",\"url\":\"https:\\\/\\\/miel-le-goupil.fr\\\/\",\"logo\":{\"@id\":\"https:\\\/\\\/miel-le-goupil.fr\\\/index.php\\\/product\\\/grande-bougie-ovale\\\/#local-main-organization-logo\"},\"image\":{\"@id\":\"https:\\\/\\\/miel-le-goupil.fr\\\/index.php\\\/product\\\/grande-bougie-ovale\\\/#local-main-organization-logo\"},\"sameAs\":[\"https:\\\/\\\/www.facebook.com\\\/profile.php?id=100085690041392\"],\"description\":\"Apiculteur produisant et r\u00e9coltant du miel, mais \u00e9galement du pollen. Le site Miel-Le-Goupil est une boutique en ligne proposant des produits en lien avec l'apiculture.\",\"legalName\":\"miel le goupil\",\"foundingDate\":\"2024-01-01\",\"publishingPrinciples\":\"https:\\\/\\\/miel-le-goupil.fr\\\/index.php\\\/politique-de-confidentialite\\\/\",\"actionableFeedbackPolicy\":\"https:\\\/\\\/miel-le-goupil.fr\\\/index.php\\\/refund_returns\\\/\",\"hasMerchantReturnPolicy\":{\"@type\":\"MerchantReturnPolicy\",\"merchantReturnLink\":\"https:\\\/\\\/miel-le-goupil.fr\\\/index.php\\\/refund_returns\\\/\"},\"address\":{\"@id\":\"https:\\\/\\\/miel-le-goupil.fr\\\/index.php\\\/product\\\/grande-bougie-ovale\\\/#local-main-place-address\"},\"geo\":{\"@type\":\"GeoCoordinates\",\"latitude\":\"50.35013876685057\",\"longitude\":\"2.66141816347962\"},\"telephone\":[],\"contactPoint\":{\"@type\":\"ContactPoint\",\"telephone\":\"0631607332\",\"email\":\"contact@miel-le-goupil.fr\"},\"openingHoursSpecification\":[{\"@type\":\"OpeningHoursSpecification\",\"dayOfWeek\":[\"Monday\",\"Friday\"],\"opens\":\"08:30\",\"closes\":\"19:30\"},{\"@type\":\"OpeningHoursSpecification\",\"dayOfWeek\":[\"Tuesday\",\"Wednesday\",\"Thursday\",\"Sunday\"],\"opens\":\"00:00\",\"closes\":\"00:00\"},{\"@type\":\"OpeningHoursSpecification\",\"dayOfWeek\":[\"Saturday\"],\"opens\":\"10:00\",\"closes\":\"19:30\"}],\"taxID\":\"91966321100028\"},{\"@type\":\"PostalAddress\",\"@id\":\"https:\\\/\\\/miel-le-goupil.fr\\\/index.php\\\/product\\\/grande-bougie-ovale\\\/#local-main-place-address\",\"streetAddress\":\"16 chemin salbert\",\"addressLocality\":\"Acq\",\"postalCode\":\"62144\",\"addressCountry\":\"FR\"},{\"@type\":\"ImageObject\",\"inLanguage\":\"fr-FR\",\"@id\":\"https:\\\/\\\/miel-le-goupil.fr\\\/index.php\\\/product\\\/grande-bougie-ovale\\\/#local-main-organization-logo\",\"url\":\"https:\\\/\\\/i0.wp.com\\\/miel-le-goupil.fr\\\/wp-content\\\/uploads\\\/2024\\\/01\\\/cropped-logo.png?fit=512%2C512&ssl=1\",\"contentUrl\":\"https:\\\/\\\/i0.wp.com\\\/miel-le-goupil.fr\\\/wp-content\\\/uploads\\\/2024\\\/01\\\/cropped-logo.png?fit=512%2C512&ssl=1\",\"width\":512,\"height\":512,\"caption\":\"Miel Le Goupil\"}]}<\/script>\n<meta property=\"product:price:amount\" content=\"10.00\" \/>\n<meta property=\"product:price:currency\" content=\"EUR\" \/>\n<meta property=\"og:availability\" content=\"instock\" \/>\n<meta property=\"product:availability\" content=\"instock\" \/>\n<meta property=\"product:retailer_item_id\" content=\"BOUGIE-OVLN1001\" \/>\n<meta property=\"product:condition\" content=\"new\" \/>\n<meta name=\"geo.placename\" content=\"Acq\" \/>\n<meta name=\"geo.position\" content=\"50.35013876685057;2.66141816347962\" \/>\n<meta name=\"geo.region\" content=\"France\" \/>\n<!-- \/ Yoast SEO Premium plugin. -->","yoast_head_json":{"title":"Bougie Naturelle Ovale: \u00c9clat \u00c9l\u00e9gant pour votre D\u00e9coration","description":"Donnez une touche de sophistication \u00e0 votre int\u00e9rieur avec cette bougie naturelle ovale. Fabriqu\u00e9e \u00e0 partir de la cire de nos ruches, elle est naturelle.","robots":{"index":"index","follow":"follow","max-snippet":"max-snippet:-1","max-image-preview":"max-image-preview:large","max-video-preview":"max-video-preview:-1"},"canonical":"https:\/\/miel-le-goupil.fr\/index.php\/product\/grande-bougie-ovale\/","og_locale":"fr_FR","og_type":"article","og_title":"Bougie Naturelle Ovale: Une Centrale \u00c9l\u00e9gante pour votre D\u00e9coration","og_description":"Illuminez votre int\u00e9rieur avec l'\u00e9l\u00e9gance naturelle de notre bougie ovale. Ajoutez une touche sophistiqu\u00e9e \u00e0 votre espace avec ce design moderne et \u00e9pur\u00e9. Profitez d'une combustion propre et durable.","og_url":"https:\/\/miel-le-goupil.fr\/index.php\/product\/grande-bougie-ovale\/","og_site_name":"Miel Le Goupil","article_publisher":"https:\/\/www.facebook.com\/profile.php?id=100085690041392","article_modified_time":"2026-01-29T13:41:30+00:00","og_image":[{"width":1050,"height":1400,"url":"https:\/\/miel-le-goupil.fr\/wp-content\/uploads\/2024\/12\/img_5256-scaled-e1733391909237.jpeg","type":"image\/jpeg"}],"twitter_card":"summary_large_image","twitter_title":"Bougie ovale","twitter_misc":{"Prix":"10,00&nbsp;&euro;","Disponibilit\u00e9":"En stock"},"schema":{"@context":"https:\/\/schema.org","@graph":[{"@type":"WebPage","@id":"https:\/\/miel-le-goupil.fr\/index.php\/product\/grande-bougie-ovale\/","url":"https:\/\/miel-le-goupil.fr\/index.php\/product\/grande-bougie-ovale\/","name":"Bougie Naturelle Ovale: \u00c9clat \u00c9l\u00e9gant pour votre D\u00e9coration","isPartOf":{"@id":"https:\/\/miel-le-goupil.fr\/#website"},"primaryImageOfPage":{"@id":"https:\/\/miel-le-goupil.fr\/index.php\/product\/grande-bougie-ovale\/#primaryimage"},"image":{"@id":"https:\/\/miel-le-goupil.fr\/index.php\/product\/grande-bougie-ovale\/#primaryimage"},"thumbnailUrl":"https:\/\/i0.wp.com\/miel-le-goupil.fr\/wp-content\/uploads\/2024\/12\/img_5256-scaled-e1733391909237.jpeg?fit=1050%2C1400&ssl=1","datePublished":"2024-01-17T11:57:18+00:00","dateModified":"2026-01-29T13:41:30+00:00","description":"Donnez une touche de sophistication \u00e0 votre int\u00e9rieur avec cette bougie naturelle ovale. Fabriqu\u00e9e \u00e0 partir de la cire de nos ruches, elle est naturelle.","breadcrumb":{"@id":"https:\/\/miel-le-goupil.fr\/index.php\/product\/grande-bougie-ovale\/#breadcrumb"},"inLanguage":"fr-FR","potentialAction":[{"@type":"ReadAction","target":["https:\/\/miel-le-goupil.fr\/index.php\/product\/grande-bougie-ovale\/"]}]},{"@type":"ImageObject","inLanguage":"fr-FR","@id":"https:\/\/miel-le-goupil.fr\/index.php\/product\/grande-bougie-ovale\/#primaryimage","url":"https:\/\/i0.wp.com\/miel-le-goupil.fr\/wp-content\/uploads\/2024\/12\/img_5256-scaled-e1733391909237.jpeg?fit=1050%2C1400&ssl=1","contentUrl":"https:\/\/i0.wp.com\/miel-le-goupil.fr\/wp-content\/uploads\/2024\/12\/img_5256-scaled-e1733391909237.jpeg?fit=1050%2C1400&ssl=1","width":1050,"height":1400,"caption":"Bougie ovale"},{"@type":"BreadcrumbList","@id":"https:\/\/miel-le-goupil.fr\/index.php\/product\/grande-bougie-ovale\/#breadcrumb","itemListElement":[{"@type":"ListItem","position":1,"name":"Accueil","item":"https:\/\/miel-le-goupil.fr\/"},{"@type":"ListItem","position":2,"name":"Boutique","item":"https:\/\/miel-le-goupil.fr\/index.php\/shop\/"},{"@type":"ListItem","position":3,"name":"Bougie ovale"}]},{"@type":"WebSite","@id":"https:\/\/miel-le-goupil.fr\/#website","url":"https:\/\/miel-le-goupil.fr\/","name":"Miel-Le-Goupil","description":"Vente de miels le Goupil - producteur r\u00e9coltant","publisher":{"@id":"https:\/\/miel-le-goupil.fr\/#organization"},"alternateName":"Miel Le Goupil","potentialAction":[{"@type":"SearchAction","target":{"@type":"EntryPoint","urlTemplate":"https:\/\/miel-le-goupil.fr\/?s={search_term_string}"},"query-input":{"@type":"PropertyValueSpecification","valueRequired":true,"valueName":"search_term_string"}}],"inLanguage":"fr-FR"},{"@type":["Organization","Place"],"@id":"https:\/\/miel-le-goupil.fr\/#organization","name":"Miel Le Goupil","alternateName":"Monsieur","url":"https:\/\/miel-le-goupil.fr\/","logo":{"@id":"https:\/\/miel-le-goupil.fr\/index.php\/product\/grande-bougie-ovale\/#local-main-organization-logo"},"image":{"@id":"https:\/\/miel-le-goupil.fr\/index.php\/product\/grande-bougie-ovale\/#local-main-organization-logo"},"sameAs":["https:\/\/www.facebook.com\/profile.php?id=100085690041392"],"description":"Apiculteur produisant et r\u00e9coltant du miel, mais \u00e9galement du pollen. Le site Miel-Le-Goupil est une boutique en ligne proposant des produits en lien avec l'apiculture.","legalName":"miel le goupil","foundingDate":"2024-01-01","publishingPrinciples":"https:\/\/miel-le-goupil.fr\/index.php\/politique-de-confidentialite\/","actionableFeedbackPolicy":"https:\/\/miel-le-goupil.fr\/index.php\/refund_returns\/","hasMerchantReturnPolicy":{"@type":"MerchantReturnPolicy","merchantReturnLink":"https:\/\/miel-le-goupil.fr\/index.php\/refund_returns\/"},"address":{"@id":"https:\/\/miel-le-goupil.fr\/index.php\/product\/grande-bougie-ovale\/#local-main-place-address"},"geo":{"@type":"GeoCoordinates","latitude":"50.35013876685057","longitude":"2.66141816347962"},"telephone":[],"contactPoint":{"@type":"ContactPoint","telephone":"0631607332","email":"contact@miel-le-goupil.fr"},"openingHoursSpecification":[{"@type":"OpeningHoursSpecification","dayOfWeek":["Monday","Friday"],"opens":"08:30","closes":"19:30"},{"@type":"OpeningHoursSpecification","dayOfWeek":["Tuesday","Wednesday","Thursday","Sunday"],"opens":"00:00","closes":"00:00"},{"@type":"OpeningHoursSpecification","dayOfWeek":["Saturday"],"opens":"10:00","closes":"19:30"}],"taxID":"91966321100028"},{"@type":"PostalAddress","@id":"https:\/\/miel-le-goupil.fr\/index.php\/product\/grande-bougie-ovale\/#local-main-place-address","streetAddress":"16 chemin salbert","addressLocality":"Acq","postalCode":"62144","addressCountry":"FR"},{"@type":"ImageObject","inLanguage":"fr-FR","@id":"https:\/\/miel-le-goupil.fr\/index.php\/product\/grande-bougie-ovale\/#local-main-organization-logo","url":"https:\/\/i0.wp.com\/miel-le-goupil.fr\/wp-content\/uploads\/2024\/01\/cropped-logo.png?fit=512%2C512&ssl=1","contentUrl":"https:\/\/i0.wp.com\/miel-le-goupil.fr\/wp-content\/uploads\/2024\/01\/cropped-logo.png?fit=512%2C512&ssl=1","width":512,"height":512,"caption":"Miel Le Goupil"}]},"product_price_amount":"10.00","product_price_currency":"EUR","og_availability":"instock","product_availability":"instock","product_retailer_item_id":"BOUGIE-OVLN1001","product_condition":"new","geo.placename":"Acq","geo.position":{"lat":"50.35013876685057","long":"2.66141816347962"},"geo.region":"France"},"jetpack_publicize_connections":[],"jetpack_sharing_enabled":true,"jetpack_likes_enabled":true,"jetpack-related-posts":[{"id":1941,"url":"https:\/\/miel-le-goupil.fr\/index.php\/product\/bougie-gnome-cire-abeille\/","url_meta":{"origin":389,"position":0},"title":"Bougie gnome avec ruche en cire d\u2019abeille naturelle","author":"goupil.thomas","date":"30 d\u00e9cembre 2025","format":false,"excerpt":"Bougie artisanale repr\u00e9sentant un gnome tenant une ruche en paille, fabriqu\u00e9e en cire d\u2019abeille 100 % naturelle issue de nos propres ruches.","rel":"","context":"Article similaire","block_context":{"text":"Article similaire","link":""},"img":{"alt_text":"","src":"","width":0,"height":0},"classes":[]},{"id":678,"url":"https:\/\/miel-le-goupil.fr\/index.php\/product\/bougie-ruche\/","url_meta":{"origin":389,"position":1},"title":"Bougie ruche","author":"goupil.thomas","date":"4 d\u00e9cembre 2024","format":false,"excerpt":"Bougie en forme de ruche","rel":"","context":"Article similaire","block_context":{"text":"Article similaire","link":""},"img":{"alt_text":"Bougie ruche","src":"https:\/\/i0.wp.com\/miel-le-goupil.fr\/wp-content\/uploads\/2024\/12\/img_5257-scaled-e1733392713497.jpeg?fit=1200%2C1078&ssl=1&resize=350%2C200","width":350,"height":200,"srcset":"https:\/\/i0.wp.com\/miel-le-goupil.fr\/wp-content\/uploads\/2024\/12\/img_5257-scaled-e1733392713497.jpeg?fit=1200%2C1078&ssl=1&resize=350%2C200 1x, https:\/\/i0.wp.com\/miel-le-goupil.fr\/wp-content\/uploads\/2024\/12\/img_5257-scaled-e1733392713497.jpeg?fit=1200%2C1078&ssl=1&resize=525%2C300 1.5x, https:\/\/i0.wp.com\/miel-le-goupil.fr\/wp-content\/uploads\/2024\/12\/img_5257-scaled-e1733392713497.jpeg?fit=1200%2C1078&ssl=1&resize=700%2C400 2x, https:\/\/i0.wp.com\/miel-le-goupil.fr\/wp-content\/uploads\/2024\/12\/img_5257-scaled-e1733392713497.jpeg?fit=1200%2C1078&ssl=1&resize=1050%2C600 3x"},"classes":[]},{"id":308,"url":"https:\/\/miel-le-goupil.fr\/index.php\/product\/mini-bougie\/","url_meta":{"origin":389,"position":2},"title":"Petite Bougie : Ruche Paille","author":"goupil.thomas","date":"10 janvier 2024","format":false,"excerpt":"Mini Bougie en cire d'abeille.","rel":"","context":"Article similaire","block_context":{"text":"Article similaire","link":""},"img":{"alt_text":"Petite bougie abeille","src":"https:\/\/i0.wp.com\/miel-le-goupil.fr\/wp-content\/uploads\/2024\/12\/img_5254-scaled.jpeg?fit=900%2C1200&ssl=1&resize=350%2C200","width":350,"height":200,"srcset":"https:\/\/i0.wp.com\/miel-le-goupil.fr\/wp-content\/uploads\/2024\/12\/img_5254-scaled.jpeg?fit=900%2C1200&ssl=1&resize=350%2C200 1x, https:\/\/i0.wp.com\/miel-le-goupil.fr\/wp-content\/uploads\/2024\/12\/img_5254-scaled.jpeg?fit=900%2C1200&ssl=1&resize=525%2C300 1.5x, https:\/\/i0.wp.com\/miel-le-goupil.fr\/wp-content\/uploads\/2024\/12\/img_5254-scaled.jpeg?fit=900%2C1200&ssl=1&resize=700%2C400 2x"},"classes":[]},{"id":1948,"url":"https:\/\/miel-le-goupil.fr\/index.php\/product\/bougie-cube-cire-abeille\/","url_meta":{"origin":389,"position":3},"title":"Bougie cube c\u0153ur en cire d\u2019abeille naturelle","author":"goupil.thomas","date":"30 d\u00e9cembre 2025","format":false,"excerpt":"Bougie artisanale en forme de cube d\u00e9cor\u00e9 de c\u0153urs en relief, fabriqu\u00e9e en cire d\u2019abeille 100 % naturelle issue de nos propres ruches.","rel":"","context":"Article similaire","block_context":{"text":"Article similaire","link":""},"img":{"alt_text":"","src":"","width":0,"height":0},"classes":[]},{"id":1946,"url":"https:\/\/miel-le-goupil.fr\/index.php\/product\/bougie-ours-cire-abeille\/","url_meta":{"origin":389,"position":4},"title":"Bougie ours en cire d\u2019abeille naturelle","author":"goupil.thomas","date":"30 d\u00e9cembre 2025","format":false,"excerpt":"Bougie artisanale en forme de petit ours, fabriqu\u00e9e en cire d\u2019abeille 100 % naturelle issue de nos propres ruches. Une bougie douce et chaleureuse, parfaite pour offrir.","rel":"","context":"Article similaire","block_context":{"text":"Article similaire","link":""},"img":{"alt_text":"","src":"","width":0,"height":0},"classes":[]},{"id":1940,"url":"https:\/\/miel-le-goupil.fr\/index.php\/product\/bougie-bonhomme-neige-cire-abeille\/","url_meta":{"origin":389,"position":5},"title":"Bougie bonhomme de neige en cire d\u2019abeille naturelle","author":"goupil.thomas","date":"30 d\u00e9cembre 2025","format":false,"excerpt":"Bougie artisanale en forme de bonhomme de neige, r\u00e9alis\u00e9e en cire d\u2019abeille 100 % naturelle issue de nos propres ruches. Une d\u00e9coration douce et chaleureuse pour l\u2019hiver.","rel":"","context":"Article similaire","block_context":{"text":"Article similaire","link":""},"img":{"alt_text":"","src":"","width":0,"height":0},"classes":[]}],"_links":{"self":[{"href":"https:\/\/miel-le-goupil.fr\/index.php\/wp-json\/wp\/v2\/product\/389","targetHints":{"allow":["GET"]}}],"collection":[{"href":"https:\/\/miel-le-goupil.fr\/index.php\/wp-json\/wp\/v2\/product"}],"about":[{"href":"https:\/\/miel-le-goupil.fr\/index.php\/wp-json\/wp\/v2\/types\/product"}],"replies":[{"embeddable":true,"href":"https:\/\/miel-le-goupil.fr\/index.php\/wp-json\/wp\/v2\/comments?post=389"}],"wp:featuredmedia":[{"embeddable":true,"href":"https:\/\/miel-le-goupil.fr\/index.php\/wp-json\/wp\/v2\/media\/682"}],"wp:attachment":[{"href":"https:\/\/miel-le-goupil.fr\/index.php\/wp-json\/wp\/v2\/media?parent=389"}],"wp:term":[{"taxonomy":"product_brand","embeddable":true,"href":"https:\/\/miel-le-goupil.fr\/index.php\/wp-json\/wp\/v2\/product_brand?post=389"},{"taxonomy":"product_cat","embeddable":true,"href":"https:\/\/miel-le-goupil.fr\/index.php\/wp-json\/wp\/v2\/product_cat?post=389"},{"taxonomy":"product_tag","embeddable":true,"href":"https:\/\/miel-le-goupil.fr\/index.php\/wp-json\/wp\/v2\/product_tag?post=389"}],"curies":[{"name":"wp","href":"https:\/\/api.w.org\/{rel}","templated":true}]}}