{"id":453,"date":"2024-03-25T17:03:19","date_gmt":"2024-03-25T16:03:19","guid":{"rendered":"https:\/\/miel-le-goupil.fr\/?post_type=product&#038;p=453"},"modified":"2025-12-01T13:32:20","modified_gmt":"2025-12-01T12:32:20","slug":"miel-de-printemps","status":"publish","type":"product","link":"https:\/\/miel-le-goupil.fr\/index.php\/product\/miel-de-printemps\/","title":{"rendered":"Miel de fleurs &#8211; Printemps"},"content":{"rendered":"<p data-color=\"&quot;rgb(#000000)&quot;\" data-size=\"{&quot;value&quot;:13.3}\"><span data-color=\"&quot;rgb(#000000)&quot;\" data-size=\"{&quot;value&quot;:13.3}\">Le miel \u00ab Tour de Miel\u00bb est issu de ruches Warr\u00e9 qui r\u00e9pond \u00e0 une apiculture recentr\u00e9e sur l\u2019abeille et ses besoins.<\/span><\/p>\n<p data-color=\"&quot;rgb(#000000)&quot;\" data-size=\"{&quot;value&quot;:13.3}\"><span data-color=\"&quot;rgb(#000000)&quot;\" data-size=\"{&quot;value&quot;:13.3}\">Provenant de l\u2019Artois, il est extrait par \u00e9coulement et par pressage des cires. Son go\u00fbt est donc plus prononc\u00e9.<\/span><\/p>\n<p data-color=\"&quot;rgb(#000000)&quot;\" data-size=\"{&quot;value&quot;:10.87}\"><span data-color=\"&quot;rgb(#000000)&quot;\" data-size=\"{&quot;value&quot;:10.87}\">Origine France<\/span><\/p>\n<p data-color=\"&quot;rgb(#000000)&quot;\" data-size=\"{&quot;value&quot;:10.87}\"><span data-color=\"&quot;rgb(#000000)&quot;\" data-size=\"{&quot;value&quot;:10.87}\">R\u00e9colt\u00e9 et mis en pot par Lo\u00efc Caridroit (apiculteur \u00e0 Mont Saint Eloi)<\/span><\/p>\n","protected":false},"excerpt":{"rendered":"<p>Miel de printemps, toutes fleurs.<br \/>\nMiel r\u00e9colt\u00e9 en mai.<\/p>\n","protected":false},"featured_media":505,"comment_status":"open","ping_status":"closed","template":"","meta":{"ocean_post_layout":"","ocean_both_sidebars_style":"","ocean_both_sidebars_content_width":0,"ocean_both_sidebars_sidebars_width":0,"ocean_sidebar":"0","ocean_second_sidebar":"0","ocean_disable_margins":"enable","ocean_add_body_class":"","ocean_shortcode_before_top_bar":"","ocean_shortcode_after_top_bar":"","ocean_shortcode_before_header":"","ocean_shortcode_after_header":"","ocean_has_shortcode":"","ocean_shortcode_after_title":"","ocean_shortcode_before_footer_widgets":"","ocean_shortcode_after_footer_widgets":"","ocean_shortcode_before_footer_bottom":"","ocean_shortcode_after_footer_bottom":"","ocean_display_top_bar":"default","ocean_display_header":"default","ocean_header_style":"","ocean_center_header_left_menu":"0","ocean_custom_header_template":"0","ocean_custom_logo":0,"ocean_custom_retina_logo":0,"ocean_custom_logo_max_width":0,"ocean_custom_logo_tablet_max_width":0,"ocean_custom_logo_mobile_max_width":0,"ocean_custom_logo_max_height":0,"ocean_custom_logo_tablet_max_height":0,"ocean_custom_logo_mobile_max_height":0,"ocean_header_custom_menu":"0","ocean_menu_typo_font_family":"0","ocean_menu_typo_font_subset":"","ocean_menu_typo_font_size":0,"ocean_menu_typo_font_size_tablet":0,"ocean_menu_typo_font_size_mobile":0,"ocean_menu_typo_font_size_unit":"px","ocean_menu_typo_font_weight":"","ocean_menu_typo_font_weight_tablet":"","ocean_menu_typo_font_weight_mobile":"","ocean_menu_typo_transform":"","ocean_menu_typo_transform_tablet":"","ocean_menu_typo_transform_mobile":"","ocean_menu_typo_line_height":0,"ocean_menu_typo_line_height_tablet":0,"ocean_menu_typo_line_height_mobile":0,"ocean_menu_typo_line_height_unit":"","ocean_menu_typo_spacing":0,"ocean_menu_typo_spacing_tablet":0,"ocean_menu_typo_spacing_mobile":0,"ocean_menu_typo_spacing_unit":"","ocean_menu_link_color":"","ocean_menu_link_color_hover":"","ocean_menu_link_color_active":"","ocean_menu_link_background":"","ocean_menu_link_hover_background":"","ocean_menu_link_active_background":"","ocean_menu_social_links_bg":"","ocean_menu_social_hover_links_bg":"","ocean_menu_social_links_color":"","ocean_menu_social_hover_links_color":"","ocean_disable_title":"default","ocean_disable_heading":"default","ocean_post_title":"","ocean_post_subheading":"","ocean_post_title_style":"","ocean_post_title_background_color":"","ocean_post_title_background":0,"ocean_post_title_bg_image_position":"","ocean_post_title_bg_image_attachment":"","ocean_post_title_bg_image_repeat":"","ocean_post_title_bg_image_size":"","ocean_post_title_height":0,"ocean_post_title_bg_overlay":0.5,"ocean_post_title_bg_overlay_color":"","ocean_disable_breadcrumbs":"default","ocean_breadcrumbs_color":"","ocean_breadcrumbs_separator_color":"","ocean_breadcrumbs_links_color":"","ocean_breadcrumbs_links_hover_color":"","ocean_display_footer_widgets":"default","ocean_display_footer_bottom":"default","ocean_custom_footer_template":"0","jetpack_post_was_ever_published":false,"jetpack_publicize_message":"","jetpack_publicize_feature_enabled":true,"jetpack_social_post_already_shared":false,"jetpack_social_options":{"image_generator_settings":{"template":"highway","default_image_id":0,"font":"","enabled":false},"version":2}},"product_brand":[],"product_cat":[19,25],"product_tag":[],"class_list":{"0":"post-453","1":"product","2":"type-product","3":"status-publish","4":"has-post-thumbnail","6":"product_cat-miels","7":"product_cat-miels-de-printemps","8":"product_shipping_class-pot-de-miel-500g","10":"entry","11":"has-media","13":"first","14":"outofstock","15":"shipping-taxable","16":"purchasable","17":"product-type-simple","18":"has-product-nav","19":"col","20":"span_1_of_5","21":"owp-content-center","22":"owp-thumbs-layout-horizontal","23":"owp-btn-normal","24":"owp-tabs-layout-section","25":"has-no-thumbnails"},"yoast_head":"<!-- This site is optimized with the Yoast SEO Premium plugin v26.5 (Yoast SEO v27.3) - https:\/\/yoast.com\/product\/yoast-seo-premium-wordpress\/ -->\n<title>Miel de fleurs - Printemps - Miel Le Goupil<\/title>\n<meta name=\"description\" content=\"Le miel \u00ab Tour de Miel\u00bb printemps est issu de ruches Warr\u00e9 qui r\u00e9pond \u00e0 une apiculture recentr\u00e9e sur l\u2019abeille et ses besoins. Provenant de l\u2019Artois.\" \/>\n<meta name=\"robots\" content=\"index, follow, max-snippet:-1, max-image-preview:large, max-video-preview:-1\" \/>\n<link rel=\"canonical\" href=\"https:\/\/miel-le-goupil.fr\/index.php\/product\/miel-de-printemps\/\" \/>\n<meta property=\"og:locale\" content=\"fr_FR\" \/>\n<meta property=\"og:type\" content=\"article\" \/>\n<meta property=\"og:title\" content=\"Miel de fleurs - Printemps\" \/>\n<meta property=\"og:description\" content=\"Le miel \u00ab Tour de Miel\u00bb printemps est issu de ruches Warr\u00e9 qui r\u00e9pond \u00e0 une apiculture recentr\u00e9e sur l\u2019abeille et ses besoins. Provenant de l\u2019Artois.\" \/>\n<meta property=\"og:url\" content=\"https:\/\/miel-le-goupil.fr\/index.php\/product\/miel-de-printemps\/\" \/>\n<meta property=\"og:site_name\" content=\"Miel Le Goupil\" \/>\n<meta property=\"article:publisher\" content=\"https:\/\/www.facebook.com\/profile.php?id=100085690041392\" \/>\n<meta property=\"article:modified_time\" content=\"2025-12-01T12:32:20+00:00\" \/>\n<meta property=\"og:image\" content=\"https:\/\/i0.wp.com\/miel-le-goupil.fr\/wp-content\/uploads\/2024\/03\/logo-loic-printemps.png?fit=240%2C282&ssl=1\" \/>\n\t<meta property=\"og:image:width\" content=\"240\" \/>\n\t<meta property=\"og:image:height\" content=\"282\" \/>\n\t<meta property=\"og:image:type\" content=\"image\/png\" \/>\n<meta name=\"twitter:card\" content=\"summary_large_image\" \/>\n<meta name=\"twitter:label1\" content=\"Prix\" \/>\n\t<meta name=\"twitter:data1\" content=\"9,00&nbsp;&euro;\" \/>\n\t<meta name=\"twitter:label2\" content=\"Disponibilit\u00e9\" \/>\n\t<meta name=\"twitter:data2\" content=\"Rupture de stock\" \/>\n<script type=\"application\/ld+json\" class=\"yoast-schema-graph\">{\"@context\":\"https:\\\/\\\/schema.org\",\"@graph\":[{\"@type\":\"WebPage\",\"@id\":\"https:\\\/\\\/miel-le-goupil.fr\\\/index.php\\\/product\\\/miel-de-printemps\\\/\",\"url\":\"https:\\\/\\\/miel-le-goupil.fr\\\/index.php\\\/product\\\/miel-de-printemps\\\/\",\"name\":\"Miel de fleurs - Printemps - Miel Le Goupil\",\"isPartOf\":{\"@id\":\"https:\\\/\\\/miel-le-goupil.fr\\\/#website\"},\"primaryImageOfPage\":{\"@id\":\"https:\\\/\\\/miel-le-goupil.fr\\\/index.php\\\/product\\\/miel-de-printemps\\\/#primaryimage\"},\"image\":{\"@id\":\"https:\\\/\\\/miel-le-goupil.fr\\\/index.php\\\/product\\\/miel-de-printemps\\\/#primaryimage\"},\"thumbnailUrl\":\"https:\\\/\\\/i0.wp.com\\\/miel-le-goupil.fr\\\/wp-content\\\/uploads\\\/2024\\\/03\\\/logo-loic-printemps.png?fit=240%2C282&ssl=1\",\"datePublished\":\"2024-03-25T16:03:19+00:00\",\"dateModified\":\"2025-12-01T12:32:20+00:00\",\"description\":\"Le miel \u00ab Tour de Miel\u00bb printemps est issu de ruches Warr\u00e9 qui r\u00e9pond \u00e0 une apiculture recentr\u00e9e sur l\u2019abeille et ses besoins. Provenant de l\u2019Artois.\",\"breadcrumb\":{\"@id\":\"https:\\\/\\\/miel-le-goupil.fr\\\/index.php\\\/product\\\/miel-de-printemps\\\/#breadcrumb\"},\"inLanguage\":\"fr-FR\",\"potentialAction\":[{\"@type\":\"ReadAction\",\"target\":[\"https:\\\/\\\/miel-le-goupil.fr\\\/index.php\\\/product\\\/miel-de-printemps\\\/\"]}]},{\"@type\":\"ImageObject\",\"inLanguage\":\"fr-FR\",\"@id\":\"https:\\\/\\\/miel-le-goupil.fr\\\/index.php\\\/product\\\/miel-de-printemps\\\/#primaryimage\",\"url\":\"https:\\\/\\\/i0.wp.com\\\/miel-le-goupil.fr\\\/wp-content\\\/uploads\\\/2024\\\/03\\\/logo-loic-printemps.png?fit=240%2C282&ssl=1\",\"contentUrl\":\"https:\\\/\\\/i0.wp.com\\\/miel-le-goupil.fr\\\/wp-content\\\/uploads\\\/2024\\\/03\\\/logo-loic-printemps.png?fit=240%2C282&ssl=1\",\"width\":240,\"height\":282},{\"@type\":\"BreadcrumbList\",\"@id\":\"https:\\\/\\\/miel-le-goupil.fr\\\/index.php\\\/product\\\/miel-de-printemps\\\/#breadcrumb\",\"itemListElement\":[{\"@type\":\"ListItem\",\"position\":1,\"name\":\"Accueil\",\"item\":\"https:\\\/\\\/miel-le-goupil.fr\\\/\"},{\"@type\":\"ListItem\",\"position\":2,\"name\":\"Boutique\",\"item\":\"https:\\\/\\\/miel-le-goupil.fr\\\/index.php\\\/shop\\\/\"},{\"@type\":\"ListItem\",\"position\":3,\"name\":\"Miel de fleurs &#8211; Printemps\"}]},{\"@type\":\"WebSite\",\"@id\":\"https:\\\/\\\/miel-le-goupil.fr\\\/#website\",\"url\":\"https:\\\/\\\/miel-le-goupil.fr\\\/\",\"name\":\"Miel-Le-Goupil\",\"description\":\"Vente de miels le Goupil - producteur r\u00e9coltant\",\"publisher\":{\"@id\":\"https:\\\/\\\/miel-le-goupil.fr\\\/#organization\"},\"alternateName\":\"Miel Le Goupil\",\"potentialAction\":[{\"@type\":\"SearchAction\",\"target\":{\"@type\":\"EntryPoint\",\"urlTemplate\":\"https:\\\/\\\/miel-le-goupil.fr\\\/?s={search_term_string}\"},\"query-input\":{\"@type\":\"PropertyValueSpecification\",\"valueRequired\":true,\"valueName\":\"search_term_string\"}}],\"inLanguage\":\"fr-FR\"},{\"@type\":[\"Organization\",\"Place\"],\"@id\":\"https:\\\/\\\/miel-le-goupil.fr\\\/#organization\",\"name\":\"Miel Le Goupil\",\"alternateName\":\"Monsieur\",\"url\":\"https:\\\/\\\/miel-le-goupil.fr\\\/\",\"logo\":{\"@id\":\"https:\\\/\\\/miel-le-goupil.fr\\\/index.php\\\/product\\\/miel-de-printemps\\\/#local-main-organization-logo\"},\"image\":{\"@id\":\"https:\\\/\\\/miel-le-goupil.fr\\\/index.php\\\/product\\\/miel-de-printemps\\\/#local-main-organization-logo\"},\"sameAs\":[\"https:\\\/\\\/www.facebook.com\\\/profile.php?id=100085690041392\"],\"description\":\"Apiculteur produisant et r\u00e9coltant du miel, mais \u00e9galement du pollen. Le site Miel-Le-Goupil est une boutique en ligne proposant des produits en lien avec l'apiculture.\",\"legalName\":\"miel le goupil\",\"foundingDate\":\"2024-01-01\",\"publishingPrinciples\":\"https:\\\/\\\/miel-le-goupil.fr\\\/index.php\\\/politique-de-confidentialite\\\/\",\"actionableFeedbackPolicy\":\"https:\\\/\\\/miel-le-goupil.fr\\\/index.php\\\/refund_returns\\\/\",\"hasMerchantReturnPolicy\":{\"@type\":\"MerchantReturnPolicy\",\"merchantReturnLink\":\"https:\\\/\\\/miel-le-goupil.fr\\\/index.php\\\/refund_returns\\\/\"},\"address\":{\"@id\":\"https:\\\/\\\/miel-le-goupil.fr\\\/index.php\\\/product\\\/miel-de-printemps\\\/#local-main-place-address\"},\"geo\":{\"@type\":\"GeoCoordinates\",\"latitude\":\"50.35013876685057\",\"longitude\":\"2.66141816347962\"},\"telephone\":[],\"contactPoint\":{\"@type\":\"ContactPoint\",\"telephone\":\"0631607332\",\"email\":\"contact@miel-le-goupil.fr\"},\"openingHoursSpecification\":[{\"@type\":\"OpeningHoursSpecification\",\"dayOfWeek\":[\"Monday\",\"Friday\"],\"opens\":\"08:30\",\"closes\":\"19:30\"},{\"@type\":\"OpeningHoursSpecification\",\"dayOfWeek\":[\"Tuesday\",\"Wednesday\",\"Thursday\",\"Sunday\"],\"opens\":\"00:00\",\"closes\":\"00:00\"},{\"@type\":\"OpeningHoursSpecification\",\"dayOfWeek\":[\"Saturday\"],\"opens\":\"10:00\",\"closes\":\"19:30\"}],\"taxID\":\"91966321100028\"},{\"@type\":\"PostalAddress\",\"@id\":\"https:\\\/\\\/miel-le-goupil.fr\\\/index.php\\\/product\\\/miel-de-printemps\\\/#local-main-place-address\",\"streetAddress\":\"16 chemin salbert\",\"addressLocality\":\"Acq\",\"postalCode\":\"62144\",\"addressCountry\":\"FR\"},{\"@type\":\"ImageObject\",\"inLanguage\":\"fr-FR\",\"@id\":\"https:\\\/\\\/miel-le-goupil.fr\\\/index.php\\\/product\\\/miel-de-printemps\\\/#local-main-organization-logo\",\"url\":\"https:\\\/\\\/i0.wp.com\\\/miel-le-goupil.fr\\\/wp-content\\\/uploads\\\/2024\\\/01\\\/cropped-logo.png?fit=512%2C512&ssl=1\",\"contentUrl\":\"https:\\\/\\\/i0.wp.com\\\/miel-le-goupil.fr\\\/wp-content\\\/uploads\\\/2024\\\/01\\\/cropped-logo.png?fit=512%2C512&ssl=1\",\"width\":512,\"height\":512,\"caption\":\"Miel Le Goupil\"}]}<\/script>\n<meta property=\"product:price:amount\" content=\"9.00\" \/>\n<meta property=\"product:price:currency\" content=\"EUR\" \/>\n<meta property=\"og:availability\" content=\"out of stock\" \/>\n<meta property=\"product:availability\" content=\"out of stock\" \/>\n<meta property=\"product:condition\" content=\"new\" \/>\n<meta name=\"geo.placename\" content=\"Acq\" \/>\n<meta name=\"geo.position\" content=\"50.35013876685057;2.66141816347962\" \/>\n<meta name=\"geo.region\" content=\"France\" \/>\n<!-- \/ Yoast SEO Premium plugin. -->","yoast_head_json":{"title":"Miel de fleurs - Printemps - Miel Le Goupil","description":"Le miel \u00ab Tour de Miel\u00bb printemps est issu de ruches Warr\u00e9 qui r\u00e9pond \u00e0 une apiculture recentr\u00e9e sur l\u2019abeille et ses besoins. Provenant de l\u2019Artois.","robots":{"index":"index","follow":"follow","max-snippet":"max-snippet:-1","max-image-preview":"max-image-preview:large","max-video-preview":"max-video-preview:-1"},"canonical":"https:\/\/miel-le-goupil.fr\/index.php\/product\/miel-de-printemps\/","og_locale":"fr_FR","og_type":"article","og_title":"Miel de fleurs - Printemps","og_description":"Le miel \u00ab Tour de Miel\u00bb printemps est issu de ruches Warr\u00e9 qui r\u00e9pond \u00e0 une apiculture recentr\u00e9e sur l\u2019abeille et ses besoins. Provenant de l\u2019Artois.","og_url":"https:\/\/miel-le-goupil.fr\/index.php\/product\/miel-de-printemps\/","og_site_name":"Miel Le Goupil","article_publisher":"https:\/\/www.facebook.com\/profile.php?id=100085690041392","article_modified_time":"2025-12-01T12:32:20+00:00","og_image":[{"width":240,"height":282,"url":"https:\/\/i0.wp.com\/miel-le-goupil.fr\/wp-content\/uploads\/2024\/03\/logo-loic-printemps.png?fit=240%2C282&ssl=1","type":"image\/png"}],"twitter_card":"summary_large_image","twitter_misc":{"Prix":"9,00&nbsp;&euro;","Disponibilit\u00e9":"Rupture de stock"},"schema":{"@context":"https:\/\/schema.org","@graph":[{"@type":"WebPage","@id":"https:\/\/miel-le-goupil.fr\/index.php\/product\/miel-de-printemps\/","url":"https:\/\/miel-le-goupil.fr\/index.php\/product\/miel-de-printemps\/","name":"Miel de fleurs - Printemps - Miel Le Goupil","isPartOf":{"@id":"https:\/\/miel-le-goupil.fr\/#website"},"primaryImageOfPage":{"@id":"https:\/\/miel-le-goupil.fr\/index.php\/product\/miel-de-printemps\/#primaryimage"},"image":{"@id":"https:\/\/miel-le-goupil.fr\/index.php\/product\/miel-de-printemps\/#primaryimage"},"thumbnailUrl":"https:\/\/i0.wp.com\/miel-le-goupil.fr\/wp-content\/uploads\/2024\/03\/logo-loic-printemps.png?fit=240%2C282&ssl=1","datePublished":"2024-03-25T16:03:19+00:00","dateModified":"2025-12-01T12:32:20+00:00","description":"Le miel \u00ab Tour de Miel\u00bb printemps est issu de ruches Warr\u00e9 qui r\u00e9pond \u00e0 une apiculture recentr\u00e9e sur l\u2019abeille et ses besoins. Provenant de l\u2019Artois.","breadcrumb":{"@id":"https:\/\/miel-le-goupil.fr\/index.php\/product\/miel-de-printemps\/#breadcrumb"},"inLanguage":"fr-FR","potentialAction":[{"@type":"ReadAction","target":["https:\/\/miel-le-goupil.fr\/index.php\/product\/miel-de-printemps\/"]}]},{"@type":"ImageObject","inLanguage":"fr-FR","@id":"https:\/\/miel-le-goupil.fr\/index.php\/product\/miel-de-printemps\/#primaryimage","url":"https:\/\/i0.wp.com\/miel-le-goupil.fr\/wp-content\/uploads\/2024\/03\/logo-loic-printemps.png?fit=240%2C282&ssl=1","contentUrl":"https:\/\/i0.wp.com\/miel-le-goupil.fr\/wp-content\/uploads\/2024\/03\/logo-loic-printemps.png?fit=240%2C282&ssl=1","width":240,"height":282},{"@type":"BreadcrumbList","@id":"https:\/\/miel-le-goupil.fr\/index.php\/product\/miel-de-printemps\/#breadcrumb","itemListElement":[{"@type":"ListItem","position":1,"name":"Accueil","item":"https:\/\/miel-le-goupil.fr\/"},{"@type":"ListItem","position":2,"name":"Boutique","item":"https:\/\/miel-le-goupil.fr\/index.php\/shop\/"},{"@type":"ListItem","position":3,"name":"Miel de fleurs &#8211; Printemps"}]},{"@type":"WebSite","@id":"https:\/\/miel-le-goupil.fr\/#website","url":"https:\/\/miel-le-goupil.fr\/","name":"Miel-Le-Goupil","description":"Vente de miels le Goupil - producteur r\u00e9coltant","publisher":{"@id":"https:\/\/miel-le-goupil.fr\/#organization"},"alternateName":"Miel Le Goupil","potentialAction":[{"@type":"SearchAction","target":{"@type":"EntryPoint","urlTemplate":"https:\/\/miel-le-goupil.fr\/?s={search_term_string}"},"query-input":{"@type":"PropertyValueSpecification","valueRequired":true,"valueName":"search_term_string"}}],"inLanguage":"fr-FR"},{"@type":["Organization","Place"],"@id":"https:\/\/miel-le-goupil.fr\/#organization","name":"Miel Le Goupil","alternateName":"Monsieur","url":"https:\/\/miel-le-goupil.fr\/","logo":{"@id":"https:\/\/miel-le-goupil.fr\/index.php\/product\/miel-de-printemps\/#local-main-organization-logo"},"image":{"@id":"https:\/\/miel-le-goupil.fr\/index.php\/product\/miel-de-printemps\/#local-main-organization-logo"},"sameAs":["https:\/\/www.facebook.com\/profile.php?id=100085690041392"],"description":"Apiculteur produisant et r\u00e9coltant du miel, mais \u00e9galement du pollen. Le site Miel-Le-Goupil est une boutique en ligne proposant des produits en lien avec l'apiculture.","legalName":"miel le goupil","foundingDate":"2024-01-01","publishingPrinciples":"https:\/\/miel-le-goupil.fr\/index.php\/politique-de-confidentialite\/","actionableFeedbackPolicy":"https:\/\/miel-le-goupil.fr\/index.php\/refund_returns\/","hasMerchantReturnPolicy":{"@type":"MerchantReturnPolicy","merchantReturnLink":"https:\/\/miel-le-goupil.fr\/index.php\/refund_returns\/"},"address":{"@id":"https:\/\/miel-le-goupil.fr\/index.php\/product\/miel-de-printemps\/#local-main-place-address"},"geo":{"@type":"GeoCoordinates","latitude":"50.35013876685057","longitude":"2.66141816347962"},"telephone":[],"contactPoint":{"@type":"ContactPoint","telephone":"0631607332","email":"contact@miel-le-goupil.fr"},"openingHoursSpecification":[{"@type":"OpeningHoursSpecification","dayOfWeek":["Monday","Friday"],"opens":"08:30","closes":"19:30"},{"@type":"OpeningHoursSpecification","dayOfWeek":["Tuesday","Wednesday","Thursday","Sunday"],"opens":"00:00","closes":"00:00"},{"@type":"OpeningHoursSpecification","dayOfWeek":["Saturday"],"opens":"10:00","closes":"19:30"}],"taxID":"91966321100028"},{"@type":"PostalAddress","@id":"https:\/\/miel-le-goupil.fr\/index.php\/product\/miel-de-printemps\/#local-main-place-address","streetAddress":"16 chemin salbert","addressLocality":"Acq","postalCode":"62144","addressCountry":"FR"},{"@type":"ImageObject","inLanguage":"fr-FR","@id":"https:\/\/miel-le-goupil.fr\/index.php\/product\/miel-de-printemps\/#local-main-organization-logo","url":"https:\/\/i0.wp.com\/miel-le-goupil.fr\/wp-content\/uploads\/2024\/01\/cropped-logo.png?fit=512%2C512&ssl=1","contentUrl":"https:\/\/i0.wp.com\/miel-le-goupil.fr\/wp-content\/uploads\/2024\/01\/cropped-logo.png?fit=512%2C512&ssl=1","width":512,"height":512,"caption":"Miel Le Goupil"}]},"product_price_amount":"9.00","product_price_currency":"EUR","og_availability":"out of stock","product_availability":"out of stock","product_condition":"new","geo.placename":"Acq","geo.position":{"lat":"50.35013876685057","long":"2.66141816347962"},"geo.region":"France"},"jetpack_publicize_connections":[],"jetpack_sharing_enabled":true,"jetpack_likes_enabled":true,"jetpack-related-posts":[{"id":55,"url":"https:\/\/miel-le-goupil.fr\/index.php\/product\/miel-de-fleurs-printemps\/","url_meta":{"origin":453,"position":0},"title":"Miel de fleurs &#8211; Printemps","author":"goupil.thomas","date":"8 janvier 2024","format":false,"excerpt":"Miel de printemps, toutes fleurs, de l'Artois (communes du Pas-de-Calais) Vid\u00e9o du produit","rel":"","context":"Avec 2 commentaires","block_context":{"text":"Avec 2 commentaires","link":"https:\/\/miel-le-goupil.fr\/index.php\/product\/miel-de-fleurs-printemps\/#comments"},"img":{"alt_text":"","src":"https:\/\/i0.wp.com\/miel-le-goupil.fr\/wp-content\/uploads\/2024\/01\/img_7365-scaled.jpeg?fit=900%2C1200&ssl=1&resize=350%2C200","width":350,"height":200,"srcset":"https:\/\/i0.wp.com\/miel-le-goupil.fr\/wp-content\/uploads\/2024\/01\/img_7365-scaled.jpeg?fit=900%2C1200&ssl=1&resize=350%2C200 1x, https:\/\/i0.wp.com\/miel-le-goupil.fr\/wp-content\/uploads\/2024\/01\/img_7365-scaled.jpeg?fit=900%2C1200&ssl=1&resize=525%2C300 1.5x, https:\/\/i0.wp.com\/miel-le-goupil.fr\/wp-content\/uploads\/2024\/01\/img_7365-scaled.jpeg?fit=900%2C1200&ssl=1&resize=700%2C400 2x"},"classes":[]},{"id":58,"url":"https:\/\/miel-le-goupil.fr\/index.php\/product\/miel-de-fleurs-ete\/","url_meta":{"origin":453,"position":1},"title":"Miel de fleurs &#8211; \u00c9t\u00e9","author":"goupil.thomas","date":"8 janvier 2024","format":false,"excerpt":"Miel le goupil d'\u00e9t\u00e9, toutes fleurs, de l'Artois (Communes du Pas-De-Calais). Miel r\u00e9colt\u00e9 en ao\u00fbt. \u00a0","rel":"","context":"Article similaire","block_context":{"text":"Article similaire","link":""},"img":{"alt_text":"","src":"https:\/\/i0.wp.com\/miel-le-goupil.fr\/wp-content\/uploads\/2024\/01\/img_8626-1-scaled.jpeg?fit=724%2C1200&ssl=1&resize=350%2C200","width":350,"height":200,"srcset":"https:\/\/i0.wp.com\/miel-le-goupil.fr\/wp-content\/uploads\/2024\/01\/img_8626-1-scaled.jpeg?fit=724%2C1200&ssl=1&resize=350%2C200 1x, https:\/\/i0.wp.com\/miel-le-goupil.fr\/wp-content\/uploads\/2024\/01\/img_8626-1-scaled.jpeg?fit=724%2C1200&ssl=1&resize=525%2C300 1.5x, https:\/\/i0.wp.com\/miel-le-goupil.fr\/wp-content\/uploads\/2024\/01\/img_8626-1-scaled.jpeg?fit=724%2C1200&ssl=1&resize=700%2C400 2x"},"classes":[]},{"id":458,"url":"https:\/\/miel-le-goupil.fr\/index.php\/product\/miel-de-fleurs-ete-2\/","url_meta":{"origin":453,"position":2},"title":"Miel de fleurs &#8211; \u00c9t\u00e9","author":"goupil.thomas","date":"25 mars 2024","format":false,"excerpt":"Miel d'\u00e9t\u00e9, toutes fleurs. Miel r\u00e9colt\u00e9 en ao\u00fbt.","rel":"","context":"Article similaire","block_context":{"text":"Article similaire","link":""},"img":{"alt_text":"","src":"https:\/\/i0.wp.com\/miel-le-goupil.fr\/wp-content\/uploads\/2024\/03\/logo-loic-ete-1.png?fit=242%2C281&ssl=1&resize=350%2C200","width":350,"height":200},"classes":[]},{"id":1958,"url":"https:\/\/miel-le-goupil.fr\/index.php\/product\/bougie-fleur-cire-abeille\/","url_meta":{"origin":453,"position":3},"title":"Bougie fleur en cire d\u2019abeille naturelle","author":"goupil.thomas","date":"30 d\u00e9cembre 2025","format":false,"excerpt":"Bougie artisanale en forme de fleur, finement sculpt\u00e9e, fabriqu\u00e9e en cire d\u2019abeille 100 % naturelle issue de nos propres ruches. Une d\u00e9coration \u00e9l\u00e9gante et naturelle.","rel":"","context":"Article similaire","block_context":{"text":"Article similaire","link":""},"img":{"alt_text":"","src":"","width":0,"height":0},"classes":[]},{"id":1561,"url":"https:\/\/miel-le-goupil.fr\/index.php\/product\/pollen-frais-2\/","url_meta":{"origin":453,"position":4},"title":"pollen frais &#8211; 30 g","author":"goupil.thomas","date":"2 juin 2025","format":false,"excerpt":"Petit pot de pollen frais de 30 g pour tester. Il y a l'\u00e9quivalent de 8 c.c de pollen.","rel":"","context":"Article similaire","block_context":{"text":"Article similaire","link":""},"img":{"alt_text":"","src":"https:\/\/i0.wp.com\/miel-le-goupil.fr\/wp-content\/uploads\/2025\/06\/img_7507-scaled.jpeg?fit=900%2C1200&ssl=1&resize=350%2C200","width":350,"height":200,"srcset":"https:\/\/i0.wp.com\/miel-le-goupil.fr\/wp-content\/uploads\/2025\/06\/img_7507-scaled.jpeg?fit=900%2C1200&ssl=1&resize=350%2C200 1x, https:\/\/i0.wp.com\/miel-le-goupil.fr\/wp-content\/uploads\/2025\/06\/img_7507-scaled.jpeg?fit=900%2C1200&ssl=1&resize=525%2C300 1.5x, https:\/\/i0.wp.com\/miel-le-goupil.fr\/wp-content\/uploads\/2025\/06\/img_7507-scaled.jpeg?fit=900%2C1200&ssl=1&resize=700%2C400 2x"},"classes":[]},{"id":775,"url":"https:\/\/miel-le-goupil.fr\/index.php\/product\/pollen-frais\/","url_meta":{"origin":453,"position":5},"title":"pollen frais &#8211; 230 g","author":"goupil.thomas","date":"3 janvier 2025","format":false,"excerpt":"Pot de pollen frais de 230 g","rel":"","context":"Article similaire","block_context":{"text":"Article similaire","link":""},"img":{"alt_text":"","src":"https:\/\/i0.wp.com\/miel-le-goupil.fr\/wp-content\/uploads\/2025\/01\/img_7503-scaled.jpeg?fit=900%2C1200&ssl=1&resize=350%2C200","width":350,"height":200,"srcset":"https:\/\/i0.wp.com\/miel-le-goupil.fr\/wp-content\/uploads\/2025\/01\/img_7503-scaled.jpeg?fit=900%2C1200&ssl=1&resize=350%2C200 1x, https:\/\/i0.wp.com\/miel-le-goupil.fr\/wp-content\/uploads\/2025\/01\/img_7503-scaled.jpeg?fit=900%2C1200&ssl=1&resize=525%2C300 1.5x, https:\/\/i0.wp.com\/miel-le-goupil.fr\/wp-content\/uploads\/2025\/01\/img_7503-scaled.jpeg?fit=900%2C1200&ssl=1&resize=700%2C400 2x"},"classes":[]}],"_links":{"self":[{"href":"https:\/\/miel-le-goupil.fr\/index.php\/wp-json\/wp\/v2\/product\/453","targetHints":{"allow":["GET"]}}],"collection":[{"href":"https:\/\/miel-le-goupil.fr\/index.php\/wp-json\/wp\/v2\/product"}],"about":[{"href":"https:\/\/miel-le-goupil.fr\/index.php\/wp-json\/wp\/v2\/types\/product"}],"replies":[{"embeddable":true,"href":"https:\/\/miel-le-goupil.fr\/index.php\/wp-json\/wp\/v2\/comments?post=453"}],"wp:featuredmedia":[{"embeddable":true,"href":"https:\/\/miel-le-goupil.fr\/index.php\/wp-json\/wp\/v2\/media\/505"}],"wp:attachment":[{"href":"https:\/\/miel-le-goupil.fr\/index.php\/wp-json\/wp\/v2\/media?parent=453"}],"wp:term":[{"taxonomy":"product_brand","embeddable":true,"href":"https:\/\/miel-le-goupil.fr\/index.php\/wp-json\/wp\/v2\/product_brand?post=453"},{"taxonomy":"product_cat","embeddable":true,"href":"https:\/\/miel-le-goupil.fr\/index.php\/wp-json\/wp\/v2\/product_cat?post=453"},{"taxonomy":"product_tag","embeddable":true,"href":"https:\/\/miel-le-goupil.fr\/index.php\/wp-json\/wp\/v2\/product_tag?post=453"}],"curies":[{"name":"wp","href":"https:\/\/api.w.org\/{rel}","templated":true}]}}