{"id":61,"date":"2024-01-09T11:26:05","date_gmt":"2024-01-09T10:26:05","guid":{"rendered":"https:\/\/miel-le-goupil.fr\/?post_type=product&#038;p=61"},"modified":"2025-07-29T11:29:17","modified_gmt":"2025-07-29T09:29:17","slug":"reine-vierge","status":"publish","type":"product","link":"https:\/\/miel-le-goupil.fr\/index.php\/product\/reine-vierge\/","title":{"rendered":"Reine vierge"},"content":{"rendered":"<p>Reine vierge qui s&rsquo;est d\u00e9velopp\u00e9 en incubateur.<\/p>\n<p>Elles sont issues d&rsquo;un picking sur une ruche s\u00e9lectionn\u00e9e pour la qualit\u00e9 de la ponte, et sans agressivit\u00e9.<\/p>\n<p>merci de prendre contact avant, pour conna\u00eetre la date de mise \u00e0 disposition.<\/p>\n","protected":false},"excerpt":{"rendered":"<p>Reine vierge<\/p>\n","protected":false},"featured_media":516,"comment_status":"open","ping_status":"closed","template":"","meta":{"ocean_post_layout":"","ocean_both_sidebars_style":"","ocean_both_sidebars_content_width":0,"ocean_both_sidebars_sidebars_width":0,"ocean_sidebar":"0","ocean_second_sidebar":"0","ocean_disable_margins":"enable","ocean_add_body_class":"","ocean_shortcode_before_top_bar":"","ocean_shortcode_after_top_bar":"","ocean_shortcode_before_header":"","ocean_shortcode_after_header":"","ocean_has_shortcode":"","ocean_shortcode_after_title":"","ocean_shortcode_before_footer_widgets":"","ocean_shortcode_after_footer_widgets":"","ocean_shortcode_before_footer_bottom":"","ocean_shortcode_after_footer_bottom":"","ocean_display_top_bar":"default","ocean_display_header":"default","ocean_header_style":"","ocean_center_header_left_menu":"0","ocean_custom_header_template":"0","ocean_custom_logo":0,"ocean_custom_retina_logo":0,"ocean_custom_logo_max_width":0,"ocean_custom_logo_tablet_max_width":0,"ocean_custom_logo_mobile_max_width":0,"ocean_custom_logo_max_height":0,"ocean_custom_logo_tablet_max_height":0,"ocean_custom_logo_mobile_max_height":0,"ocean_header_custom_menu":"0","ocean_menu_typo_font_family":"0","ocean_menu_typo_font_subset":"","ocean_menu_typo_font_size":0,"ocean_menu_typo_font_size_tablet":0,"ocean_menu_typo_font_size_mobile":0,"ocean_menu_typo_font_size_unit":"px","ocean_menu_typo_font_weight":"","ocean_menu_typo_font_weight_tablet":"","ocean_menu_typo_font_weight_mobile":"","ocean_menu_typo_transform":"","ocean_menu_typo_transform_tablet":"","ocean_menu_typo_transform_mobile":"","ocean_menu_typo_line_height":0,"ocean_menu_typo_line_height_tablet":0,"ocean_menu_typo_line_height_mobile":0,"ocean_menu_typo_line_height_unit":"","ocean_menu_typo_spacing":0,"ocean_menu_typo_spacing_tablet":0,"ocean_menu_typo_spacing_mobile":0,"ocean_menu_typo_spacing_unit":"","ocean_menu_link_color":"","ocean_menu_link_color_hover":"","ocean_menu_link_color_active":"","ocean_menu_link_background":"","ocean_menu_link_hover_background":"","ocean_menu_link_active_background":"","ocean_menu_social_links_bg":"","ocean_menu_social_hover_links_bg":"","ocean_menu_social_links_color":"","ocean_menu_social_hover_links_color":"","ocean_disable_title":"default","ocean_disable_heading":"default","ocean_post_title":"","ocean_post_subheading":"","ocean_post_title_style":"","ocean_post_title_background_color":"","ocean_post_title_background":0,"ocean_post_title_bg_image_position":"","ocean_post_title_bg_image_attachment":"","ocean_post_title_bg_image_repeat":"","ocean_post_title_bg_image_size":"","ocean_post_title_height":0,"ocean_post_title_bg_overlay":0.5,"ocean_post_title_bg_overlay_color":"","ocean_disable_breadcrumbs":"default","ocean_breadcrumbs_color":"","ocean_breadcrumbs_separator_color":"","ocean_breadcrumbs_links_color":"","ocean_breadcrumbs_links_hover_color":"","ocean_display_footer_widgets":"default","ocean_display_footer_bottom":"default","ocean_custom_footer_template":"0","jetpack_post_was_ever_published":false,"jetpack_publicize_message":"","jetpack_publicize_feature_enabled":true,"jetpack_social_post_already_shared":false,"jetpack_social_options":{"image_generator_settings":{"template":"highway","default_image_id":0,"font":"","enabled":false},"version":2}},"product_brand":[],"product_cat":[22],"product_tag":[27],"class_list":{"0":"post-61","1":"product","2":"type-product","3":"status-publish","4":"has-post-thumbnail","6":"product_cat-reines","7":"product_tag-reine-vierge","9":"entry","10":"has-media","12":"first","13":"outofstock","14":"shipping-taxable","15":"purchasable","16":"product-type-simple","17":"has-product-nav","18":"col","19":"span_1_of_5","20":"owp-content-center","21":"owp-thumbs-layout-horizontal","22":"owp-btn-normal","23":"owp-tabs-layout-section","24":"has-no-thumbnails"},"yoast_head":"<!-- This site is optimized with the Yoast SEO Premium plugin v26.5 (Yoast SEO v27.3) - https:\/\/yoast.com\/product\/yoast-seo-premium-wordpress\/ -->\n<title>Reine vierge - Miel Le Goupil<\/title>\n<meta name=\"description\" content=\"Reine vierge qui s&#039;est d\u00e9velopp\u00e9 en incubateur.Elles sont issues d&#039;un picking sur une ruche s\u00e9lectionn\u00e9e pour la qualit\u00e9 de la ponte, et sans agressivit\u00e9.\" \/>\n<meta name=\"robots\" content=\"index, follow, max-snippet:-1, max-image-preview:large, max-video-preview:-1\" \/>\n<link rel=\"canonical\" href=\"https:\/\/miel-le-goupil.fr\/index.php\/product\/reine-vierge\/\" \/>\n<meta property=\"og:locale\" content=\"fr_FR\" \/>\n<meta property=\"og:type\" content=\"article\" \/>\n<meta property=\"og:title\" content=\"Reine vierge\" \/>\n<meta property=\"og:description\" content=\"Reine vierge qui s&#039;est d\u00e9velopp\u00e9 en incubateur.Elles sont issues d&#039;un picking sur une ruche s\u00e9lectionn\u00e9e pour la qualit\u00e9 de la ponte, et sans agressivit\u00e9.\" \/>\n<meta property=\"og:url\" content=\"https:\/\/miel-le-goupil.fr\/index.php\/product\/reine-vierge\/\" \/>\n<meta property=\"og:site_name\" content=\"Miel Le Goupil\" \/>\n<meta property=\"article:publisher\" content=\"https:\/\/www.facebook.com\/profile.php?id=100085690041392\" \/>\n<meta property=\"article:modified_time\" content=\"2025-07-29T09:29:17+00:00\" \/>\n<meta property=\"og:image\" content=\"https:\/\/i0.wp.com\/miel-le-goupil.fr\/wp-content\/uploads\/2024\/06\/img_1850-scaled.jpeg?fit=1920%2C2560&ssl=1\" \/>\n\t<meta property=\"og:image:width\" content=\"1920\" \/>\n\t<meta property=\"og:image:height\" content=\"2560\" \/>\n\t<meta property=\"og:image:type\" content=\"image\/jpeg\" \/>\n<meta name=\"twitter:card\" content=\"summary_large_image\" \/>\n<meta name=\"twitter:label1\" content=\"Prix\" \/>\n\t<meta name=\"twitter:data1\" content=\"10,00&nbsp;&euro;\" \/>\n\t<meta name=\"twitter:label2\" content=\"Disponibilit\u00e9\" \/>\n\t<meta name=\"twitter:data2\" content=\"Rupture de stock\" \/>\n<script type=\"application\/ld+json\" class=\"yoast-schema-graph\">{\"@context\":\"https:\\\/\\\/schema.org\",\"@graph\":[{\"@type\":\"WebPage\",\"@id\":\"https:\\\/\\\/miel-le-goupil.fr\\\/index.php\\\/product\\\/reine-vierge\\\/\",\"url\":\"https:\\\/\\\/miel-le-goupil.fr\\\/index.php\\\/product\\\/reine-vierge\\\/\",\"name\":\"Reine vierge - Miel Le Goupil\",\"isPartOf\":{\"@id\":\"https:\\\/\\\/miel-le-goupil.fr\\\/#website\"},\"primaryImageOfPage\":{\"@id\":\"https:\\\/\\\/miel-le-goupil.fr\\\/index.php\\\/product\\\/reine-vierge\\\/#primaryimage\"},\"image\":{\"@id\":\"https:\\\/\\\/miel-le-goupil.fr\\\/index.php\\\/product\\\/reine-vierge\\\/#primaryimage\"},\"thumbnailUrl\":\"https:\\\/\\\/i0.wp.com\\\/miel-le-goupil.fr\\\/wp-content\\\/uploads\\\/2024\\\/06\\\/img_1850-scaled.jpeg?fit=1920%2C2560&ssl=1\",\"datePublished\":\"2024-01-09T10:26:05+00:00\",\"dateModified\":\"2025-07-29T09:29:17+00:00\",\"description\":\"Reine vierge qui s'est d\u00e9velopp\u00e9 en incubateur.Elles sont issues d'un picking sur une ruche s\u00e9lectionn\u00e9e pour la qualit\u00e9 de la ponte, et sans agressivit\u00e9.\",\"breadcrumb\":{\"@id\":\"https:\\\/\\\/miel-le-goupil.fr\\\/index.php\\\/product\\\/reine-vierge\\\/#breadcrumb\"},\"inLanguage\":\"fr-FR\",\"potentialAction\":[{\"@type\":\"ReadAction\",\"target\":[\"https:\\\/\\\/miel-le-goupil.fr\\\/index.php\\\/product\\\/reine-vierge\\\/\"]}]},{\"@type\":\"ImageObject\",\"inLanguage\":\"fr-FR\",\"@id\":\"https:\\\/\\\/miel-le-goupil.fr\\\/index.php\\\/product\\\/reine-vierge\\\/#primaryimage\",\"url\":\"https:\\\/\\\/i0.wp.com\\\/miel-le-goupil.fr\\\/wp-content\\\/uploads\\\/2024\\\/06\\\/img_1850-scaled.jpeg?fit=1920%2C2560&ssl=1\",\"contentUrl\":\"https:\\\/\\\/i0.wp.com\\\/miel-le-goupil.fr\\\/wp-content\\\/uploads\\\/2024\\\/06\\\/img_1850-scaled.jpeg?fit=1920%2C2560&ssl=1\",\"width\":1920,\"height\":2560},{\"@type\":\"BreadcrumbList\",\"@id\":\"https:\\\/\\\/miel-le-goupil.fr\\\/index.php\\\/product\\\/reine-vierge\\\/#breadcrumb\",\"itemListElement\":[{\"@type\":\"ListItem\",\"position\":1,\"name\":\"Accueil\",\"item\":\"https:\\\/\\\/miel-le-goupil.fr\\\/\"},{\"@type\":\"ListItem\",\"position\":2,\"name\":\"Boutique\",\"item\":\"https:\\\/\\\/miel-le-goupil.fr\\\/index.php\\\/shop\\\/\"},{\"@type\":\"ListItem\",\"position\":3,\"name\":\"Reine vierge\"}]},{\"@type\":\"WebSite\",\"@id\":\"https:\\\/\\\/miel-le-goupil.fr\\\/#website\",\"url\":\"https:\\\/\\\/miel-le-goupil.fr\\\/\",\"name\":\"Miel-Le-Goupil\",\"description\":\"Vente de miels le Goupil - producteur r\u00e9coltant\",\"publisher\":{\"@id\":\"https:\\\/\\\/miel-le-goupil.fr\\\/#organization\"},\"alternateName\":\"Miel Le Goupil\",\"potentialAction\":[{\"@type\":\"SearchAction\",\"target\":{\"@type\":\"EntryPoint\",\"urlTemplate\":\"https:\\\/\\\/miel-le-goupil.fr\\\/?s={search_term_string}\"},\"query-input\":{\"@type\":\"PropertyValueSpecification\",\"valueRequired\":true,\"valueName\":\"search_term_string\"}}],\"inLanguage\":\"fr-FR\"},{\"@type\":[\"Organization\",\"Place\"],\"@id\":\"https:\\\/\\\/miel-le-goupil.fr\\\/#organization\",\"name\":\"Miel Le Goupil\",\"alternateName\":\"Monsieur\",\"url\":\"https:\\\/\\\/miel-le-goupil.fr\\\/\",\"logo\":{\"@id\":\"https:\\\/\\\/miel-le-goupil.fr\\\/index.php\\\/product\\\/reine-vierge\\\/#local-main-organization-logo\"},\"image\":{\"@id\":\"https:\\\/\\\/miel-le-goupil.fr\\\/index.php\\\/product\\\/reine-vierge\\\/#local-main-organization-logo\"},\"sameAs\":[\"https:\\\/\\\/www.facebook.com\\\/profile.php?id=100085690041392\"],\"description\":\"Apiculteur produisant et r\u00e9coltant du miel, mais \u00e9galement du pollen. Le site Miel-Le-Goupil est une boutique en ligne proposant des produits en lien avec l'apiculture.\",\"legalName\":\"miel le goupil\",\"foundingDate\":\"2024-01-01\",\"publishingPrinciples\":\"https:\\\/\\\/miel-le-goupil.fr\\\/index.php\\\/politique-de-confidentialite\\\/\",\"actionableFeedbackPolicy\":\"https:\\\/\\\/miel-le-goupil.fr\\\/index.php\\\/refund_returns\\\/\",\"hasMerchantReturnPolicy\":{\"@type\":\"MerchantReturnPolicy\",\"merchantReturnLink\":\"https:\\\/\\\/miel-le-goupil.fr\\\/index.php\\\/refund_returns\\\/\"},\"address\":{\"@id\":\"https:\\\/\\\/miel-le-goupil.fr\\\/index.php\\\/product\\\/reine-vierge\\\/#local-main-place-address\"},\"geo\":{\"@type\":\"GeoCoordinates\",\"latitude\":\"50.35013876685057\",\"longitude\":\"2.66141816347962\"},\"telephone\":[],\"contactPoint\":{\"@type\":\"ContactPoint\",\"telephone\":\"0631607332\",\"email\":\"contact@miel-le-goupil.fr\"},\"openingHoursSpecification\":[{\"@type\":\"OpeningHoursSpecification\",\"dayOfWeek\":[\"Monday\",\"Friday\"],\"opens\":\"08:30\",\"closes\":\"19:30\"},{\"@type\":\"OpeningHoursSpecification\",\"dayOfWeek\":[\"Tuesday\",\"Wednesday\",\"Thursday\",\"Sunday\"],\"opens\":\"00:00\",\"closes\":\"00:00\"},{\"@type\":\"OpeningHoursSpecification\",\"dayOfWeek\":[\"Saturday\"],\"opens\":\"10:00\",\"closes\":\"19:30\"}],\"taxID\":\"91966321100028\"},{\"@type\":\"PostalAddress\",\"@id\":\"https:\\\/\\\/miel-le-goupil.fr\\\/index.php\\\/product\\\/reine-vierge\\\/#local-main-place-address\",\"streetAddress\":\"16 chemin salbert\",\"addressLocality\":\"Acq\",\"postalCode\":\"62144\",\"addressCountry\":\"FR\"},{\"@type\":\"ImageObject\",\"inLanguage\":\"fr-FR\",\"@id\":\"https:\\\/\\\/miel-le-goupil.fr\\\/index.php\\\/product\\\/reine-vierge\\\/#local-main-organization-logo\",\"url\":\"https:\\\/\\\/i0.wp.com\\\/miel-le-goupil.fr\\\/wp-content\\\/uploads\\\/2024\\\/01\\\/cropped-logo.png?fit=512%2C512&ssl=1\",\"contentUrl\":\"https:\\\/\\\/i0.wp.com\\\/miel-le-goupil.fr\\\/wp-content\\\/uploads\\\/2024\\\/01\\\/cropped-logo.png?fit=512%2C512&ssl=1\",\"width\":512,\"height\":512,\"caption\":\"Miel Le Goupil\"}]}<\/script>\n<meta property=\"product:price:amount\" content=\"10.00\" \/>\n<meta property=\"product:price:currency\" content=\"EUR\" \/>\n<meta property=\"og:availability\" content=\"out of stock\" \/>\n<meta property=\"product:availability\" content=\"out of stock\" \/>\n<meta property=\"product:retailer_item_id\" content=\"REINE_VIERGE\" \/>\n<meta property=\"product:condition\" content=\"new\" \/>\n<meta name=\"geo.placename\" content=\"Acq\" \/>\n<meta name=\"geo.position\" content=\"50.35013876685057;2.66141816347962\" \/>\n<meta name=\"geo.region\" content=\"France\" \/>\n<!-- \/ Yoast SEO Premium plugin. -->","yoast_head_json":{"title":"Reine vierge - Miel Le Goupil","description":"Reine vierge qui s'est d\u00e9velopp\u00e9 en incubateur.Elles sont issues d'un picking sur une ruche s\u00e9lectionn\u00e9e pour la qualit\u00e9 de la ponte, et sans agressivit\u00e9.","robots":{"index":"index","follow":"follow","max-snippet":"max-snippet:-1","max-image-preview":"max-image-preview:large","max-video-preview":"max-video-preview:-1"},"canonical":"https:\/\/miel-le-goupil.fr\/index.php\/product\/reine-vierge\/","og_locale":"fr_FR","og_type":"article","og_title":"Reine vierge","og_description":"Reine vierge qui s'est d\u00e9velopp\u00e9 en incubateur.Elles sont issues d'un picking sur une ruche s\u00e9lectionn\u00e9e pour la qualit\u00e9 de la ponte, et sans agressivit\u00e9.","og_url":"https:\/\/miel-le-goupil.fr\/index.php\/product\/reine-vierge\/","og_site_name":"Miel Le Goupil","article_publisher":"https:\/\/www.facebook.com\/profile.php?id=100085690041392","article_modified_time":"2025-07-29T09:29:17+00:00","og_image":[{"width":1920,"height":2560,"url":"https:\/\/i0.wp.com\/miel-le-goupil.fr\/wp-content\/uploads\/2024\/06\/img_1850-scaled.jpeg?fit=1920%2C2560&ssl=1","type":"image\/jpeg"}],"twitter_card":"summary_large_image","twitter_misc":{"Prix":"10,00&nbsp;&euro;","Disponibilit\u00e9":"Rupture de stock"},"schema":{"@context":"https:\/\/schema.org","@graph":[{"@type":"WebPage","@id":"https:\/\/miel-le-goupil.fr\/index.php\/product\/reine-vierge\/","url":"https:\/\/miel-le-goupil.fr\/index.php\/product\/reine-vierge\/","name":"Reine vierge - Miel Le Goupil","isPartOf":{"@id":"https:\/\/miel-le-goupil.fr\/#website"},"primaryImageOfPage":{"@id":"https:\/\/miel-le-goupil.fr\/index.php\/product\/reine-vierge\/#primaryimage"},"image":{"@id":"https:\/\/miel-le-goupil.fr\/index.php\/product\/reine-vierge\/#primaryimage"},"thumbnailUrl":"https:\/\/i0.wp.com\/miel-le-goupil.fr\/wp-content\/uploads\/2024\/06\/img_1850-scaled.jpeg?fit=1920%2C2560&ssl=1","datePublished":"2024-01-09T10:26:05+00:00","dateModified":"2025-07-29T09:29:17+00:00","description":"Reine vierge qui s'est d\u00e9velopp\u00e9 en incubateur.Elles sont issues d'un picking sur une ruche s\u00e9lectionn\u00e9e pour la qualit\u00e9 de la ponte, et sans agressivit\u00e9.","breadcrumb":{"@id":"https:\/\/miel-le-goupil.fr\/index.php\/product\/reine-vierge\/#breadcrumb"},"inLanguage":"fr-FR","potentialAction":[{"@type":"ReadAction","target":["https:\/\/miel-le-goupil.fr\/index.php\/product\/reine-vierge\/"]}]},{"@type":"ImageObject","inLanguage":"fr-FR","@id":"https:\/\/miel-le-goupil.fr\/index.php\/product\/reine-vierge\/#primaryimage","url":"https:\/\/i0.wp.com\/miel-le-goupil.fr\/wp-content\/uploads\/2024\/06\/img_1850-scaled.jpeg?fit=1920%2C2560&ssl=1","contentUrl":"https:\/\/i0.wp.com\/miel-le-goupil.fr\/wp-content\/uploads\/2024\/06\/img_1850-scaled.jpeg?fit=1920%2C2560&ssl=1","width":1920,"height":2560},{"@type":"BreadcrumbList","@id":"https:\/\/miel-le-goupil.fr\/index.php\/product\/reine-vierge\/#breadcrumb","itemListElement":[{"@type":"ListItem","position":1,"name":"Accueil","item":"https:\/\/miel-le-goupil.fr\/"},{"@type":"ListItem","position":2,"name":"Boutique","item":"https:\/\/miel-le-goupil.fr\/index.php\/shop\/"},{"@type":"ListItem","position":3,"name":"Reine vierge"}]},{"@type":"WebSite","@id":"https:\/\/miel-le-goupil.fr\/#website","url":"https:\/\/miel-le-goupil.fr\/","name":"Miel-Le-Goupil","description":"Vente de miels le Goupil - producteur r\u00e9coltant","publisher":{"@id":"https:\/\/miel-le-goupil.fr\/#organization"},"alternateName":"Miel Le Goupil","potentialAction":[{"@type":"SearchAction","target":{"@type":"EntryPoint","urlTemplate":"https:\/\/miel-le-goupil.fr\/?s={search_term_string}"},"query-input":{"@type":"PropertyValueSpecification","valueRequired":true,"valueName":"search_term_string"}}],"inLanguage":"fr-FR"},{"@type":["Organization","Place"],"@id":"https:\/\/miel-le-goupil.fr\/#organization","name":"Miel Le Goupil","alternateName":"Monsieur","url":"https:\/\/miel-le-goupil.fr\/","logo":{"@id":"https:\/\/miel-le-goupil.fr\/index.php\/product\/reine-vierge\/#local-main-organization-logo"},"image":{"@id":"https:\/\/miel-le-goupil.fr\/index.php\/product\/reine-vierge\/#local-main-organization-logo"},"sameAs":["https:\/\/www.facebook.com\/profile.php?id=100085690041392"],"description":"Apiculteur produisant et r\u00e9coltant du miel, mais \u00e9galement du pollen. Le site Miel-Le-Goupil est une boutique en ligne proposant des produits en lien avec l'apiculture.","legalName":"miel le goupil","foundingDate":"2024-01-01","publishingPrinciples":"https:\/\/miel-le-goupil.fr\/index.php\/politique-de-confidentialite\/","actionableFeedbackPolicy":"https:\/\/miel-le-goupil.fr\/index.php\/refund_returns\/","hasMerchantReturnPolicy":{"@type":"MerchantReturnPolicy","merchantReturnLink":"https:\/\/miel-le-goupil.fr\/index.php\/refund_returns\/"},"address":{"@id":"https:\/\/miel-le-goupil.fr\/index.php\/product\/reine-vierge\/#local-main-place-address"},"geo":{"@type":"GeoCoordinates","latitude":"50.35013876685057","longitude":"2.66141816347962"},"telephone":[],"contactPoint":{"@type":"ContactPoint","telephone":"0631607332","email":"contact@miel-le-goupil.fr"},"openingHoursSpecification":[{"@type":"OpeningHoursSpecification","dayOfWeek":["Monday","Friday"],"opens":"08:30","closes":"19:30"},{"@type":"OpeningHoursSpecification","dayOfWeek":["Tuesday","Wednesday","Thursday","Sunday"],"opens":"00:00","closes":"00:00"},{"@type":"OpeningHoursSpecification","dayOfWeek":["Saturday"],"opens":"10:00","closes":"19:30"}],"taxID":"91966321100028"},{"@type":"PostalAddress","@id":"https:\/\/miel-le-goupil.fr\/index.php\/product\/reine-vierge\/#local-main-place-address","streetAddress":"16 chemin salbert","addressLocality":"Acq","postalCode":"62144","addressCountry":"FR"},{"@type":"ImageObject","inLanguage":"fr-FR","@id":"https:\/\/miel-le-goupil.fr\/index.php\/product\/reine-vierge\/#local-main-organization-logo","url":"https:\/\/i0.wp.com\/miel-le-goupil.fr\/wp-content\/uploads\/2024\/01\/cropped-logo.png?fit=512%2C512&ssl=1","contentUrl":"https:\/\/i0.wp.com\/miel-le-goupil.fr\/wp-content\/uploads\/2024\/01\/cropped-logo.png?fit=512%2C512&ssl=1","width":512,"height":512,"caption":"Miel Le Goupil"}]},"product_price_amount":"10.00","product_price_currency":"EUR","og_availability":"out of stock","product_availability":"out of stock","product_retailer_item_id":"REINE_VIERGE","product_condition":"new","geo.placename":"Acq","geo.position":{"lat":"50.35013876685057","long":"2.66141816347962"},"geo.region":"France"},"jetpack_publicize_connections":[],"jetpack_sharing_enabled":true,"jetpack_likes_enabled":true,"jetpack-related-posts":[{"id":62,"url":"https:\/\/miel-le-goupil.fr\/index.php\/product\/reine-en-ponte\/","url_meta":{"origin":61,"position":0},"title":"Reine en ponte","author":"goupil.thomas","date":"9 janvier 2024","format":false,"excerpt":"Reine en ponte qui s'est d\u00e9velopp\u00e9 en incubateur.\u00a0Puis celle-ci est int\u00e9gr\u00e9e dans une ruchette. Contr\u00f4le de la ponte pour confirmer son bon accouplement. Elle sera marqu\u00e9e de la couleur correspondante \u00e0 l'ann\u00e9e. Les reines sont\u00a0issues d'un picking sur une ruche s\u00e9lectionn\u00e9e pour la qualit\u00e9 de la ponte, la douceur et\u2026","rel":"","context":"Article similaire","block_context":{"text":"Article similaire","link":""},"img":{"alt_text":"","src":"https:\/\/i0.wp.com\/miel-le-goupil.fr\/wp-content\/uploads\/2024\/06\/img_1850-scaled.jpeg?fit=900%2C1200&ssl=1&resize=350%2C200","width":350,"height":200,"srcset":"https:\/\/i0.wp.com\/miel-le-goupil.fr\/wp-content\/uploads\/2024\/06\/img_1850-scaled.jpeg?fit=900%2C1200&ssl=1&resize=350%2C200 1x, https:\/\/i0.wp.com\/miel-le-goupil.fr\/wp-content\/uploads\/2024\/06\/img_1850-scaled.jpeg?fit=900%2C1200&ssl=1&resize=525%2C300 1.5x, https:\/\/i0.wp.com\/miel-le-goupil.fr\/wp-content\/uploads\/2024\/06\/img_1850-scaled.jpeg?fit=900%2C1200&ssl=1&resize=700%2C400 2x"},"classes":[]},{"id":383,"url":"https:\/\/miel-le-goupil.fr\/index.php\/product\/essaim-warre\/","url_meta":{"origin":61,"position":1},"title":"Essaim Warr\u00e9 hivern\u00e9","author":"goupil.thomas","date":"15 janvier 2024","format":false,"excerpt":"Essaim Warr\u00e9 sur 8 cadres hivern\u00e9","rel":"","context":"Article similaire","block_context":{"text":"Article similaire","link":""},"img":{"alt_text":"","src":"https:\/\/i0.wp.com\/miel-le-goupil.fr\/wp-content\/uploads\/2024\/02\/img_7462-scaled.jpeg?fit=900%2C1200&ssl=1&resize=350%2C200","width":350,"height":200,"srcset":"https:\/\/i0.wp.com\/miel-le-goupil.fr\/wp-content\/uploads\/2024\/02\/img_7462-scaled.jpeg?fit=900%2C1200&ssl=1&resize=350%2C200 1x, https:\/\/i0.wp.com\/miel-le-goupil.fr\/wp-content\/uploads\/2024\/02\/img_7462-scaled.jpeg?fit=900%2C1200&ssl=1&resize=525%2C300 1.5x, https:\/\/i0.wp.com\/miel-le-goupil.fr\/wp-content\/uploads\/2024\/02\/img_7462-scaled.jpeg?fit=900%2C1200&ssl=1&resize=700%2C400 2x"},"classes":[]},{"id":393,"url":"https:\/\/miel-le-goupil.fr\/index.php\/product\/essaim-warre-de-lannee\/","url_meta":{"origin":61,"position":2},"title":"Essaim warr\u00e9 de l\u2019ann\u00e9e","author":"goupil.thomas","date":"10 f\u00e9vrier 2024","format":false,"excerpt":"Essaim Warr\u00e9 sur 8 cadres, r\u00e9alis\u00e9 durant le printemps .","rel":"","context":"Article similaire","block_context":{"text":"Article similaire","link":""},"img":{"alt_text":"","src":"https:\/\/i0.wp.com\/miel-le-goupil.fr\/wp-content\/uploads\/2024\/02\/img_7462-scaled.jpeg?fit=900%2C1200&ssl=1&resize=350%2C200","width":350,"height":200,"srcset":"https:\/\/i0.wp.com\/miel-le-goupil.fr\/wp-content\/uploads\/2024\/02\/img_7462-scaled.jpeg?fit=900%2C1200&ssl=1&resize=350%2C200 1x, https:\/\/i0.wp.com\/miel-le-goupil.fr\/wp-content\/uploads\/2024\/02\/img_7462-scaled.jpeg?fit=900%2C1200&ssl=1&resize=525%2C300 1.5x, https:\/\/i0.wp.com\/miel-le-goupil.fr\/wp-content\/uploads\/2024\/02\/img_7462-scaled.jpeg?fit=900%2C1200&ssl=1&resize=700%2C400 2x"},"classes":[]},{"id":549,"url":"https:\/\/miel-le-goupil.fr\/index.php\/product\/parrainage-formule-ruchette\/","url_meta":{"origin":61,"position":3},"title":"Parrainer une ruche &#8211; Pas-De-Calais : formule ruchette","author":"goupil.thomas","date":"30 octobre 2024","format":false,"excerpt":"Formule ruchette pour adopter une ruche situ\u00e9e dans le Pas-De-Calais.","rel":"","context":"Article similaire","block_context":{"text":"Article similaire","link":""},"img":{"alt_text":"formule parrainage ruchette","src":"https:\/\/i0.wp.com\/miel-le-goupil.fr\/wp-content\/uploads\/2025\/06\/IMG_7902.png?fit=1024%2C1024&ssl=1&resize=350%2C200","width":350,"height":200,"srcset":"https:\/\/i0.wp.com\/miel-le-goupil.fr\/wp-content\/uploads\/2025\/06\/IMG_7902.png?fit=1024%2C1024&ssl=1&resize=350%2C200 1x, https:\/\/i0.wp.com\/miel-le-goupil.fr\/wp-content\/uploads\/2025\/06\/IMG_7902.png?fit=1024%2C1024&ssl=1&resize=525%2C300 1.5x, https:\/\/i0.wp.com\/miel-le-goupil.fr\/wp-content\/uploads\/2025\/06\/IMG_7902.png?fit=1024%2C1024&ssl=1&resize=700%2C400 2x"},"classes":[]},{"id":1650,"url":"https:\/\/miel-le-goupil.fr\/index.php\/product\/parrainer-un-rucher-pas-de-calais-formule-rucher\/","url_meta":{"origin":61,"position":4},"title":"Parrainer un rucher \u2013 Pas-De-Calais : formule rucher","author":"goupil.thomas","date":"11 juin 2025","format":false,"excerpt":"Formule de parrainage pour une ruche dans le Pas-De-Calais.","rel":"","context":"Article similaire","block_context":{"text":"Article similaire","link":""},"img":{"alt_text":"formule parrainage rucher","src":"https:\/\/i0.wp.com\/miel-le-goupil.fr\/wp-content\/uploads\/2025\/06\/IMG_7900.png?fit=800%2C1200&ssl=1&resize=350%2C200","width":350,"height":200,"srcset":"https:\/\/i0.wp.com\/miel-le-goupil.fr\/wp-content\/uploads\/2025\/06\/IMG_7900.png?fit=800%2C1200&ssl=1&resize=350%2C200 1x, https:\/\/i0.wp.com\/miel-le-goupil.fr\/wp-content\/uploads\/2025\/06\/IMG_7900.png?fit=800%2C1200&ssl=1&resize=525%2C300 1.5x, https:\/\/i0.wp.com\/miel-le-goupil.fr\/wp-content\/uploads\/2025\/06\/IMG_7900.png?fit=800%2C1200&ssl=1&resize=700%2C400 2x"},"classes":[]},{"id":548,"url":"https:\/\/miel-le-goupil.fr\/index.php\/product\/adopter-formule-ruche\/","url_meta":{"origin":61,"position":5},"title":"Parrainer une ruche \u2013 Pas-De-Calais : formule ruche","author":"goupil.thomas","date":"30 octobre 2024","format":false,"excerpt":"Formule de parrainage pour une ruche dans le Pas-De-Calais.","rel":"","context":"Article similaire","block_context":{"text":"Article similaire","link":""},"img":{"alt_text":"formule parrainage ruche","src":"https:\/\/i0.wp.com\/miel-le-goupil.fr\/wp-content\/uploads\/2025\/06\/IMG_7904.png?fit=800%2C1200&ssl=1&resize=350%2C200","width":350,"height":200,"srcset":"https:\/\/i0.wp.com\/miel-le-goupil.fr\/wp-content\/uploads\/2025\/06\/IMG_7904.png?fit=800%2C1200&ssl=1&resize=350%2C200 1x, https:\/\/i0.wp.com\/miel-le-goupil.fr\/wp-content\/uploads\/2025\/06\/IMG_7904.png?fit=800%2C1200&ssl=1&resize=525%2C300 1.5x, https:\/\/i0.wp.com\/miel-le-goupil.fr\/wp-content\/uploads\/2025\/06\/IMG_7904.png?fit=800%2C1200&ssl=1&resize=700%2C400 2x"},"classes":[]}],"_links":{"self":[{"href":"https:\/\/miel-le-goupil.fr\/index.php\/wp-json\/wp\/v2\/product\/61","targetHints":{"allow":["GET"]}}],"collection":[{"href":"https:\/\/miel-le-goupil.fr\/index.php\/wp-json\/wp\/v2\/product"}],"about":[{"href":"https:\/\/miel-le-goupil.fr\/index.php\/wp-json\/wp\/v2\/types\/product"}],"replies":[{"embeddable":true,"href":"https:\/\/miel-le-goupil.fr\/index.php\/wp-json\/wp\/v2\/comments?post=61"}],"wp:featuredmedia":[{"embeddable":true,"href":"https:\/\/miel-le-goupil.fr\/index.php\/wp-json\/wp\/v2\/media\/516"}],"wp:attachment":[{"href":"https:\/\/miel-le-goupil.fr\/index.php\/wp-json\/wp\/v2\/media?parent=61"}],"wp:term":[{"taxonomy":"product_brand","embeddable":true,"href":"https:\/\/miel-le-goupil.fr\/index.php\/wp-json\/wp\/v2\/product_brand?post=61"},{"taxonomy":"product_cat","embeddable":true,"href":"https:\/\/miel-le-goupil.fr\/index.php\/wp-json\/wp\/v2\/product_cat?post=61"},{"taxonomy":"product_tag","embeddable":true,"href":"https:\/\/miel-le-goupil.fr\/index.php\/wp-json\/wp\/v2\/product_tag?post=61"}],"curies":[{"name":"wp","href":"https:\/\/api.w.org\/{rel}","templated":true}]}}