{"id":675,"date":"2024-12-04T11:35:38","date_gmt":"2024-12-04T10:35:38","guid":{"rendered":"https:\/\/miel-le-goupil.fr\/?post_type=product&#038;p=675"},"modified":"2026-01-29T14:40:48","modified_gmt":"2026-01-29T13:40:48","slug":"bougie-plate-cadre-de-miel","status":"publish","type":"product","link":"https:\/\/miel-le-goupil.fr\/index.php\/product\/bougie-plate-cadre-de-miel\/","title":{"rendered":"Bougie plate cadre de miel"},"content":{"rendered":"<h2>Bougie plate \u00ab\u00a0cadre de miel\u00a0\u00bb<\/h2>\n<h3>Embellissez votre espace avec cette petite bougie plate \u00ab\u00a0cadre de miel\u00a0\u00bb repr\u00e9sentant une abeille sur un rayon de cire.<\/h3>\n<p>La petite bougie \u00ab\u00a0abeille\u00a0\u00bb toute plate est un accessoire d\u00e9coratif parfait pour apporter une touche chaleureuse \u00e0 votre int\u00e9rieur. Sa taille compacte la rend id\u00e9ale pour toutes les pi\u00e8ces, que ce soit dans le salon, la chambre ou m\u00eame la salle de bain.<\/p>\n<h3>Un parfum doux et naturel<\/h3>\n<p>Cette bougie en cire d&rsquo;abeille offre une combustion propre et durable. Son parfum naturel est inspir\u00e9 par la beaut\u00e9 des abeilles, \u00e9voquant la douceur et l\u2019harmonie de la nature, cr\u00e9ant ainsi une atmosph\u00e8re relaxante.<\/p>\n<h3>Un cadeau id\u00e9al<\/h3>\n<p>Cette petite bougie plate \u00ab\u00a0cadre de miel\u00a0\u00bb, est id\u00e9ale pour faire une composition. Cet objet \u00e9l\u00e9gant saura s\u00e9duire tous les amateurs de d\u00e9coration et d\u2019ambiances apaisantes.<\/p>\n<h3>Composition<\/h3>\n<p>Cire d&rsquo;abeilles provenant de nos ruches.<\/p>\n<h3>Poids<\/h3>\n<p>Bougie en cire d&rsquo;abeilles de 34 g<\/p>\n<p>La page Facebook : <a href=\"https:\/\/www.facebook.com\/profile.php?id=61569678369221\">https:\/\/www.facebook.com\/profile.php?id=61569678369221<\/a><\/p>\n","protected":false},"excerpt":{"rendered":"<p>Petite bougie plate \u00ab\u00a0cadre de miel\u00a0\u00bb<\/p>\n","protected":false},"featured_media":684,"comment_status":"open","ping_status":"closed","template":"","meta":{"ocean_post_layout":"","ocean_both_sidebars_style":"","ocean_both_sidebars_content_width":0,"ocean_both_sidebars_sidebars_width":0,"ocean_sidebar":"0","ocean_second_sidebar":"0","ocean_disable_margins":"enable","ocean_add_body_class":"","ocean_shortcode_before_top_bar":"","ocean_shortcode_after_top_bar":"","ocean_shortcode_before_header":"","ocean_shortcode_after_header":"","ocean_has_shortcode":"","ocean_shortcode_after_title":"","ocean_shortcode_before_footer_widgets":"","ocean_shortcode_after_footer_widgets":"","ocean_shortcode_before_footer_bottom":"","ocean_shortcode_after_footer_bottom":"","ocean_display_top_bar":"default","ocean_display_header":"default","ocean_header_style":"","ocean_center_header_left_menu":"0","ocean_custom_header_template":"0","ocean_custom_logo":0,"ocean_custom_retina_logo":0,"ocean_custom_logo_max_width":0,"ocean_custom_logo_tablet_max_width":0,"ocean_custom_logo_mobile_max_width":0,"ocean_custom_logo_max_height":0,"ocean_custom_logo_tablet_max_height":0,"ocean_custom_logo_mobile_max_height":0,"ocean_header_custom_menu":"0","ocean_menu_typo_font_family":"0","ocean_menu_typo_font_subset":"","ocean_menu_typo_font_size":0,"ocean_menu_typo_font_size_tablet":0,"ocean_menu_typo_font_size_mobile":0,"ocean_menu_typo_font_size_unit":"px","ocean_menu_typo_font_weight":"","ocean_menu_typo_font_weight_tablet":"","ocean_menu_typo_font_weight_mobile":"","ocean_menu_typo_transform":"","ocean_menu_typo_transform_tablet":"","ocean_menu_typo_transform_mobile":"","ocean_menu_typo_line_height":0,"ocean_menu_typo_line_height_tablet":0,"ocean_menu_typo_line_height_mobile":0,"ocean_menu_typo_line_height_unit":"","ocean_menu_typo_spacing":0,"ocean_menu_typo_spacing_tablet":0,"ocean_menu_typo_spacing_mobile":0,"ocean_menu_typo_spacing_unit":"","ocean_menu_link_color":"","ocean_menu_link_color_hover":"","ocean_menu_link_color_active":"","ocean_menu_link_background":"","ocean_menu_link_hover_background":"","ocean_menu_link_active_background":"","ocean_menu_social_links_bg":"","ocean_menu_social_hover_links_bg":"","ocean_menu_social_links_color":"","ocean_menu_social_hover_links_color":"","ocean_disable_title":"default","ocean_disable_heading":"default","ocean_post_title":"","ocean_post_subheading":"","ocean_post_title_style":"","ocean_post_title_background_color":"","ocean_post_title_background":0,"ocean_post_title_bg_image_position":"","ocean_post_title_bg_image_attachment":"","ocean_post_title_bg_image_repeat":"","ocean_post_title_bg_image_size":"","ocean_post_title_height":0,"ocean_post_title_bg_overlay":0.5,"ocean_post_title_bg_overlay_color":"","ocean_disable_breadcrumbs":"default","ocean_breadcrumbs_color":"","ocean_breadcrumbs_separator_color":"","ocean_breadcrumbs_links_color":"","ocean_breadcrumbs_links_hover_color":"","ocean_display_footer_widgets":"default","ocean_display_footer_bottom":"default","ocean_custom_footer_template":"0","jetpack_post_was_ever_published":false,"jetpack_publicize_message":"","jetpack_publicize_feature_enabled":true,"jetpack_social_post_already_shared":false,"jetpack_social_options":{"image_generator_settings":{"template":"highway","default_image_id":0,"font":"","enabled":false},"version":2}},"product_brand":[],"product_cat":[149,28],"product_tag":[],"class_list":{"0":"post-675","1":"product","2":"type-product","3":"status-publish","4":"has-post-thumbnail","6":"product_cat-apiculture","7":"product_cat-bougies","8":"product_shipping_class-bougies","10":"entry","11":"has-media","13":"first","14":"instock","15":"shipping-taxable","16":"purchasable","17":"product-type-simple","18":"has-product-nav","19":"col","20":"span_1_of_5","21":"owp-content-center","22":"owp-thumbs-layout-horizontal","23":"owp-btn-normal","24":"owp-tabs-layout-section"},"yoast_head":"<!-- This site is optimized with the Yoast SEO Premium plugin v26.5 (Yoast SEO v27.3) - https:\/\/yoast.com\/product\/yoast-seo-premium-wordpress\/ -->\n<title>petite Bougie plate sur le th\u00e8me des abeilles | Miel-Le-Goupil<\/title>\n<meta name=\"description\" content=\"Ajoutez une touche de chaleur \u00e0 votre int\u00e9rieur avec cette petite bougie plate repr\u00e9sentnat une abeille sur son rayon de cire. \ud83d\udc1d\ud83d\udd6f\ufe0f\" \/>\n<meta name=\"robots\" content=\"index, follow, max-snippet:-1, max-image-preview:large, max-video-preview:-1\" \/>\n<link rel=\"canonical\" href=\"https:\/\/miel-le-goupil.fr\/index.php\/product\/bougie-plate-cadre-de-miel\/\" \/>\n<meta property=\"og:locale\" content=\"fr_FR\" \/>\n<meta property=\"og:type\" content=\"article\" \/>\n<meta property=\"og:title\" content=\"petite Bougie plate abeille : une touche chaleureuse pour votre int\u00e9rieur\" \/>\n<meta property=\"og:description\" content=\"Cr\u00e9ez une ambiance chaleureuse et relaxante avec notre petite bougie plate abeille. Parfum\u00e9e et fabriqu\u00e9e avec de la cire d&#039;abeille naturelle, elle est parfaite pour toutes les pi\u00e8ces de la maison. \ud83d\udd6f\ufe0f\" \/>\n<meta property=\"og:url\" content=\"https:\/\/miel-le-goupil.fr\/index.php\/product\/bougie-plate-cadre-de-miel\/\" \/>\n<meta property=\"og:site_name\" content=\"Miel Le Goupil\" \/>\n<meta property=\"article:publisher\" content=\"https:\/\/www.facebook.com\/profile.php?id=100085690041392\" \/>\n<meta property=\"article:modified_time\" content=\"2026-01-29T13:40:48+00:00\" \/>\n<meta property=\"og:image\" content=\"https:\/\/miel-le-goupil.fr\/wp-content\/uploads\/2024\/12\/img_5278-scaled-e1733392477448.jpeg\" \/>\n\t<meta property=\"og:image:width\" content=\"1920\" \/>\n\t<meta property=\"og:image:height\" content=\"1527\" \/>\n\t<meta property=\"og:image:type\" content=\"image\/jpeg\" \/>\n<meta name=\"twitter:card\" content=\"summary_large_image\" \/>\n<meta name=\"twitter:title\" content=\"Bougie plate cadre de miel\" \/>\n<meta name=\"twitter:label1\" content=\"Prix\" \/>\n\t<meta name=\"twitter:data1\" content=\"1,50&nbsp;&euro;\" \/>\n\t<meta name=\"twitter:label2\" content=\"Disponibilit\u00e9\" \/>\n\t<meta name=\"twitter:data2\" content=\"En stock\" \/>\n<script type=\"application\/ld+json\" class=\"yoast-schema-graph\">{\"@context\":\"https:\\\/\\\/schema.org\",\"@graph\":[{\"@type\":\"WebPage\",\"@id\":\"https:\\\/\\\/miel-le-goupil.fr\\\/index.php\\\/product\\\/bougie-plate-cadre-de-miel\\\/\",\"url\":\"https:\\\/\\\/miel-le-goupil.fr\\\/index.php\\\/product\\\/bougie-plate-cadre-de-miel\\\/\",\"name\":\"petite Bougie plate sur le th\u00e8me des abeilles | Miel-Le-Goupil\",\"isPartOf\":{\"@id\":\"https:\\\/\\\/miel-le-goupil.fr\\\/#website\"},\"primaryImageOfPage\":{\"@id\":\"https:\\\/\\\/miel-le-goupil.fr\\\/index.php\\\/product\\\/bougie-plate-cadre-de-miel\\\/#primaryimage\"},\"image\":{\"@id\":\"https:\\\/\\\/miel-le-goupil.fr\\\/index.php\\\/product\\\/bougie-plate-cadre-de-miel\\\/#primaryimage\"},\"thumbnailUrl\":\"https:\\\/\\\/i0.wp.com\\\/miel-le-goupil.fr\\\/wp-content\\\/uploads\\\/2024\\\/12\\\/img_5278-scaled-e1733392477448.jpeg?fit=1920%2C1527&ssl=1\",\"datePublished\":\"2024-12-04T10:35:38+00:00\",\"dateModified\":\"2026-01-29T13:40:48+00:00\",\"description\":\"Ajoutez une touche de chaleur \u00e0 votre int\u00e9rieur avec cette petite bougie plate repr\u00e9sentnat une abeille sur son rayon de cire. \ud83d\udc1d\ud83d\udd6f\ufe0f\",\"breadcrumb\":{\"@id\":\"https:\\\/\\\/miel-le-goupil.fr\\\/index.php\\\/product\\\/bougie-plate-cadre-de-miel\\\/#breadcrumb\"},\"inLanguage\":\"fr-FR\",\"potentialAction\":[{\"@type\":\"ReadAction\",\"target\":[\"https:\\\/\\\/miel-le-goupil.fr\\\/index.php\\\/product\\\/bougie-plate-cadre-de-miel\\\/\"]}]},{\"@type\":\"ImageObject\",\"inLanguage\":\"fr-FR\",\"@id\":\"https:\\\/\\\/miel-le-goupil.fr\\\/index.php\\\/product\\\/bougie-plate-cadre-de-miel\\\/#primaryimage\",\"url\":\"https:\\\/\\\/i0.wp.com\\\/miel-le-goupil.fr\\\/wp-content\\\/uploads\\\/2024\\\/12\\\/img_5278-scaled-e1733392477448.jpeg?fit=1920%2C1527&ssl=1\",\"contentUrl\":\"https:\\\/\\\/i0.wp.com\\\/miel-le-goupil.fr\\\/wp-content\\\/uploads\\\/2024\\\/12\\\/img_5278-scaled-e1733392477448.jpeg?fit=1920%2C1527&ssl=1\",\"width\":1920,\"height\":1527,\"caption\":\"Bougie plate\"},{\"@type\":\"BreadcrumbList\",\"@id\":\"https:\\\/\\\/miel-le-goupil.fr\\\/index.php\\\/product\\\/bougie-plate-cadre-de-miel\\\/#breadcrumb\",\"itemListElement\":[{\"@type\":\"ListItem\",\"position\":1,\"name\":\"Accueil\",\"item\":\"https:\\\/\\\/miel-le-goupil.fr\\\/\"},{\"@type\":\"ListItem\",\"position\":2,\"name\":\"Boutique\",\"item\":\"https:\\\/\\\/miel-le-goupil.fr\\\/index.php\\\/shop\\\/\"},{\"@type\":\"ListItem\",\"position\":3,\"name\":\"Bougie plate cadre de miel\"}]},{\"@type\":\"WebSite\",\"@id\":\"https:\\\/\\\/miel-le-goupil.fr\\\/#website\",\"url\":\"https:\\\/\\\/miel-le-goupil.fr\\\/\",\"name\":\"Miel-Le-Goupil\",\"description\":\"Vente de miels le Goupil - producteur r\u00e9coltant\",\"publisher\":{\"@id\":\"https:\\\/\\\/miel-le-goupil.fr\\\/#organization\"},\"alternateName\":\"Miel Le Goupil\",\"potentialAction\":[{\"@type\":\"SearchAction\",\"target\":{\"@type\":\"EntryPoint\",\"urlTemplate\":\"https:\\\/\\\/miel-le-goupil.fr\\\/?s={search_term_string}\"},\"query-input\":{\"@type\":\"PropertyValueSpecification\",\"valueRequired\":true,\"valueName\":\"search_term_string\"}}],\"inLanguage\":\"fr-FR\"},{\"@type\":[\"Organization\",\"Place\"],\"@id\":\"https:\\\/\\\/miel-le-goupil.fr\\\/#organization\",\"name\":\"Miel Le Goupil\",\"alternateName\":\"Monsieur\",\"url\":\"https:\\\/\\\/miel-le-goupil.fr\\\/\",\"logo\":{\"@id\":\"https:\\\/\\\/miel-le-goupil.fr\\\/index.php\\\/product\\\/bougie-plate-cadre-de-miel\\\/#local-main-organization-logo\"},\"image\":{\"@id\":\"https:\\\/\\\/miel-le-goupil.fr\\\/index.php\\\/product\\\/bougie-plate-cadre-de-miel\\\/#local-main-organization-logo\"},\"sameAs\":[\"https:\\\/\\\/www.facebook.com\\\/profile.php?id=100085690041392\"],\"description\":\"Apiculteur produisant et r\u00e9coltant du miel, mais \u00e9galement du pollen. Le site Miel-Le-Goupil est une boutique en ligne proposant des produits en lien avec l'apiculture.\",\"legalName\":\"miel le goupil\",\"foundingDate\":\"2024-01-01\",\"publishingPrinciples\":\"https:\\\/\\\/miel-le-goupil.fr\\\/index.php\\\/politique-de-confidentialite\\\/\",\"actionableFeedbackPolicy\":\"https:\\\/\\\/miel-le-goupil.fr\\\/index.php\\\/refund_returns\\\/\",\"hasMerchantReturnPolicy\":{\"@type\":\"MerchantReturnPolicy\",\"merchantReturnLink\":\"https:\\\/\\\/miel-le-goupil.fr\\\/index.php\\\/refund_returns\\\/\"},\"address\":{\"@id\":\"https:\\\/\\\/miel-le-goupil.fr\\\/index.php\\\/product\\\/bougie-plate-cadre-de-miel\\\/#local-main-place-address\"},\"geo\":{\"@type\":\"GeoCoordinates\",\"latitude\":\"50.35013876685057\",\"longitude\":\"2.66141816347962\"},\"telephone\":[],\"contactPoint\":{\"@type\":\"ContactPoint\",\"telephone\":\"0631607332\",\"email\":\"contact@miel-le-goupil.fr\"},\"openingHoursSpecification\":[{\"@type\":\"OpeningHoursSpecification\",\"dayOfWeek\":[\"Monday\",\"Friday\"],\"opens\":\"08:30\",\"closes\":\"19:30\"},{\"@type\":\"OpeningHoursSpecification\",\"dayOfWeek\":[\"Tuesday\",\"Wednesday\",\"Thursday\",\"Sunday\"],\"opens\":\"00:00\",\"closes\":\"00:00\"},{\"@type\":\"OpeningHoursSpecification\",\"dayOfWeek\":[\"Saturday\"],\"opens\":\"10:00\",\"closes\":\"19:30\"}],\"taxID\":\"91966321100028\"},{\"@type\":\"PostalAddress\",\"@id\":\"https:\\\/\\\/miel-le-goupil.fr\\\/index.php\\\/product\\\/bougie-plate-cadre-de-miel\\\/#local-main-place-address\",\"streetAddress\":\"16 chemin salbert\",\"addressLocality\":\"Acq\",\"postalCode\":\"62144\",\"addressCountry\":\"FR\"},{\"@type\":\"ImageObject\",\"inLanguage\":\"fr-FR\",\"@id\":\"https:\\\/\\\/miel-le-goupil.fr\\\/index.php\\\/product\\\/bougie-plate-cadre-de-miel\\\/#local-main-organization-logo\",\"url\":\"https:\\\/\\\/i0.wp.com\\\/miel-le-goupil.fr\\\/wp-content\\\/uploads\\\/2024\\\/01\\\/cropped-logo.png?fit=512%2C512&ssl=1\",\"contentUrl\":\"https:\\\/\\\/i0.wp.com\\\/miel-le-goupil.fr\\\/wp-content\\\/uploads\\\/2024\\\/01\\\/cropped-logo.png?fit=512%2C512&ssl=1\",\"width\":512,\"height\":512,\"caption\":\"Miel Le Goupil\"}]}<\/script>\n<meta property=\"product:price:amount\" content=\"1.50\" \/>\n<meta property=\"product:price:currency\" content=\"EUR\" \/>\n<meta property=\"og:availability\" content=\"instock\" \/>\n<meta property=\"product:availability\" content=\"instock\" \/>\n<meta property=\"product:retailer_item_id\" content=\"BOUGIE-PLATE\" \/>\n<meta property=\"product:condition\" content=\"new\" \/>\n<meta name=\"geo.placename\" content=\"Acq\" \/>\n<meta name=\"geo.position\" content=\"50.35013876685057;2.66141816347962\" \/>\n<meta name=\"geo.region\" content=\"France\" \/>\n<!-- \/ Yoast SEO Premium plugin. -->","yoast_head_json":{"title":"petite Bougie plate sur le th\u00e8me des abeilles | Miel-Le-Goupil","description":"Ajoutez une touche de chaleur \u00e0 votre int\u00e9rieur avec cette petite bougie plate repr\u00e9sentnat une abeille sur son rayon de cire. \ud83d\udc1d\ud83d\udd6f\ufe0f","robots":{"index":"index","follow":"follow","max-snippet":"max-snippet:-1","max-image-preview":"max-image-preview:large","max-video-preview":"max-video-preview:-1"},"canonical":"https:\/\/miel-le-goupil.fr\/index.php\/product\/bougie-plate-cadre-de-miel\/","og_locale":"fr_FR","og_type":"article","og_title":"petite Bougie plate abeille : une touche chaleureuse pour votre int\u00e9rieur","og_description":"Cr\u00e9ez une ambiance chaleureuse et relaxante avec notre petite bougie plate abeille. Parfum\u00e9e et fabriqu\u00e9e avec de la cire d'abeille naturelle, elle est parfaite pour toutes les pi\u00e8ces de la maison. \ud83d\udd6f\ufe0f","og_url":"https:\/\/miel-le-goupil.fr\/index.php\/product\/bougie-plate-cadre-de-miel\/","og_site_name":"Miel Le Goupil","article_publisher":"https:\/\/www.facebook.com\/profile.php?id=100085690041392","article_modified_time":"2026-01-29T13:40:48+00:00","og_image":[{"width":1920,"height":1527,"url":"https:\/\/miel-le-goupil.fr\/wp-content\/uploads\/2024\/12\/img_5278-scaled-e1733392477448.jpeg","type":"image\/jpeg"}],"twitter_card":"summary_large_image","twitter_title":"Bougie plate cadre de miel","twitter_misc":{"Prix":"1,50&nbsp;&euro;","Disponibilit\u00e9":"En stock"},"schema":{"@context":"https:\/\/schema.org","@graph":[{"@type":"WebPage","@id":"https:\/\/miel-le-goupil.fr\/index.php\/product\/bougie-plate-cadre-de-miel\/","url":"https:\/\/miel-le-goupil.fr\/index.php\/product\/bougie-plate-cadre-de-miel\/","name":"petite Bougie plate sur le th\u00e8me des abeilles | Miel-Le-Goupil","isPartOf":{"@id":"https:\/\/miel-le-goupil.fr\/#website"},"primaryImageOfPage":{"@id":"https:\/\/miel-le-goupil.fr\/index.php\/product\/bougie-plate-cadre-de-miel\/#primaryimage"},"image":{"@id":"https:\/\/miel-le-goupil.fr\/index.php\/product\/bougie-plate-cadre-de-miel\/#primaryimage"},"thumbnailUrl":"https:\/\/i0.wp.com\/miel-le-goupil.fr\/wp-content\/uploads\/2024\/12\/img_5278-scaled-e1733392477448.jpeg?fit=1920%2C1527&ssl=1","datePublished":"2024-12-04T10:35:38+00:00","dateModified":"2026-01-29T13:40:48+00:00","description":"Ajoutez une touche de chaleur \u00e0 votre int\u00e9rieur avec cette petite bougie plate repr\u00e9sentnat une abeille sur son rayon de cire. \ud83d\udc1d\ud83d\udd6f\ufe0f","breadcrumb":{"@id":"https:\/\/miel-le-goupil.fr\/index.php\/product\/bougie-plate-cadre-de-miel\/#breadcrumb"},"inLanguage":"fr-FR","potentialAction":[{"@type":"ReadAction","target":["https:\/\/miel-le-goupil.fr\/index.php\/product\/bougie-plate-cadre-de-miel\/"]}]},{"@type":"ImageObject","inLanguage":"fr-FR","@id":"https:\/\/miel-le-goupil.fr\/index.php\/product\/bougie-plate-cadre-de-miel\/#primaryimage","url":"https:\/\/i0.wp.com\/miel-le-goupil.fr\/wp-content\/uploads\/2024\/12\/img_5278-scaled-e1733392477448.jpeg?fit=1920%2C1527&ssl=1","contentUrl":"https:\/\/i0.wp.com\/miel-le-goupil.fr\/wp-content\/uploads\/2024\/12\/img_5278-scaled-e1733392477448.jpeg?fit=1920%2C1527&ssl=1","width":1920,"height":1527,"caption":"Bougie plate"},{"@type":"BreadcrumbList","@id":"https:\/\/miel-le-goupil.fr\/index.php\/product\/bougie-plate-cadre-de-miel\/#breadcrumb","itemListElement":[{"@type":"ListItem","position":1,"name":"Accueil","item":"https:\/\/miel-le-goupil.fr\/"},{"@type":"ListItem","position":2,"name":"Boutique","item":"https:\/\/miel-le-goupil.fr\/index.php\/shop\/"},{"@type":"ListItem","position":3,"name":"Bougie plate cadre de miel"}]},{"@type":"WebSite","@id":"https:\/\/miel-le-goupil.fr\/#website","url":"https:\/\/miel-le-goupil.fr\/","name":"Miel-Le-Goupil","description":"Vente de miels le Goupil - producteur r\u00e9coltant","publisher":{"@id":"https:\/\/miel-le-goupil.fr\/#organization"},"alternateName":"Miel Le Goupil","potentialAction":[{"@type":"SearchAction","target":{"@type":"EntryPoint","urlTemplate":"https:\/\/miel-le-goupil.fr\/?s={search_term_string}"},"query-input":{"@type":"PropertyValueSpecification","valueRequired":true,"valueName":"search_term_string"}}],"inLanguage":"fr-FR"},{"@type":["Organization","Place"],"@id":"https:\/\/miel-le-goupil.fr\/#organization","name":"Miel Le Goupil","alternateName":"Monsieur","url":"https:\/\/miel-le-goupil.fr\/","logo":{"@id":"https:\/\/miel-le-goupil.fr\/index.php\/product\/bougie-plate-cadre-de-miel\/#local-main-organization-logo"},"image":{"@id":"https:\/\/miel-le-goupil.fr\/index.php\/product\/bougie-plate-cadre-de-miel\/#local-main-organization-logo"},"sameAs":["https:\/\/www.facebook.com\/profile.php?id=100085690041392"],"description":"Apiculteur produisant et r\u00e9coltant du miel, mais \u00e9galement du pollen. Le site Miel-Le-Goupil est une boutique en ligne proposant des produits en lien avec l'apiculture.","legalName":"miel le goupil","foundingDate":"2024-01-01","publishingPrinciples":"https:\/\/miel-le-goupil.fr\/index.php\/politique-de-confidentialite\/","actionableFeedbackPolicy":"https:\/\/miel-le-goupil.fr\/index.php\/refund_returns\/","hasMerchantReturnPolicy":{"@type":"MerchantReturnPolicy","merchantReturnLink":"https:\/\/miel-le-goupil.fr\/index.php\/refund_returns\/"},"address":{"@id":"https:\/\/miel-le-goupil.fr\/index.php\/product\/bougie-plate-cadre-de-miel\/#local-main-place-address"},"geo":{"@type":"GeoCoordinates","latitude":"50.35013876685057","longitude":"2.66141816347962"},"telephone":[],"contactPoint":{"@type":"ContactPoint","telephone":"0631607332","email":"contact@miel-le-goupil.fr"},"openingHoursSpecification":[{"@type":"OpeningHoursSpecification","dayOfWeek":["Monday","Friday"],"opens":"08:30","closes":"19:30"},{"@type":"OpeningHoursSpecification","dayOfWeek":["Tuesday","Wednesday","Thursday","Sunday"],"opens":"00:00","closes":"00:00"},{"@type":"OpeningHoursSpecification","dayOfWeek":["Saturday"],"opens":"10:00","closes":"19:30"}],"taxID":"91966321100028"},{"@type":"PostalAddress","@id":"https:\/\/miel-le-goupil.fr\/index.php\/product\/bougie-plate-cadre-de-miel\/#local-main-place-address","streetAddress":"16 chemin salbert","addressLocality":"Acq","postalCode":"62144","addressCountry":"FR"},{"@type":"ImageObject","inLanguage":"fr-FR","@id":"https:\/\/miel-le-goupil.fr\/index.php\/product\/bougie-plate-cadre-de-miel\/#local-main-organization-logo","url":"https:\/\/i0.wp.com\/miel-le-goupil.fr\/wp-content\/uploads\/2024\/01\/cropped-logo.png?fit=512%2C512&ssl=1","contentUrl":"https:\/\/i0.wp.com\/miel-le-goupil.fr\/wp-content\/uploads\/2024\/01\/cropped-logo.png?fit=512%2C512&ssl=1","width":512,"height":512,"caption":"Miel Le Goupil"}]},"product_price_amount":"1.50","product_price_currency":"EUR","og_availability":"instock","product_availability":"instock","product_retailer_item_id":"BOUGIE-PLATE","product_condition":"new","geo.placename":"Acq","geo.position":{"lat":"50.35013876685057","long":"2.66141816347962"},"geo.region":"France"},"jetpack_publicize_connections":[],"jetpack_sharing_enabled":true,"jetpack_likes_enabled":true,"jetpack-related-posts":[{"id":308,"url":"https:\/\/miel-le-goupil.fr\/index.php\/product\/mini-bougie\/","url_meta":{"origin":675,"position":0},"title":"Petite Bougie : Ruche Paille","author":"goupil.thomas","date":"10 janvier 2024","format":false,"excerpt":"Mini Bougie en cire d'abeille.","rel":"","context":"Article similaire","block_context":{"text":"Article similaire","link":""},"img":{"alt_text":"Petite bougie abeille","src":"https:\/\/i0.wp.com\/miel-le-goupil.fr\/wp-content\/uploads\/2024\/12\/img_5254-scaled.jpeg?fit=900%2C1200&ssl=1&resize=350%2C200","width":350,"height":200,"srcset":"https:\/\/i0.wp.com\/miel-le-goupil.fr\/wp-content\/uploads\/2024\/12\/img_5254-scaled.jpeg?fit=900%2C1200&ssl=1&resize=350%2C200 1x, https:\/\/i0.wp.com\/miel-le-goupil.fr\/wp-content\/uploads\/2024\/12\/img_5254-scaled.jpeg?fit=900%2C1200&ssl=1&resize=525%2C300 1.5x, https:\/\/i0.wp.com\/miel-le-goupil.fr\/wp-content\/uploads\/2024\/12\/img_5254-scaled.jpeg?fit=900%2C1200&ssl=1&resize=700%2C400 2x"},"classes":[]},{"id":1796,"url":"https:\/\/miel-le-goupil.fr\/index.php\/product\/bougie-miel-le-goupil\/","url_meta":{"origin":675,"position":1},"title":"Bougie Miel Le Goupil","author":"goupil.thomas","date":"13 d\u00e9cembre 2025","format":false,"excerpt":"Bougie renard artisanale en cire d\u2019abeille naturelle. Parfum miel, d\u00e9tails soign\u00e9s et combustion lente. Une d\u00e9coration chaleureuse et originale.","rel":"","context":"Article similaire","block_context":{"text":"Article similaire","link":""},"img":{"alt_text":"","src":"","width":0,"height":0},"classes":[]},{"id":1781,"url":"https:\/\/miel-le-goupil.fr\/index.php\/product\/minou\/","url_meta":{"origin":675,"position":2},"title":"Minou","author":"goupil.thomas","date":"12 d\u00e9cembre 2025","format":false,"excerpt":"Bougie Chat en Cire d\u2019Abeille \u2013 Bougie Artisanale 100% Naturelle D\u00e9couvrez notre bougie chat en cire d\u2019abeille, enti\u00e8rement fabriqu\u00e9e \u00e0 la main \u00e0 partir de la cire r\u00e9colt\u00e9e dans nos propres ruches. Cette bougie artisanale allie esth\u00e9tisme, parfum naturel et fabrication responsable. Id\u00e9ale pour d\u00e9corer un int\u00e9rieur ou offrir un\u2026","rel":"","context":"Article similaire","block_context":{"text":"Article similaire","link":""},"img":{"alt_text":"","src":"","width":0,"height":0},"classes":[]},{"id":1794,"url":"https:\/\/miel-le-goupil.fr\/index.php\/product\/bougie-cadeau-de-noel-abeilles\/","url_meta":{"origin":675,"position":3},"title":"Bougie Cadeau de No\u00ebl abeilles","author":"goupil.thomas","date":"13 d\u00e9cembre 2025","format":false,"excerpt":"Bougie cadeau de No\u00ebl en cire d\u2019abeille naturelle. Artisanale, parfum miel, id\u00e9ale pour une d\u00e9co chaleureuse et festive ou un cadeau original.","rel":"","context":"Article similaire","block_context":{"text":"Article similaire","link":""},"img":{"alt_text":"","src":"","width":0,"height":0},"classes":[]},{"id":1790,"url":"https:\/\/miel-le-goupil.fr\/index.php\/product\/bougie-herisson-xl\/","url_meta":{"origin":675,"position":4},"title":"Bougie H\u00e9risson XL","author":"goupil.thomas","date":"13 d\u00e9cembre 2025","format":false,"excerpt":"Bougie h\u00e9risson artisanale en cire d\u2019abeille naturelle. Parfum doux de miel, combustion lente et design d\u00e9taill\u00e9. Un cadeau original et chaleureux.","rel":"","context":"Article similaire","block_context":{"text":"Article similaire","link":""},"img":{"alt_text":"","src":"","width":0,"height":0},"classes":[]},{"id":1792,"url":"https:\/\/miel-le-goupil.fr\/index.php\/product\/bougie_cadeau_noel\/","url_meta":{"origin":675,"position":5},"title":"Bougie en cadeau de No\u00ebl","author":"goupil.thomas","date":"13 d\u00e9cembre 2025","format":false,"excerpt":"Bougie cadeau de No\u00ebl en cire d\u2019abeille naturelle. Artisanale, parfum miel, id\u00e9ale pour une d\u00e9co chaleureuse et festive ou un cadeau original.","rel":"","context":"Article similaire","block_context":{"text":"Article similaire","link":""},"img":{"alt_text":"","src":"","width":0,"height":0},"classes":[]}],"_links":{"self":[{"href":"https:\/\/miel-le-goupil.fr\/index.php\/wp-json\/wp\/v2\/product\/675","targetHints":{"allow":["GET"]}}],"collection":[{"href":"https:\/\/miel-le-goupil.fr\/index.php\/wp-json\/wp\/v2\/product"}],"about":[{"href":"https:\/\/miel-le-goupil.fr\/index.php\/wp-json\/wp\/v2\/types\/product"}],"replies":[{"embeddable":true,"href":"https:\/\/miel-le-goupil.fr\/index.php\/wp-json\/wp\/v2\/comments?post=675"}],"wp:featuredmedia":[{"embeddable":true,"href":"https:\/\/miel-le-goupil.fr\/index.php\/wp-json\/wp\/v2\/media\/684"}],"wp:attachment":[{"href":"https:\/\/miel-le-goupil.fr\/index.php\/wp-json\/wp\/v2\/media?parent=675"}],"wp:term":[{"taxonomy":"product_brand","embeddable":true,"href":"https:\/\/miel-le-goupil.fr\/index.php\/wp-json\/wp\/v2\/product_brand?post=675"},{"taxonomy":"product_cat","embeddable":true,"href":"https:\/\/miel-le-goupil.fr\/index.php\/wp-json\/wp\/v2\/product_cat?post=675"},{"taxonomy":"product_tag","embeddable":true,"href":"https:\/\/miel-le-goupil.fr\/index.php\/wp-json\/wp\/v2\/product_tag?post=675"}],"curies":[{"name":"wp","href":"https:\/\/api.w.org\/{rel}","templated":true}]}}